{"id":123,"date":"2016-07-26T12:40:10","date_gmt":"2016-07-26T10:40:10","guid":{"rendered":"http:\/\/www.becker-medsolutions.eu\/med\/?page_id=123"},"modified":"2026-03-05T11:28:41","modified_gmt":"2026-03-05T10:28:41","slug":"masterpersonanalysis","status":"publish","type":"page","link":"https:\/\/www.becker-medsolutions.eu\/med\/masterpersonanalysis\/","title":{"rendered":"Master Person Analysis"},"content":{"rendered":"\n<style type=\"text\/css\" data-created_by=\"avia_inline_auto\" id=\"style-css-av-1731ab-4bd939abb28402bdb4bccb4908adba27\">\n.avia-image-container.av-1731ab-4bd939abb28402bdb4bccb4908adba27 .av-image-caption-overlay-center{\ncolor:#ffffff;\n}\n<\/style>\n<div  class='avia-image-container av-1731ab-4bd939abb28402bdb4bccb4908adba27 av-styling-no-styling avia-align-center  avia-builder-el-0  el_before_av_hr  avia-builder-el-first '  itemprop=\"image\" itemscope=\"itemscope\" itemtype=\"https:\/\/schema.org\/ImageObject\" ><div class=\"avia-image-container-inner\"><div class=\"avia-image-overlay-wrap\"><img decoding=\"async\" class='wp-image-3016 avia-img-lazy-loading-not-3016 avia_image' src=\"https:\/\/www.becker-medsolutions.eu\/med\/wp-content\/uploads\/potenzanalyse.jpg\" alt='' title='potenzanalyse'  height=\"430\" width=\"1500\"  itemprop=\"thumbnailUrl\" srcset=\"https:\/\/www.becker-medsolutions.eu\/med\/wp-content\/uploads\/potenzanalyse.jpg 1500w, https:\/\/www.becker-medsolutions.eu\/med\/wp-content\/uploads\/potenzanalyse-300x86.jpg 300w, https:\/\/www.becker-medsolutions.eu\/med\/wp-content\/uploads\/potenzanalyse-1030x295.jpg 1030w, https:\/\/www.becker-medsolutions.eu\/med\/wp-content\/uploads\/potenzanalyse-768x220.jpg 768w, https:\/\/www.becker-medsolutions.eu\/med\/wp-content\/uploads\/potenzanalyse-705x202.jpg 705w, https:\/\/www.becker-medsolutions.eu\/med\/wp-content\/uploads\/potenzanalyse-350x100.jpg 350w\" sizes=\"(max-width: 1500px) 100vw, 1500px\" \/><\/div><\/div><\/div>\n\n<style type=\"text\/css\" data-created_by=\"avia_inline_auto\" id=\"style-css-av-14xn0r-a4baab39d7067bfec26e80960e81b604\">\n#top .hr.hr-invisible.av-14xn0r-a4baab39d7067bfec26e80960e81b604{\nheight:50px;\n}\n<\/style>\n<div  class='hr av-14xn0r-a4baab39d7067bfec26e80960e81b604 hr-invisible  avia-builder-el-1  el_after_av_image  el_before_av_one_third '><span class='hr-inner '><span class=\"hr-inner-style\"><\/span><\/span><\/div>\n\n<style type=\"text\/css\" data-created_by=\"avia_inline_auto\" id=\"style-css-av-xsacz-c4fadbcad94e5e1e01ad60bea73be0d6\">\n.flex_column.av-xsacz-c4fadbcad94e5e1e01ad60bea73be0d6{\nborder-radius:0px 0px 0px 0px;\n-webkit-border-radius:0px 0px 0px 0px;\n-moz-border-radius:0px 0px 0px 0px;\npadding:20px 20px 20px 20px;\nbackground-color:#f5f5f5;\n}\n<\/style>\n<div class='flex_column av-xsacz-c4fadbcad94e5e1e01ad60bea73be0d6 av_one_third  avia-builder-el-2  el_after_av_hr  el_before_av_two_third  first flex_column_div '   ><section  class='av_textblock_section av-raq6j-3476f43a8f711ee572063a5f203e9096'  itemscope=\"itemscope\" itemtype=\"https:\/\/schema.org\/CreativeWork\" ><div class='avia_textblock'  itemprop=\"text\" ><h2>Kontakt<\/h2>\n<p>F\u00fcr weitere Informationen stehe ich Ihnen sehr gerne zur Verf\u00fcgung.<\/p>\n<p><img loading=\"lazy\" decoding=\"async\" class=\"alignnone size-large wp-image-307\" src=\"https:\/\/www.becker-medsolutions.eu\/med\/wp-content\/uploads\/Niki-Becker-1-f\u00fcr-Personalentwicklung-Kontakt-1024x739.jpg\" alt=\"Niki Becker 1 f\u00fcr Personalentwicklung Kontakt\" width=\"1024\" height=\"739\" srcset=\"https:\/\/www.becker-medsolutions.eu\/med\/wp-content\/uploads\/Niki-Becker-1-f\u00fcr-Personalentwicklung-Kontakt-1024x739.jpg 1024w, https:\/\/www.becker-medsolutions.eu\/med\/wp-content\/uploads\/Niki-Becker-1-f\u00fcr-Personalentwicklung-Kontakt-300x217.jpg 300w, https:\/\/www.becker-medsolutions.eu\/med\/wp-content\/uploads\/Niki-Becker-1-f\u00fcr-Personalentwicklung-Kontakt-768x555.jpg 768w, https:\/\/www.becker-medsolutions.eu\/med\/wp-content\/uploads\/Niki-Becker-1-f\u00fcr-Personalentwicklung-Kontakt-1500x1083.jpg 1500w, https:\/\/www.becker-medsolutions.eu\/med\/wp-content\/uploads\/Niki-Becker-1-f\u00fcr-Personalentwicklung-Kontakt-705x509.jpg 705w, https:\/\/www.becker-medsolutions.eu\/med\/wp-content\/uploads\/Niki-Becker-1-f\u00fcr-Personalentwicklung-Kontakt-450x325.jpg 450w\" sizes=\"auto, (max-width: 1024px) 100vw, 1024px\" \/><\/p>\n<p><strong>Nikolaus Becker, MSc<\/strong><\/p>\n<p>Telefon: <span class=\"ff2 cf3 fs22\">+43 (0)1-<wbr \/>96 60 210<\/span><br \/>\nMobil: +43 (0) 664 3868000<\/p>\n<div  class='avia-button-wrap avia-button-left  avia-builder-el-4  avia-builder-el-no-sibling ' ><a href='mailto:mailto:nbecker@becker-medsolutions.eu' class='avia-button av-ll0bf-ae7e5edbdaacec296cd3b544dc581edc avia-icon_select-no avia-size-small avia-position-left avia-color-theme-color' target=\"_blank\" rel=\"noopener noreferrer\"><span class='avia_iconbox_title' >E-Mail<\/span><\/a><\/div>\n<\/div><\/section><\/div>\n\n<style type=\"text\/css\" data-created_by=\"avia_inline_auto\" id=\"style-css-av-hg3z7-4f530fc6d482e891195ff1538c2b433d\">\n.flex_column.av-hg3z7-4f530fc6d482e891195ff1538c2b433d{\nborder-radius:0px 0px 0px 0px;\n-webkit-border-radius:0px 0px 0px 0px;\n-moz-border-radius:0px 0px 0px 0px;\n}\n<\/style>\n<div class='flex_column av-hg3z7-4f530fc6d482e891195ff1538c2b433d av_two_third  avia-builder-el-5  el_after_av_one_third  avia-builder-el-last  flex_column_div av-zero-column-padding '   ><section  class='av_textblock_section av-6uwzf-ab9be4a9d49cd9f623cf31b0ffed3bc7'  itemscope=\"itemscope\" itemtype=\"https:\/\/schema.org\/CreativeWork\" ><div class='avia_textblock'  itemprop=\"text\" ><h1>Master Person Analysis<\/h1>\n<p>Becker: Medical Human Solutions wertet entscheidende Erfolgsfaktoren f\u00fcr F\u00fchrungs- und Schl\u00fcsselpositionen\u00a0 mittels der international bew\u00e4hrten Potenzialanalysen von Master Management aus:<\/p>\n<p><img loading=\"lazy\" decoding=\"async\" class=\"alignnone size-full wp-image-431\" src=\"https:\/\/www.becker-medsolutions.eu\/med\/wp-content\/uploads\/Alternativbild-Auszug-aus-der-Potenzialanalyse.jpg\" alt=\"Alternativbild Auszug aus der Potenzialanalyse\" width=\"637\" height=\"261\" srcset=\"https:\/\/www.becker-medsolutions.eu\/med\/wp-content\/uploads\/Alternativbild-Auszug-aus-der-Potenzialanalyse.jpg 637w, https:\/\/www.becker-medsolutions.eu\/med\/wp-content\/uploads\/Alternativbild-Auszug-aus-der-Potenzialanalyse-300x123.jpg 300w, https:\/\/www.becker-medsolutions.eu\/med\/wp-content\/uploads\/Alternativbild-Auszug-aus-der-Potenzialanalyse-450x184.jpg 450w\" sizes=\"auto, (max-width: 637px) 100vw, 637px\" \/><\/p>\n<p><strong>Wir setzen als zertifizierter Anwender von Master Management folgende Potenzialanalysen f\u00fcr Short List Kandidaten im Recruitingprozess und in der Personalentwicklung ein:<\/strong><\/p>\n<ul>\n<li>Master Person Analysis (MPA) &#8211; diese Potentialanalyse wird speziell f\u00fcr F\u00fchrungs-als auch Fachpositionen eingesetzt<\/li>\n<\/ul>\n<p>In einem ersten Schritt erarbeiten wir mit Ihnen die spezifischen Anforderungen, welche hinter der konkreten Position stehen. In einem zweiten Schritt wird mit den KanidatInnen ein mehrstufiger Evaluierungs- und Feedbackprozess und ein Abgleich mit dem Anforderungsprofil durchgef\u00fchrt.<\/p>\n<p><img loading=\"lazy\" decoding=\"async\" class=\"wp-image-559 size-full alignnone\" src=\"http:\/\/www.becker-medsolutions.eu\/hrs\/wp-content\/uploads\/Ablauf-MPA-Analyse-Darstellung.jpg\" width=\"586\" height=\"192\" \/><\/p>\n<\/div><\/section><\/div>\n","protected":false},"excerpt":{"rendered":"","protected":false},"author":1,"featured_media":0,"parent":0,"menu_order":0,"comment_status":"closed","ping_status":"closed","template":"","meta":{"footnotes":""},"class_list":["post-123","page","type-page","status-publish","hentry"],"yoast_head":"<!-- This site is optimized with the Yoast SEO plugin v27.3 - https:\/\/yoast.com\/product\/yoast-seo-wordpress\/ -->\n<title>Master Person Analysis - Becker Medical Human Solutions<\/title>\n<meta name=\"robots\" content=\"index, follow, max-snippet:-1, max-image-preview:large, max-video-preview:-1\" \/>\n<link rel=\"canonical\" href=\"https:\/\/www.becker-medsolutions.eu\/med\/masterpersonanalysis\/\" \/>\n<meta property=\"og:locale\" content=\"de_DE\" \/>\n<meta property=\"og:type\" content=\"article\" \/>\n<meta property=\"og:title\" content=\"Master Person Analysis - Becker Medical Human Solutions\" \/>\n<meta property=\"og:url\" content=\"https:\/\/www.becker-medsolutions.eu\/med\/masterpersonanalysis\/\" \/>\n<meta property=\"og:site_name\" content=\"Becker Medical Human Solutions\" \/>\n<meta property=\"article:modified_time\" content=\"2026-03-05T10:28:41+00:00\" \/>\n<meta property=\"og:image\" content=\"http:\/\/www.becker-medsolutions.eu\/med\/wp-content\/uploads\/Alternativbild-Auszug-aus-der-Potenzialanalyse.jpg\" \/>\n<meta name=\"twitter:card\" content=\"summary_large_image\" \/>\n<meta name=\"twitter:label1\" content=\"Gesch\u00e4tzte Lesezeit\" \/>\n\t<meta name=\"twitter:data1\" content=\"2\u00a0Minuten\" \/>\n<script type=\"application\/ld+json\" class=\"yoast-schema-graph\">{\"@context\":\"https:\\\/\\\/schema.org\",\"@graph\":[{\"@type\":\"WebPage\",\"@id\":\"https:\\\/\\\/www.becker-medsolutions.eu\\\/med\\\/masterpersonanalysis\\\/\",\"url\":\"https:\\\/\\\/www.becker-medsolutions.eu\\\/med\\\/masterpersonanalysis\\\/\",\"name\":\"Master Person Analysis - Becker Medical Human Solutions\",\"isPartOf\":{\"@id\":\"https:\\\/\\\/www.becker-medsolutions.eu\\\/med\\\/#website\"},\"primaryImageOfPage\":{\"@id\":\"https:\\\/\\\/www.becker-medsolutions.eu\\\/med\\\/masterpersonanalysis\\\/#primaryimage\"},\"image\":{\"@id\":\"https:\\\/\\\/www.becker-medsolutions.eu\\\/med\\\/masterpersonanalysis\\\/#primaryimage\"},\"thumbnailUrl\":\"http:\\\/\\\/www.becker-medsolutions.eu\\\/med\\\/wp-content\\\/uploads\\\/Alternativbild-Auszug-aus-der-Potenzialanalyse.jpg\",\"datePublished\":\"2016-07-26T10:40:10+00:00\",\"dateModified\":\"2026-03-05T10:28:41+00:00\",\"breadcrumb\":{\"@id\":\"https:\\\/\\\/www.becker-medsolutions.eu\\\/med\\\/masterpersonanalysis\\\/#breadcrumb\"},\"inLanguage\":\"de\",\"potentialAction\":[{\"@type\":\"ReadAction\",\"target\":[\"https:\\\/\\\/www.becker-medsolutions.eu\\\/med\\\/masterpersonanalysis\\\/\"]}]},{\"@type\":\"ImageObject\",\"inLanguage\":\"de\",\"@id\":\"https:\\\/\\\/www.becker-medsolutions.eu\\\/med\\\/masterpersonanalysis\\\/#primaryimage\",\"url\":\"http:\\\/\\\/www.becker-medsolutions.eu\\\/med\\\/wp-content\\\/uploads\\\/Alternativbild-Auszug-aus-der-Potenzialanalyse.jpg\",\"contentUrl\":\"http:\\\/\\\/www.becker-medsolutions.eu\\\/med\\\/wp-content\\\/uploads\\\/Alternativbild-Auszug-aus-der-Potenzialanalyse.jpg\"},{\"@type\":\"BreadcrumbList\",\"@id\":\"https:\\\/\\\/www.becker-medsolutions.eu\\\/med\\\/masterpersonanalysis\\\/#breadcrumb\",\"itemListElement\":[{\"@type\":\"ListItem\",\"position\":1,\"name\":\"Startseite\",\"item\":\"https:\\\/\\\/www.becker-medsolutions.eu\\\/med\\\/home\\\/\"},{\"@type\":\"ListItem\",\"position\":2,\"name\":\"Master Person Analysis\"}]},{\"@type\":\"WebSite\",\"@id\":\"https:\\\/\\\/www.becker-medsolutions.eu\\\/med\\\/#website\",\"url\":\"https:\\\/\\\/www.becker-medsolutions.eu\\\/med\\\/\",\"name\":\"Becker Medical Human Solutions\",\"description\":\"Wir vermitteln europaweit medizinisches Personal &amp; bieten Training f\u00fcr Unternehmen und Mitarbeiter\",\"potentialAction\":[{\"@type\":\"SearchAction\",\"target\":{\"@type\":\"EntryPoint\",\"urlTemplate\":\"https:\\\/\\\/www.becker-medsolutions.eu\\\/med\\\/?s={search_term_string}\"},\"query-input\":{\"@type\":\"PropertyValueSpecification\",\"valueRequired\":true,\"valueName\":\"search_term_string\"}}],\"inLanguage\":\"de\"}]}<\/script>\n<!-- \/ Yoast SEO plugin. -->","yoast_head_json":{"title":"Master Person Analysis - Becker Medical Human Solutions","robots":{"index":"index","follow":"follow","max-snippet":"max-snippet:-1","max-image-preview":"max-image-preview:large","max-video-preview":"max-video-preview:-1"},"canonical":"https:\/\/www.becker-medsolutions.eu\/med\/masterpersonanalysis\/","og_locale":"de_DE","og_type":"article","og_title":"Master Person Analysis - Becker Medical Human Solutions","og_url":"https:\/\/www.becker-medsolutions.eu\/med\/masterpersonanalysis\/","og_site_name":"Becker Medical Human Solutions","article_modified_time":"2026-03-05T10:28:41+00:00","og_image":[{"url":"http:\/\/www.becker-medsolutions.eu\/med\/wp-content\/uploads\/Alternativbild-Auszug-aus-der-Potenzialanalyse.jpg","type":"","width":"","height":""}],"twitter_card":"summary_large_image","twitter_misc":{"Gesch\u00e4tzte Lesezeit":"2\u00a0Minuten"},"schema":{"@context":"https:\/\/schema.org","@graph":[{"@type":"WebPage","@id":"https:\/\/www.becker-medsolutions.eu\/med\/masterpersonanalysis\/","url":"https:\/\/www.becker-medsolutions.eu\/med\/masterpersonanalysis\/","name":"Master Person Analysis - Becker Medical Human Solutions","isPartOf":{"@id":"https:\/\/www.becker-medsolutions.eu\/med\/#website"},"primaryImageOfPage":{"@id":"https:\/\/www.becker-medsolutions.eu\/med\/masterpersonanalysis\/#primaryimage"},"image":{"@id":"https:\/\/www.becker-medsolutions.eu\/med\/masterpersonanalysis\/#primaryimage"},"thumbnailUrl":"http:\/\/www.becker-medsolutions.eu\/med\/wp-content\/uploads\/Alternativbild-Auszug-aus-der-Potenzialanalyse.jpg","datePublished":"2016-07-26T10:40:10+00:00","dateModified":"2026-03-05T10:28:41+00:00","breadcrumb":{"@id":"https:\/\/www.becker-medsolutions.eu\/med\/masterpersonanalysis\/#breadcrumb"},"inLanguage":"de","potentialAction":[{"@type":"ReadAction","target":["https:\/\/www.becker-medsolutions.eu\/med\/masterpersonanalysis\/"]}]},{"@type":"ImageObject","inLanguage":"de","@id":"https:\/\/www.becker-medsolutions.eu\/med\/masterpersonanalysis\/#primaryimage","url":"http:\/\/www.becker-medsolutions.eu\/med\/wp-content\/uploads\/Alternativbild-Auszug-aus-der-Potenzialanalyse.jpg","contentUrl":"http:\/\/www.becker-medsolutions.eu\/med\/wp-content\/uploads\/Alternativbild-Auszug-aus-der-Potenzialanalyse.jpg"},{"@type":"BreadcrumbList","@id":"https:\/\/www.becker-medsolutions.eu\/med\/masterpersonanalysis\/#breadcrumb","itemListElement":[{"@type":"ListItem","position":1,"name":"Startseite","item":"https:\/\/www.becker-medsolutions.eu\/med\/home\/"},{"@type":"ListItem","position":2,"name":"Master Person Analysis"}]},{"@type":"WebSite","@id":"https:\/\/www.becker-medsolutions.eu\/med\/#website","url":"https:\/\/www.becker-medsolutions.eu\/med\/","name":"Becker Medical Human Solutions","description":"Wir vermitteln europaweit medizinisches Personal &amp; bieten Training f\u00fcr Unternehmen und Mitarbeiter","potentialAction":[{"@type":"SearchAction","target":{"@type":"EntryPoint","urlTemplate":"https:\/\/www.becker-medsolutions.eu\/med\/?s={search_term_string}"},"query-input":{"@type":"PropertyValueSpecification","valueRequired":true,"valueName":"search_term_string"}}],"inLanguage":"de"}]}},"_links":{"self":[{"href":"https:\/\/www.becker-medsolutions.eu\/med\/wp-json\/wp\/v2\/pages\/123","targetHints":{"allow":["GET"]}}],"collection":[{"href":"https:\/\/www.becker-medsolutions.eu\/med\/wp-json\/wp\/v2\/pages"}],"about":[{"href":"https:\/\/www.becker-medsolutions.eu\/med\/wp-json\/wp\/v2\/types\/page"}],"author":[{"embeddable":true,"href":"https:\/\/www.becker-medsolutions.eu\/med\/wp-json\/wp\/v2\/users\/1"}],"replies":[{"embeddable":true,"href":"https:\/\/www.becker-medsolutions.eu\/med\/wp-json\/wp\/v2\/comments?post=123"}],"version-history":[{"count":5,"href":"https:\/\/www.becker-medsolutions.eu\/med\/wp-json\/wp\/v2\/pages\/123\/revisions"}],"predecessor-version":[{"id":3151,"href":"https:\/\/www.becker-medsolutions.eu\/med\/wp-json\/wp\/v2\/pages\/123\/revisions\/3151"}],"wp:attachment":[{"href":"https:\/\/www.becker-medsolutions.eu\/med\/wp-json\/wp\/v2\/media?parent=123"}],"curies":[{"name":"wp","href":"https:\/\/api.w.org\/{rel}","templated":true}]}}