{"id":127,"date":"2016-07-26T12:55:22","date_gmt":"2016-07-26T10:55:22","guid":{"rendered":"http:\/\/www.becker-medsolutions.eu\/med\/?page_id=127"},"modified":"2026-03-03T18:33:16","modified_gmt":"2026-03-03T17:33:16","slug":"coaching","status":"publish","type":"page","link":"https:\/\/www.becker-medsolutions.eu\/med\/coaching\/","title":{"rendered":"Coaching"},"content":{"rendered":"\n<style type=\"text\/css\" data-created_by=\"avia_inline_auto\" id=\"style-css-av-4ailj-0acce78e8cc06bf853e7113176cbda08\">\n.avia-image-container.av-4ailj-0acce78e8cc06bf853e7113176cbda08 .av-image-caption-overlay-center{\ncolor:#ffffff;\n}\n<\/style>\n<div  class='avia-image-container av-4ailj-0acce78e8cc06bf853e7113176cbda08 av-styling-no-styling avia-align-center  avia-builder-el-0  el_before_av_hr  avia-builder-el-first '  itemprop=\"image\" itemscope=\"itemscope\" itemtype=\"https:\/\/schema.org\/ImageObject\" ><div class=\"avia-image-container-inner\"><div class=\"avia-image-overlay-wrap\"><img decoding=\"async\" class='wp-image-3016 avia-img-lazy-loading-not-3016 avia_image' src=\"https:\/\/www.becker-medsolutions.eu\/med\/wp-content\/uploads\/potenzanalyse.jpg\" alt='' title='potenzanalyse'  height=\"430\" width=\"1500\"  itemprop=\"thumbnailUrl\" srcset=\"https:\/\/www.becker-medsolutions.eu\/med\/wp-content\/uploads\/potenzanalyse.jpg 1500w, https:\/\/www.becker-medsolutions.eu\/med\/wp-content\/uploads\/potenzanalyse-300x86.jpg 300w, https:\/\/www.becker-medsolutions.eu\/med\/wp-content\/uploads\/potenzanalyse-1030x295.jpg 1030w, https:\/\/www.becker-medsolutions.eu\/med\/wp-content\/uploads\/potenzanalyse-768x220.jpg 768w, https:\/\/www.becker-medsolutions.eu\/med\/wp-content\/uploads\/potenzanalyse-705x202.jpg 705w, https:\/\/www.becker-medsolutions.eu\/med\/wp-content\/uploads\/potenzanalyse-350x100.jpg 350w\" sizes=\"(max-width: 1500px) 100vw, 1500px\" \/><\/div><\/div><\/div>\n\n<style type=\"text\/css\" data-created_by=\"avia_inline_auto\" id=\"style-css-av-12f27z-c149887d4e42b1873ae0952421f3716d\">\n#top .hr.hr-invisible.av-12f27z-c149887d4e42b1873ae0952421f3716d{\nheight:50px;\n}\n<\/style>\n<div  class='hr av-12f27z-c149887d4e42b1873ae0952421f3716d hr-invisible  avia-builder-el-1  el_after_av_image  el_before_av_one_third '><span class='hr-inner '><span class=\"hr-inner-style\"><\/span><\/span><\/div>\n\n<style type=\"text\/css\" data-created_by=\"avia_inline_auto\" id=\"style-css-av-bomf-2bd65681fee75754d535c3df97a85103\">\n.flex_column.av-bomf-2bd65681fee75754d535c3df97a85103{\nborder-radius:0px 0px 0px 0px;\n-webkit-border-radius:0px 0px 0px 0px;\n-moz-border-radius:0px 0px 0px 0px;\npadding:20px 20px 20px 20px;\nbackground-color:#f5f5f5;\n}\n<\/style>\n<div class='flex_column av-bomf-2bd65681fee75754d535c3df97a85103 av_one_third  avia-builder-el-2  el_after_av_hr  el_before_av_two_third  first flex_column_div '   ><section  class='av_textblock_section av-px9bj-a6dbed28f388e2a8d041487020d96cbe'  itemscope=\"itemscope\" itemtype=\"https:\/\/schema.org\/CreativeWork\" ><div class='avia_textblock'  itemprop=\"text\" ><h2>Kontakt<\/h2>\n<p>F\u00fcr weitere Informationen stehe ich Ihnen sehr gerne zur Verf\u00fcgung.<\/p>\n<p><img loading=\"lazy\" decoding=\"async\" class=\"alignnone size-large wp-image-307\" src=\"https:\/\/www.becker-medsolutions.eu\/med\/wp-content\/uploads\/Niki-Becker-1-f\u00fcr-Personalentwicklung-Kontakt-1024x739.jpg\" alt=\"Niki Becker 1 f\u00fcr Personalentwicklung Kontakt\" width=\"1024\" height=\"739\" srcset=\"https:\/\/www.becker-medsolutions.eu\/med\/wp-content\/uploads\/Niki-Becker-1-f\u00fcr-Personalentwicklung-Kontakt-1024x739.jpg 1024w, https:\/\/www.becker-medsolutions.eu\/med\/wp-content\/uploads\/Niki-Becker-1-f\u00fcr-Personalentwicklung-Kontakt-300x217.jpg 300w, https:\/\/www.becker-medsolutions.eu\/med\/wp-content\/uploads\/Niki-Becker-1-f\u00fcr-Personalentwicklung-Kontakt-768x555.jpg 768w, https:\/\/www.becker-medsolutions.eu\/med\/wp-content\/uploads\/Niki-Becker-1-f\u00fcr-Personalentwicklung-Kontakt-1500x1083.jpg 1500w, https:\/\/www.becker-medsolutions.eu\/med\/wp-content\/uploads\/Niki-Becker-1-f\u00fcr-Personalentwicklung-Kontakt-705x509.jpg 705w, https:\/\/www.becker-medsolutions.eu\/med\/wp-content\/uploads\/Niki-Becker-1-f\u00fcr-Personalentwicklung-Kontakt-450x325.jpg 450w\" sizes=\"auto, (max-width: 1024px) 100vw, 1024px\" \/><\/p>\n<p><strong>Nikolaus Becker, MSc<\/strong><\/p>\n<p>Telefon: <span class=\"ff2 cf3 fs22\">+43 (0)1-<wbr \/>96 60 210<\/span><br \/>\nMobil: +43 (0) 664 3868000<\/p>\n<div  class='avia-button-wrap avia-button-left  avia-builder-el-4  avia-builder-el-no-sibling ' ><a href='mailto:mailto:nbecker@becker-medsolutions.eu' class='avia-button av-22p53-a45b5f33342c578b0c2bfa3db99ae9ee avia-icon_select-no avia-size-small avia-position-left avia-color-theme-color' target=\"_blank\" rel=\"noopener noreferrer\"><span class='avia_iconbox_title' >E-Mail<\/span><\/a><\/div>\n<\/div><\/section><\/div>\n\n<style type=\"text\/css\" data-created_by=\"avia_inline_auto\" id=\"style-css-av-esn93-afead9a0492112dfb8da509343c44c63\">\n.flex_column.av-esn93-afead9a0492112dfb8da509343c44c63{\nborder-radius:0px 0px 0px 0px;\n-webkit-border-radius:0px 0px 0px 0px;\n-moz-border-radius:0px 0px 0px 0px;\n}\n<\/style>\n<div class='flex_column av-esn93-afead9a0492112dfb8da509343c44c63 av_two_third  avia-builder-el-5  el_after_av_one_third  avia-builder-el-last  flex_column_div av-zero-column-padding '   ><section  class='av_textblock_section av-9eozz-04ab1c358b324074625933bfdb27d1ba'  itemscope=\"itemscope\" itemtype=\"https:\/\/schema.org\/CreativeWork\" ><div class='avia_textblock'  itemprop=\"text\" ><div id=\"imCellStyle_2\">\n<div id=\"imTextObject_2_tab0\" class=\"text-tab-content\">\n<div class=\"text-inner\">\n<h1><span class=\"ff1 cf3 fs28\">Coaching<\/span><span class=\"fs22 ff1 cf3\"><b><br \/>\n<\/b><\/span><\/h1>\n<p><span class=\"ff1 cf3 fs22\">In vielen H\u00e4usern wird heute bereits erfolgreich \u00a0Coaching f\u00fcr F\u00fchrungskr\u00e4ften und Fachkr\u00e4fte angeboten und als ein effektives Instrument der Personal-<wbr \/> und Organisationsentwicklung eingesetzt.<\/span><\/p>\n<p>Bei individuellen Fragestellungen \u00a0z.B. innerhalb einer Organisationsentwicklung ist es oft zielf\u00fchrend, ein 1:1 Coaching den Mitarbeitern f\u00fcr ihre Fragestellungen und Themen mitanzubieten.<\/p>\n<p>Als systemisch-<wbr \/>komplemet\u00e4rer Coach unterst\u00fctzen wir Sie bei wichtigen Themen\/Fragestellungen, professionell ud wertsch\u00e4tzend, mit zielf\u00fchrenden Interventionen und Impulsen.<\/p>\n<p><strong>Gerne stehen wir Ihnen f\u00fcr ein Erstgespr\u00e4ch zur Verf\u00fcgung!<\/strong><span class=\"ff2 fs20\"><br \/>\n<\/span><\/p>\n<\/div>\n<\/div>\n<\/div>\n<\/div><\/section><\/div>\n","protected":false},"excerpt":{"rendered":"","protected":false},"author":1,"featured_media":0,"parent":0,"menu_order":0,"comment_status":"closed","ping_status":"closed","template":"","meta":{"footnotes":""},"class_list":["post-127","page","type-page","status-publish","hentry"],"yoast_head":"<!-- This site is optimized with the Yoast SEO plugin v27.3 - https:\/\/yoast.com\/product\/yoast-seo-wordpress\/ -->\n<title>Coaching - Becker Medical Human Solutions<\/title>\n<meta name=\"robots\" content=\"index, follow, max-snippet:-1, max-image-preview:large, max-video-preview:-1\" \/>\n<link rel=\"canonical\" href=\"https:\/\/www.becker-medsolutions.eu\/med\/coaching\/\" \/>\n<meta property=\"og:locale\" content=\"de_DE\" \/>\n<meta property=\"og:type\" content=\"article\" \/>\n<meta property=\"og:title\" content=\"Coaching - Becker Medical Human Solutions\" \/>\n<meta property=\"og:url\" content=\"https:\/\/www.becker-medsolutions.eu\/med\/coaching\/\" \/>\n<meta property=\"og:site_name\" content=\"Becker Medical Human Solutions\" \/>\n<meta property=\"article:modified_time\" content=\"2026-03-03T17:33:16+00:00\" \/>\n<meta name=\"twitter:card\" content=\"summary_large_image\" \/>\n<meta name=\"twitter:label1\" content=\"Gesch\u00e4tzte Lesezeit\" \/>\n\t<meta name=\"twitter:data1\" content=\"2\u00a0Minuten\" \/>\n<script type=\"application\/ld+json\" class=\"yoast-schema-graph\">{\"@context\":\"https:\\\/\\\/schema.org\",\"@graph\":[{\"@type\":\"WebPage\",\"@id\":\"https:\\\/\\\/www.becker-medsolutions.eu\\\/med\\\/coaching\\\/\",\"url\":\"https:\\\/\\\/www.becker-medsolutions.eu\\\/med\\\/coaching\\\/\",\"name\":\"Coaching - Becker Medical Human Solutions\",\"isPartOf\":{\"@id\":\"https:\\\/\\\/www.becker-medsolutions.eu\\\/med\\\/#website\"},\"datePublished\":\"2016-07-26T10:55:22+00:00\",\"dateModified\":\"2026-03-03T17:33:16+00:00\",\"breadcrumb\":{\"@id\":\"https:\\\/\\\/www.becker-medsolutions.eu\\\/med\\\/coaching\\\/#breadcrumb\"},\"inLanguage\":\"de\",\"potentialAction\":[{\"@type\":\"ReadAction\",\"target\":[\"https:\\\/\\\/www.becker-medsolutions.eu\\\/med\\\/coaching\\\/\"]}]},{\"@type\":\"BreadcrumbList\",\"@id\":\"https:\\\/\\\/www.becker-medsolutions.eu\\\/med\\\/coaching\\\/#breadcrumb\",\"itemListElement\":[{\"@type\":\"ListItem\",\"position\":1,\"name\":\"Startseite\",\"item\":\"https:\\\/\\\/www.becker-medsolutions.eu\\\/med\\\/home\\\/\"},{\"@type\":\"ListItem\",\"position\":2,\"name\":\"Coaching\"}]},{\"@type\":\"WebSite\",\"@id\":\"https:\\\/\\\/www.becker-medsolutions.eu\\\/med\\\/#website\",\"url\":\"https:\\\/\\\/www.becker-medsolutions.eu\\\/med\\\/\",\"name\":\"Becker Medical Human Solutions\",\"description\":\"Wir vermitteln europaweit medizinisches Personal &amp; bieten Training f\u00fcr Unternehmen und Mitarbeiter\",\"potentialAction\":[{\"@type\":\"SearchAction\",\"target\":{\"@type\":\"EntryPoint\",\"urlTemplate\":\"https:\\\/\\\/www.becker-medsolutions.eu\\\/med\\\/?s={search_term_string}\"},\"query-input\":{\"@type\":\"PropertyValueSpecification\",\"valueRequired\":true,\"valueName\":\"search_term_string\"}}],\"inLanguage\":\"de\"}]}<\/script>\n<!-- \/ Yoast SEO plugin. -->","yoast_head_json":{"title":"Coaching - Becker Medical Human Solutions","robots":{"index":"index","follow":"follow","max-snippet":"max-snippet:-1","max-image-preview":"max-image-preview:large","max-video-preview":"max-video-preview:-1"},"canonical":"https:\/\/www.becker-medsolutions.eu\/med\/coaching\/","og_locale":"de_DE","og_type":"article","og_title":"Coaching - Becker Medical Human Solutions","og_url":"https:\/\/www.becker-medsolutions.eu\/med\/coaching\/","og_site_name":"Becker Medical Human Solutions","article_modified_time":"2026-03-03T17:33:16+00:00","twitter_card":"summary_large_image","twitter_misc":{"Gesch\u00e4tzte Lesezeit":"2\u00a0Minuten"},"schema":{"@context":"https:\/\/schema.org","@graph":[{"@type":"WebPage","@id":"https:\/\/www.becker-medsolutions.eu\/med\/coaching\/","url":"https:\/\/www.becker-medsolutions.eu\/med\/coaching\/","name":"Coaching - Becker Medical Human Solutions","isPartOf":{"@id":"https:\/\/www.becker-medsolutions.eu\/med\/#website"},"datePublished":"2016-07-26T10:55:22+00:00","dateModified":"2026-03-03T17:33:16+00:00","breadcrumb":{"@id":"https:\/\/www.becker-medsolutions.eu\/med\/coaching\/#breadcrumb"},"inLanguage":"de","potentialAction":[{"@type":"ReadAction","target":["https:\/\/www.becker-medsolutions.eu\/med\/coaching\/"]}]},{"@type":"BreadcrumbList","@id":"https:\/\/www.becker-medsolutions.eu\/med\/coaching\/#breadcrumb","itemListElement":[{"@type":"ListItem","position":1,"name":"Startseite","item":"https:\/\/www.becker-medsolutions.eu\/med\/home\/"},{"@type":"ListItem","position":2,"name":"Coaching"}]},{"@type":"WebSite","@id":"https:\/\/www.becker-medsolutions.eu\/med\/#website","url":"https:\/\/www.becker-medsolutions.eu\/med\/","name":"Becker Medical Human Solutions","description":"Wir vermitteln europaweit medizinisches Personal &amp; bieten Training f\u00fcr Unternehmen und Mitarbeiter","potentialAction":[{"@type":"SearchAction","target":{"@type":"EntryPoint","urlTemplate":"https:\/\/www.becker-medsolutions.eu\/med\/?s={search_term_string}"},"query-input":{"@type":"PropertyValueSpecification","valueRequired":true,"valueName":"search_term_string"}}],"inLanguage":"de"}]}},"_links":{"self":[{"href":"https:\/\/www.becker-medsolutions.eu\/med\/wp-json\/wp\/v2\/pages\/127","targetHints":{"allow":["GET"]}}],"collection":[{"href":"https:\/\/www.becker-medsolutions.eu\/med\/wp-json\/wp\/v2\/pages"}],"about":[{"href":"https:\/\/www.becker-medsolutions.eu\/med\/wp-json\/wp\/v2\/types\/page"}],"author":[{"embeddable":true,"href":"https:\/\/www.becker-medsolutions.eu\/med\/wp-json\/wp\/v2\/users\/1"}],"replies":[{"embeddable":true,"href":"https:\/\/www.becker-medsolutions.eu\/med\/wp-json\/wp\/v2\/comments?post=127"}],"version-history":[{"count":5,"href":"https:\/\/www.becker-medsolutions.eu\/med\/wp-json\/wp\/v2\/pages\/127\/revisions"}],"predecessor-version":[{"id":3023,"href":"https:\/\/www.becker-medsolutions.eu\/med\/wp-json\/wp\/v2\/pages\/127\/revisions\/3023"}],"wp:attachment":[{"href":"https:\/\/www.becker-medsolutions.eu\/med\/wp-json\/wp\/v2\/media?parent=127"}],"curies":[{"name":"wp","href":"https:\/\/api.w.org\/{rel}","templated":true}]}}