{"id":1363,"date":"2023-08-09T21:22:18","date_gmt":"2023-08-09T19:22:18","guid":{"rendered":"https:\/\/www.becker-medsolutions.eu\/med\/?page_id=1363"},"modified":"2026-03-03T17:24:47","modified_gmt":"2026-03-03T16:24:47","slug":"home","status":"publish","type":"page","link":"https:\/\/www.becker-medsolutions.eu\/med\/","title":{"rendered":"Home x"},"content":{"rendered":"<div id='layer_slider_1'  class='avia-layerslider main_color avia-shadow  avia-builder-el-0  el_before_av_hr  avia-builder-el-first  container_wrap sidebar_left'  style='height: 401px; max-width: 1100px; margin: 0 auto;'  ><\/div><div id='after_layer_slider_1'  class='main_color av_default_container_wrap container_wrap sidebar_left'  ><div class='container av-section-cont-open' ><div class='template-page content  av-content-small units'><div class='post-entry post-entry-type-page post-entry-1363'><div class='entry-content-wrapper clearfix'>\n\n<style type=\"text\/css\" data-created_by=\"avia_inline_auto\" id=\"style-css-av-16oi8-de789f32e28b56ad5fdccd3fa35f1353\">\n#top .hr.hr-invisible.av-16oi8-de789f32e28b56ad5fdccd3fa35f1353{\nheight:60px;\n}\n<\/style>\n<div  class='hr av-16oi8-de789f32e28b56ad5fdccd3fa35f1353 hr-invisible  avia-builder-el-1  el_after_av_layerslider  el_before_av_one_half  avia-builder-el-first '><span class='hr-inner '><span class=\"hr-inner-style\"><\/span><\/span><\/div>\n<div class='flex_column_table av-6awjer-0c0d7ed3ead239c5fbcefbb8f93817d7 sc-av_one_half av-equal-height-column-flextable'>\n<style type=\"text\/css\" data-created_by=\"avia_inline_auto\" id=\"style-css-av-6awjer-0c0d7ed3ead239c5fbcefbb8f93817d7\">\n.flex_column.av-6awjer-0c0d7ed3ead239c5fbcefbb8f93817d7{\nborder-radius:0px 0px 0px 0px;\n-webkit-border-radius:0px 0px 0px 0px;\n-moz-border-radius:0px 0px 0px 0px;\n}\n<\/style>\n<div class='flex_column av-6awjer-0c0d7ed3ead239c5fbcefbb8f93817d7 av_one_half  avia-builder-el-2  el_after_av_hr  el_before_av_one_half  first flex_column_table_cell av-equal-height-column av-align-top av-zero-column-padding '   ><p>\n<style type=\"text\/css\" data-created_by=\"avia_inline_auto\" id=\"style-css-av-mmaspji5-de9b92982c816bd4fd7fb89cc101f5d2\">\n.avia-image-container.av-mmaspji5-de9b92982c816bd4fd7fb89cc101f5d2 .av-image-caption-overlay-center{\ncolor:#ffffff;\n}\n<\/style>\n<div  class='avia-image-container av-mmaspji5-de9b92982c816bd4fd7fb89cc101f5d2 av-styling- avia-align-center  avia-builder-el-3  el_before_av_image  avia-builder-el-first '  itemprop=\"image\" itemscope=\"itemscope\" itemtype=\"https:\/\/schema.org\/ImageObject\" ><div class=\"avia-image-container-inner\"><div class=\"avia-image-overlay-wrap\"><img decoding=\"async\" class='wp-image-2898 avia-img-lazy-loading-not-2898 avia_image' src=\"https:\/\/www.becker-medsolutions.eu\/med\/wp-content\/uploads\/imp-image-1a-1.jpg\" alt='' title='imp-image-1a'  height=\"198\" width=\"547\"  itemprop=\"thumbnailUrl\" srcset=\"https:\/\/www.becker-medsolutions.eu\/med\/wp-content\/uploads\/imp-image-1a-1.jpg 547w, https:\/\/www.becker-medsolutions.eu\/med\/wp-content\/uploads\/imp-image-1a-1-300x109.jpg 300w\" sizes=\"(max-width: 547px) 100vw, 547px\" \/><\/div><\/div><\/div><br \/>\n<\/p><\/div><div class='av-flex-placeholder'><\/div>\n<style type=\"text\/css\" data-created_by=\"avia_inline_auto\" id=\"style-css-av-3ytg-26d2b94c91cfab9b45517fae763d4da0\">\n.flex_column.av-3ytg-26d2b94c91cfab9b45517fae763d4da0{\nborder-radius:0px 0px 0px 0px;\n-webkit-border-radius:0px 0px 0px 0px;\n-moz-border-radius:0px 0px 0px 0px;\n}\n<\/style>\n<div class='flex_column av-3ytg-26d2b94c91cfab9b45517fae763d4da0 av_one_half  avia-builder-el-5  el_after_av_one_half  el_before_av_hr  flex_column_table_cell av-equal-height-column av-align-top av-zero-column-padding '   ><section  class='av_textblock_section av-xekk-fd6d2afe06af833c1026448220175389'  itemscope=\"itemscope\" itemtype=\"https:\/\/schema.org\/CreativeWork\" ><div class='avia_textblock'  itemprop=\"text\" ><h2>International Medical Placements<\/h2>\n<p style=\"text-align: left;\">Als Unternehmen haben wir uns auf die nationale und europ\u00e4ische Vermittlung von Mitarbeitern f\u00fcr Spit\u00e4ler und private Gesundheitseinrichtungen spezialisiert. Durch unsere nationale und direkte &#8222;Vor Ort Pr\u00e4senz&#8220; in zahlreichen europ\u00e4ischen L\u00e4ndern, unsere\u00a0\u00a0 Serviceleistungen und unser Know-how, erm\u00f6glichen wir eine z\u00fcgige Zusammenf\u00fchrung von Kandidaten und suchenden Unternehmen.<\/p>\n<\/div><\/section><\/div><\/div><!--close column table wrapper. Autoclose: 1 --><\/p>\n\n<style type=\"text\/css\" data-created_by=\"avia_inline_auto\" id=\"style-css-av-28ji-82a902aa9101202f862720b5774c4d28\">\n#top .hr.hr-invisible.av-28ji-82a902aa9101202f862720b5774c4d28{\nheight:50px;\n}\n<\/style>\n<div  class='hr av-28ji-82a902aa9101202f862720b5774c4d28 hr-invisible  avia-builder-el-7  el_after_av_one_half  el_before_av_one_full '><span class='hr-inner '><span class=\"hr-inner-style\"><\/span><\/span><\/div>\n\n<style type=\"text\/css\" data-created_by=\"avia_inline_auto\" id=\"style-css-av-kyki-56119889cdc29784c67ef928d77e6256\">\n.flex_column.av-kyki-56119889cdc29784c67ef928d77e6256{\nborder-radius:0px 0px 0px 0px;\n-webkit-border-radius:0px 0px 0px 0px;\n-moz-border-radius:0px 0px 0px 0px;\npadding:50px 50px 50px 50px;\nbackground:url(https:\/\/www.becker-medsolutions.eu\/med\/wp-content\/uploads\/people.png) 100% 50% no-repeat scroll #f5f5f5;\n}\n<\/style>\n<div class='flex_column av-kyki-56119889cdc29784c67ef928d77e6256 av_one_full  avia-builder-el-8  el_after_av_hr  el_before_av_hr  first flex_column_div '   ><section  class='av_textblock_section av-45j9cj-1a4ea567c66c5fbbf64a2dabc92d2122'  itemscope=\"itemscope\" itemtype=\"https:\/\/schema.org\/CreativeWork\" ><div class='avia_textblock'  itemprop=\"text\" ><h1>Wir vermitteln als Spezialisten europaweit \u00c4rzte<br \/>\n&amp; bieten Personalentwicklung im Gesundheitsbereich<\/h1>\n<p><strong><div  class='avia-button-wrap avia-button-left  avia-builder-el-10  avia-builder-el-no-sibling ' ><a href='https:\/\/www.becker-medsolutions.eu\/med\/kontakt\/'  class='avia-button av-gm1s-216dda1923568897cc56282ace289f20 avia-icon_select-no avia-size-medium avia-position-left avia-color-theme-color' ><span class='avia_iconbox_title' >Jetzt kontaktieren<\/span><\/a><\/div><\/strong><\/p>\n<\/div><\/section><\/div>\n\n<style type=\"text\/css\" data-created_by=\"avia_inline_auto\" id=\"style-css-av-djw8-91fd15db2d690bf7332caec73ed05403\">\n#top .hr.hr-invisible.av-djw8-91fd15db2d690bf7332caec73ed05403{\nheight:50px;\n}\n<\/style>\n<div  class='hr av-djw8-91fd15db2d690bf7332caec73ed05403 hr-invisible  avia-builder-el-11  el_after_av_one_full  el_before_av_one_fourth '><span class='hr-inner '><span class=\"hr-inner-style\"><\/span><\/span><\/div>\n\n<style type=\"text\/css\" data-created_by=\"avia_inline_auto\" id=\"style-css-av-b0em-50fa59982c7db75b93ded34ee41a813f\">\n.flex_column.av-b0em-50fa59982c7db75b93ded34ee41a813f{\nborder-radius:0px 0px 0px 0px;\n-webkit-border-radius:0px 0px 0px 0px;\n-moz-border-radius:0px 0px 0px 0px;\n}\n<\/style>\n<div class='flex_column av-b0em-50fa59982c7db75b93ded34ee41a813f av_one_fourth  avia-builder-el-12  el_after_av_hr  el_before_av_three_fourth  first flex_column_div av-zero-column-padding '   ><section  class='av_textblock_section av-374u0j-668aa5404f25374b5888284b755949dc'  itemscope=\"itemscope\" itemtype=\"https:\/\/schema.org\/CreativeWork\" ><div class='avia_textblock'  itemprop=\"text\" ><h2>Aktuelle Jobangebote<\/h2>\n<p>Derzeit suchen wir folgende Positionen in den Bereichen \u00c4rzte, Pflege, Praxisbereich<\/p>\n<p><strong><div  class='avia-button-wrap avia-button-left  avia-builder-el-14  avia-builder-el-no-sibling ' ><a href='https:\/\/www.becker-medsolutions.eu\/med\/aktuelle-jobangebote\/'  class='avia-button av-7lqs-f10c06973c7b2ef87e2431855ec9b1c2 avia-icon_select-no avia-size-medium avia-position-left avia-color-theme-color' ><span class='avia_iconbox_title' >Alle anzeigen<\/span><\/a><\/div><\/strong><\/p>\n<\/div><\/section><\/div>\n\n<style type=\"text\/css\" data-created_by=\"avia_inline_auto\" id=\"style-css-av-jf8-3b48222e7f4b4713e09168ef56ee7438\">\n.flex_column.av-jf8-3b48222e7f4b4713e09168ef56ee7438{\nborder-radius:0px 0px 0px 0px;\n-webkit-border-radius:0px 0px 0px 0px;\n-moz-border-radius:0px 0px 0px 0px;\n}\n<\/style>\n<div class='flex_column av-jf8-3b48222e7f4b4713e09168ef56ee7438 av_three_fourth  avia-builder-el-15  el_after_av_one_fourth  avia-builder-el-last  flex_column_div av-zero-column-padding '   ><div   data-autoplay=''  data-interval='5'  data-animation='fade'  data-show_slide_delay='90'  class='avia-content-slider avia-content-grid-active avia-content-slider1 avia-content-slider-odd  avia-builder-el-16  avia-builder-el-no-sibling  '  itemscope=\"itemscope\" itemtype=\"https:\/\/schema.org\/Blog\" ><div class='avia-content-slider-inner'><div class='slide-entry-wrap'><article class='slide-entry flex_column  post-entry post-entry-2723 slide-entry-overview slide-loop-1 slide-parity-odd  av_fullwidth first fake-thumbnail post-format-standard'  itemscope=\"itemscope\" itemtype=\"https:\/\/schema.org\/CreativeWork\" ><a href='https:\/\/www.becker-medsolutions.eu\/med\/primararzt-fuer-kinder-und-jugendpsychiatrie-m-w\/' data-rel='slide-1' class='slide-image' title='Primararzt f\u00fcr Kinder- und Jugendpsychiatrie  (m\/w)'><span class='fallback-post-type-icon' aria-hidden='true' data-av_icon='\ue836' data-av_iconfont='entypo-fontello'><\/span><span class='slider-fallback-image'><\/span><\/a><div class='slide-content'><header class=\"entry-content-header\"><h3 class='slide-entry-title entry-title '  itemprop=\"headline\" ><a href='https:\/\/www.becker-medsolutions.eu\/med\/primararzt-fuer-kinder-und-jugendpsychiatrie-m-w\/' title='Primararzt f\u00fcr Kinder- und Jugendpsychiatrie  (m\/w)'>Primararzt f\u00fcr Kinder- und Jugendpsychiatrie  (m\/w)<\/a><\/h3><span class=\"av-vertical-delimiter\"><\/span><\/header><\/div><footer class=\"entry-footer\"><\/footer><span class='hidden'>\n\t\t\t\t<span class='av-structured-data'  itemprop=\"image\" itemscope=\"itemscope\" itemtype=\"https:\/\/schema.org\/ImageObject\" >\n\t\t\t\t\t\t<span itemprop='url'>http:\/\/www.becker-medsolutions.eu\/med\/wp-content\/uploads\/logo.png<\/span>\n\t\t\t\t\t\t<span itemprop='height'>0<\/span>\n\t\t\t\t\t\t<span itemprop='width'>0<\/span>\n\t\t\t\t<\/span>\n\t\t\t\t<span class='av-structured-data'  itemprop=\"publisher\" itemtype=\"https:\/\/schema.org\/Organization\" itemscope=\"itemscope\" >\n\t\t\t\t\t\t<span itemprop='name'>admin<\/span>\n\t\t\t\t\t\t<span itemprop='logo' itemscope itemtype='https:\/\/schema.org\/ImageObject'>\n\t\t\t\t\t\t\t<span itemprop='url'>http:\/\/www.becker-medsolutions.eu\/med\/wp-content\/uploads\/logo.png<\/span>\n\t\t\t\t\t\t <\/span>\n\t\t\t\t<\/span><span class='av-structured-data'  itemprop=\"author\" itemscope=\"itemscope\" itemtype=\"https:\/\/schema.org\/Person\" ><span itemprop='name'>admin<\/span><\/span><span class='av-structured-data'  itemprop=\"datePublished\" datetime=\"2023-08-09T21:22:18+02:00\" >2026-01-29 21:49:54<\/span><span class='av-structured-data'  itemprop=\"dateModified\" itemtype=\"https:\/\/schema.org\/dateModified\" >2026-03-03 20:57:58<\/span><span class='av-structured-data'  itemprop=\"mainEntityOfPage\" itemtype=\"https:\/\/schema.org\/mainEntityOfPage\" ><span itemprop='name'>Primararzt f\u00fcr Kinder- und Jugendpsychiatrie  (m\/w)<\/span><\/span><\/span><\/article><\/div><div class='slide-entry-wrap'><article class='slide-entry flex_column  post-entry post-entry-2700 slide-entry-overview slide-loop-2 slide-parity-odd  av_fullwidth first fake-thumbnail post-format-standard'  itemscope=\"itemscope\" itemtype=\"https:\/\/schema.org\/CreativeWork\" ><a href='https:\/\/www.becker-medsolutions.eu\/med\/facharzt-fuer-unfallchirurgie-m-w-d\/' data-rel='slide-1' class='slide-image' title='Facharzt f\u00fcr Unfallchirurgie (m\/w\/d)'><span class='fallback-post-type-icon' aria-hidden='true' data-av_icon='\ue836' data-av_iconfont='entypo-fontello'><\/span><span class='slider-fallback-image'><\/span><\/a><div class='slide-content'><header class=\"entry-content-header\"><h3 class='slide-entry-title entry-title '  itemprop=\"headline\" ><a href='https:\/\/www.becker-medsolutions.eu\/med\/facharzt-fuer-unfallchirurgie-m-w-d\/' title='Facharzt f\u00fcr Unfallchirurgie (m\/w\/d)'>Facharzt f\u00fcr Unfallchirurgie (m\/w\/d)<\/a><\/h3><span class=\"av-vertical-delimiter\"><\/span><\/header><\/div><footer class=\"entry-footer\"><\/footer><span class='hidden'>\n\t\t\t\t<span class='av-structured-data'  itemprop=\"image\" itemscope=\"itemscope\" itemtype=\"https:\/\/schema.org\/ImageObject\" >\n\t\t\t\t\t\t<span itemprop='url'>http:\/\/www.becker-medsolutions.eu\/med\/wp-content\/uploads\/logo.png<\/span>\n\t\t\t\t\t\t<span itemprop='height'>0<\/span>\n\t\t\t\t\t\t<span itemprop='width'>0<\/span>\n\t\t\t\t<\/span>\n\t\t\t\t<span class='av-structured-data'  itemprop=\"publisher\" itemtype=\"https:\/\/schema.org\/Organization\" itemscope=\"itemscope\" >\n\t\t\t\t\t\t<span itemprop='name'>admin<\/span>\n\t\t\t\t\t\t<span itemprop='logo' itemscope itemtype='https:\/\/schema.org\/ImageObject'>\n\t\t\t\t\t\t\t<span itemprop='url'>http:\/\/www.becker-medsolutions.eu\/med\/wp-content\/uploads\/logo.png<\/span>\n\t\t\t\t\t\t <\/span>\n\t\t\t\t<\/span><span class='av-structured-data'  itemprop=\"author\" itemscope=\"itemscope\" itemtype=\"https:\/\/schema.org\/Person\" ><span itemprop='name'>admin<\/span><\/span><span class='av-structured-data'  itemprop=\"datePublished\" datetime=\"2023-08-09T21:22:18+02:00\" >2025-10-15 18:43:37<\/span><span class='av-structured-data'  itemprop=\"dateModified\" itemtype=\"https:\/\/schema.org\/dateModified\" >2026-03-03 20:52:38<\/span><span class='av-structured-data'  itemprop=\"mainEntityOfPage\" itemtype=\"https:\/\/schema.org\/mainEntityOfPage\" ><span itemprop='name'>Facharzt f\u00fcr Unfallchirurgie (m\/w\/d)<\/span><\/span><\/span><\/article><\/div><div class='slide-entry-wrap'><article class='slide-entry flex_column  post-entry post-entry-2688 slide-entry-overview slide-loop-3 slide-parity-odd  post-entry-last  av_fullwidth first fake-thumbnail post-format-standard'  itemscope=\"itemscope\" itemtype=\"https:\/\/schema.org\/CreativeWork\" ><a href='https:\/\/www.becker-medsolutions.eu\/med\/primar-chefarzt-fuer-eine-internistische-abteilung-m-w-d-raum-bayern-in-grossraumnaehe\/' data-rel='slide-1' class='slide-image' title='Primar\/Chefarzt f\u00fcr eine internistische Abteilung (m\/w\/d) \u2013 Raum Bayern in Gro\u00dfraumn\u00e4he'><span class='fallback-post-type-icon' aria-hidden='true' data-av_icon='\ue836' data-av_iconfont='entypo-fontello'><\/span><span class='slider-fallback-image'><\/span><\/a><div class='slide-content'><header class=\"entry-content-header\"><h3 class='slide-entry-title entry-title '  itemprop=\"headline\" ><a href='https:\/\/www.becker-medsolutions.eu\/med\/primar-chefarzt-fuer-eine-internistische-abteilung-m-w-d-raum-bayern-in-grossraumnaehe\/' title='Primar\/Chefarzt f\u00fcr eine internistische Abteilung (m\/w\/d) \u2013 Raum Bayern in Gro\u00dfraumn\u00e4he'>Primar\/Chefarzt f\u00fcr eine internistische Abteilung (m\/w\/d) \u2013 Raum Bayern in Gro\u00dfraumn\u00e4he<\/a><\/h3><span class=\"av-vertical-delimiter\"><\/span><\/header><\/div><footer class=\"entry-footer\"><\/footer><span class='hidden'>\n\t\t\t\t<span class='av-structured-data'  itemprop=\"image\" itemscope=\"itemscope\" itemtype=\"https:\/\/schema.org\/ImageObject\" >\n\t\t\t\t\t\t<span itemprop='url'>http:\/\/www.becker-medsolutions.eu\/med\/wp-content\/uploads\/logo.png<\/span>\n\t\t\t\t\t\t<span itemprop='height'>0<\/span>\n\t\t\t\t\t\t<span itemprop='width'>0<\/span>\n\t\t\t\t<\/span>\n\t\t\t\t<span class='av-structured-data'  itemprop=\"publisher\" itemtype=\"https:\/\/schema.org\/Organization\" itemscope=\"itemscope\" >\n\t\t\t\t\t\t<span itemprop='name'>admin<\/span>\n\t\t\t\t\t\t<span itemprop='logo' itemscope itemtype='https:\/\/schema.org\/ImageObject'>\n\t\t\t\t\t\t\t<span itemprop='url'>http:\/\/www.becker-medsolutions.eu\/med\/wp-content\/uploads\/logo.png<\/span>\n\t\t\t\t\t\t <\/span>\n\t\t\t\t<\/span><span class='av-structured-data'  itemprop=\"author\" itemscope=\"itemscope\" itemtype=\"https:\/\/schema.org\/Person\" ><span itemprop='name'>admin<\/span><\/span><span class='av-structured-data'  itemprop=\"datePublished\" datetime=\"2023-08-09T21:22:18+02:00\" >2025-09-30 17:08:33<\/span><span class='av-structured-data'  itemprop=\"dateModified\" itemtype=\"https:\/\/schema.org\/dateModified\" >2026-03-03 21:00:52<\/span><span class='av-structured-data'  itemprop=\"mainEntityOfPage\" itemtype=\"https:\/\/schema.org\/mainEntityOfPage\" ><span itemprop='name'>Primar\/Chefarzt f\u00fcr eine internistische Abteilung (m\/w\/d) \u2013 Raum Bayern in Gro\u00dfraumn\u00e4he<\/span><\/span><\/span><\/article><\/div><\/div><\/div><\/div>\n","protected":false},"excerpt":{"rendered":"","protected":false},"author":1,"featured_media":0,"parent":0,"menu_order":0,"comment_status":"closed","ping_status":"closed","template":"","meta":{"footnotes":""},"class_list":["post-1363","page","type-page","status-publish","hentry"],"yoast_head":"<!-- This site is optimized with the Yoast SEO plugin v27.3 - https:\/\/yoast.com\/product\/yoast-seo-wordpress\/ -->\n<title>Home x - Becker Medical Human Solutions<\/title>\n<meta name=\"robots\" content=\"index, follow, max-snippet:-1, max-image-preview:large, max-video-preview:-1\" \/>\n<link rel=\"canonical\" href=\"https:\/\/www.becker-medsolutions.eu\/med\/home\/\" \/>\n<meta property=\"og:locale\" content=\"de_DE\" \/>\n<meta property=\"og:type\" content=\"article\" \/>\n<meta property=\"og:title\" content=\"Home x - Becker Medical Human Solutions\" \/>\n<meta property=\"og:url\" content=\"https:\/\/www.becker-medsolutions.eu\/med\/home\/\" \/>\n<meta property=\"og:site_name\" content=\"Becker Medical Human Solutions\" \/>\n<meta property=\"article:modified_time\" content=\"2026-03-03T16:24:47+00:00\" \/>\n<meta name=\"twitter:card\" content=\"summary_large_image\" \/>\n<meta name=\"twitter:label1\" content=\"Gesch\u00e4tzte Lesezeit\" \/>\n\t<meta name=\"twitter:data1\" content=\"2\u00a0Minuten\" \/>\n<script type=\"application\/ld+json\" class=\"yoast-schema-graph\">{\"@context\":\"https:\\\/\\\/schema.org\",\"@graph\":[{\"@type\":\"WebPage\",\"@id\":\"https:\\\/\\\/www.becker-medsolutions.eu\\\/med\\\/home\\\/\",\"url\":\"https:\\\/\\\/www.becker-medsolutions.eu\\\/med\\\/home\\\/\",\"name\":\"Home x - Becker Medical Human Solutions\",\"isPartOf\":{\"@id\":\"https:\\\/\\\/www.becker-medsolutions.eu\\\/med\\\/#website\"},\"datePublished\":\"2023-08-09T19:22:18+00:00\",\"dateModified\":\"2026-03-03T16:24:47+00:00\",\"breadcrumb\":{\"@id\":\"https:\\\/\\\/www.becker-medsolutions.eu\\\/med\\\/home\\\/#breadcrumb\"},\"inLanguage\":\"de\",\"potentialAction\":[{\"@type\":\"ReadAction\",\"target\":[\"https:\\\/\\\/www.becker-medsolutions.eu\\\/med\\\/home\\\/\"]}]},{\"@type\":\"BreadcrumbList\",\"@id\":\"https:\\\/\\\/www.becker-medsolutions.eu\\\/med\\\/home\\\/#breadcrumb\",\"itemListElement\":[{\"@type\":\"ListItem\",\"position\":1,\"name\":\"Startseite\",\"item\":\"https:\\\/\\\/www.becker-medsolutions.eu\\\/med\\\/home\\\/\"},{\"@type\":\"ListItem\",\"position\":2,\"name\":\"Home x\"}]},{\"@type\":\"WebSite\",\"@id\":\"https:\\\/\\\/www.becker-medsolutions.eu\\\/med\\\/#website\",\"url\":\"https:\\\/\\\/www.becker-medsolutions.eu\\\/med\\\/\",\"name\":\"Becker Medical Human Solutions\",\"description\":\"Wir vermitteln europaweit medizinisches Personal &amp; bieten Training f\u00fcr Unternehmen und Mitarbeiter\",\"potentialAction\":[{\"@type\":\"SearchAction\",\"target\":{\"@type\":\"EntryPoint\",\"urlTemplate\":\"https:\\\/\\\/www.becker-medsolutions.eu\\\/med\\\/?s={search_term_string}\"},\"query-input\":{\"@type\":\"PropertyValueSpecification\",\"valueRequired\":true,\"valueName\":\"search_term_string\"}}],\"inLanguage\":\"de\"}]}<\/script>\n<!-- \/ Yoast SEO plugin. -->","yoast_head_json":{"title":"Home x - Becker Medical Human Solutions","robots":{"index":"index","follow":"follow","max-snippet":"max-snippet:-1","max-image-preview":"max-image-preview:large","max-video-preview":"max-video-preview:-1"},"canonical":"https:\/\/www.becker-medsolutions.eu\/med\/home\/","og_locale":"de_DE","og_type":"article","og_title":"Home x - Becker Medical Human Solutions","og_url":"https:\/\/www.becker-medsolutions.eu\/med\/home\/","og_site_name":"Becker Medical Human Solutions","article_modified_time":"2026-03-03T16:24:47+00:00","twitter_card":"summary_large_image","twitter_misc":{"Gesch\u00e4tzte Lesezeit":"2\u00a0Minuten"},"schema":{"@context":"https:\/\/schema.org","@graph":[{"@type":"WebPage","@id":"https:\/\/www.becker-medsolutions.eu\/med\/home\/","url":"https:\/\/www.becker-medsolutions.eu\/med\/home\/","name":"Home x - Becker Medical Human Solutions","isPartOf":{"@id":"https:\/\/www.becker-medsolutions.eu\/med\/#website"},"datePublished":"2023-08-09T19:22:18+00:00","dateModified":"2026-03-03T16:24:47+00:00","breadcrumb":{"@id":"https:\/\/www.becker-medsolutions.eu\/med\/home\/#breadcrumb"},"inLanguage":"de","potentialAction":[{"@type":"ReadAction","target":["https:\/\/www.becker-medsolutions.eu\/med\/home\/"]}]},{"@type":"BreadcrumbList","@id":"https:\/\/www.becker-medsolutions.eu\/med\/home\/#breadcrumb","itemListElement":[{"@type":"ListItem","position":1,"name":"Startseite","item":"https:\/\/www.becker-medsolutions.eu\/med\/home\/"},{"@type":"ListItem","position":2,"name":"Home x"}]},{"@type":"WebSite","@id":"https:\/\/www.becker-medsolutions.eu\/med\/#website","url":"https:\/\/www.becker-medsolutions.eu\/med\/","name":"Becker Medical Human Solutions","description":"Wir vermitteln europaweit medizinisches Personal &amp; bieten Training f\u00fcr Unternehmen und Mitarbeiter","potentialAction":[{"@type":"SearchAction","target":{"@type":"EntryPoint","urlTemplate":"https:\/\/www.becker-medsolutions.eu\/med\/?s={search_term_string}"},"query-input":{"@type":"PropertyValueSpecification","valueRequired":true,"valueName":"search_term_string"}}],"inLanguage":"de"}]}},"_links":{"self":[{"href":"https:\/\/www.becker-medsolutions.eu\/med\/wp-json\/wp\/v2\/pages\/1363","targetHints":{"allow":["GET"]}}],"collection":[{"href":"https:\/\/www.becker-medsolutions.eu\/med\/wp-json\/wp\/v2\/pages"}],"about":[{"href":"https:\/\/www.becker-medsolutions.eu\/med\/wp-json\/wp\/v2\/types\/page"}],"author":[{"embeddable":true,"href":"https:\/\/www.becker-medsolutions.eu\/med\/wp-json\/wp\/v2\/users\/1"}],"replies":[{"embeddable":true,"href":"https:\/\/www.becker-medsolutions.eu\/med\/wp-json\/wp\/v2\/comments?post=1363"}],"version-history":[{"count":5,"href":"https:\/\/www.becker-medsolutions.eu\/med\/wp-json\/wp\/v2\/pages\/1363\/revisions"}],"predecessor-version":[{"id":2891,"href":"https:\/\/www.becker-medsolutions.eu\/med\/wp-json\/wp\/v2\/pages\/1363\/revisions\/2891"}],"wp:attachment":[{"href":"https:\/\/www.becker-medsolutions.eu\/med\/wp-json\/wp\/v2\/media?parent=1363"}],"curies":[{"name":"wp","href":"https:\/\/api.w.org\/{rel}","templated":true}]}}