{"id":140,"date":"2016-07-26T13:13:18","date_gmt":"2016-07-26T11:13:18","guid":{"rendered":"http:\/\/www.becker-medsolutions.eu\/med\/?page_id=140"},"modified":"2026-02-27T22:02:55","modified_gmt":"2026-02-27T21:02:55","slug":"dienstleistungen-fuer-spitaeler","status":"publish","type":"page","link":"https:\/\/www.becker-medsolutions.eu\/med\/dienstleistungen-fuer-spitaeler\/","title":{"rendered":"Spit\u00e4ler"},"content":{"rendered":"\n\n<style type=\"text\/css\" data-created_by=\"avia_inline_auto\" id=\"style-css-av-3peks-92ef8e508d0fa7233320581773c5a671\">\n#top .hr.hr-invisible.av-3peks-92ef8e508d0fa7233320581773c5a671{\nheight:50px;\n}\n<\/style>\n<div  class='hr av-3peks-92ef8e508d0fa7233320581773c5a671 hr-invisible  avia-builder-el-1  el_after_av_image  el_before_av_one_third '><span class='hr-inner '><span class=\"hr-inner-style\"><\/span><\/span><\/div>\n\n<style type=\"text\/css\" data-created_by=\"avia_inline_auto\" id=\"style-css-av-wlgpg-cf03026789909b0c3cd90171d2fd99c7\">\n.flex_column.av-wlgpg-cf03026789909b0c3cd90171d2fd99c7{\nborder-radius:0px 0px 0px 0px;\n-webkit-border-radius:0px 0px 0px 0px;\n-moz-border-radius:0px 0px 0px 0px;\npadding:20px 20px 20px 20px;\nbackground-color:#f5f5f5;\n}\n<\/style>\n<div class='flex_column av-wlgpg-cf03026789909b0c3cd90171d2fd99c7 av_one_third  avia-builder-el-2  el_after_av_hr  el_before_av_two_third  first flex_column_div '   ><section  class='av_textblock_section av-pa050-14901653896f97f3b1f248dd4400dd93'  itemscope=\"itemscope\" itemtype=\"https:\/\/schema.org\/CreativeWork\" ><div class='avia_textblock'  itemprop=\"text\" ><h2>Kontakt<\/h2>\n<p>F\u00fcr weitere Informationen stehe ich Ihnen sehr gerne zur Verf\u00fcgung.<\/p>\n<p><img loading=\"lazy\" decoding=\"async\" class=\"alignnone wp-image-312 size-large\" src=\"https:\/\/www.becker-medsolutions.eu\/med\/wp-content\/uploads\/Niki-Becker-1-f\u00fcr-Personalentwicklung-Kontakt-x-1024x739.jpg\" width=\"1024\" height=\"739\" srcset=\"https:\/\/www.becker-medsolutions.eu\/med\/wp-content\/uploads\/Niki-Becker-1-f\u00fcr-Personalentwicklung-Kontakt-x-1024x739.jpg 1024w, https:\/\/www.becker-medsolutions.eu\/med\/wp-content\/uploads\/Niki-Becker-1-f\u00fcr-Personalentwicklung-Kontakt-x-300x217.jpg 300w, https:\/\/www.becker-medsolutions.eu\/med\/wp-content\/uploads\/Niki-Becker-1-f\u00fcr-Personalentwicklung-Kontakt-x-768x555.jpg 768w, https:\/\/www.becker-medsolutions.eu\/med\/wp-content\/uploads\/Niki-Becker-1-f\u00fcr-Personalentwicklung-Kontakt-x-1500x1083.jpg 1500w, https:\/\/www.becker-medsolutions.eu\/med\/wp-content\/uploads\/Niki-Becker-1-f\u00fcr-Personalentwicklung-Kontakt-x-705x509.jpg 705w, https:\/\/www.becker-medsolutions.eu\/med\/wp-content\/uploads\/Niki-Becker-1-f\u00fcr-Personalentwicklung-Kontakt-x-450x325.jpg 450w\" sizes=\"auto, (max-width: 1024px) 100vw, 1024px\" \/><\/p>\n<p><strong>Nikolaus Becker, MSc<\/strong><\/p>\n<p>Telefon: <span class=\"ff2 cf3 fs22\">+43 (0)1-<wbr \/>96 60 210<\/span><br \/>\nMobil: +43 (0) 664 3868000<\/p>\n<div  class='avia-button-wrap avia-button-left  avia-builder-el-4  avia-builder-el-no-sibling ' ><a href='mailto:mailto:nbecker@becker-medsolutions.eu' class='avia-button av-nisoc-fa1ae1af1257f49282bc5931058e6692 avia-icon_select-no avia-size-small avia-position-left avia-color-theme-color' target=\"_blank\" rel=\"noopener noreferrer\"><span class='avia_iconbox_title' >E-Mail<\/span><\/a><\/div>\n<\/div><\/section><\/div>\n\n<style type=\"text\/css\" data-created_by=\"avia_inline_auto\" id=\"style-css-av-ewtq4-958c0b852597d26bb4327c3623697cad\">\n.flex_column.av-ewtq4-958c0b852597d26bb4327c3623697cad{\nborder-radius:0px 0px 0px 0px;\n-webkit-border-radius:0px 0px 0px 0px;\n-moz-border-radius:0px 0px 0px 0px;\n}\n<\/style>\n<div class='flex_column av-ewtq4-958c0b852597d26bb4327c3623697cad av_two_third  avia-builder-el-5  el_after_av_one_third  avia-builder-el-last  flex_column_div av-zero-column-padding '   ><section  class='av_textblock_section av-nwg4-6501f6693d00c3c56b258de1699eacf2'  itemscope=\"itemscope\" itemtype=\"https:\/\/schema.org\/CreativeWork\" ><div class='avia_textblock'  itemprop=\"text\" ><div id=\"imCellStyle_2\">\n<div id=\"imTextObject_2_tab0\" class=\"text-tab-content\">\n<div class=\"text-inner\">\n<h1><span class=\"ff1 cf3 fs28\">Dienstleistungen f\u00fcr Spit\u00e4ler<\/span><\/h1>\n<p>Der Firmeninhaber Nikolaus Becker, MSc, verfolgt seit Jahren eine erfolgreiche Mehrfachstrategie in der Besetzung von \u00c4rzten und medizinischen Schl\u00fcsselkr\u00e4ften.<\/p>\n<p><img loading=\"lazy\" decoding=\"async\" class=\"alignnone wp-image-343\" src=\"https:\/\/www.becker-medsolutions.eu\/med\/wp-content\/uploads\/bar_blue_big.png\" alt=\"bar_blue_big\" width=\"309\" height=\"248\" srcset=\"https:\/\/www.becker-medsolutions.eu\/med\/wp-content\/uploads\/bar_blue_big.png 566w, https:\/\/www.becker-medsolutions.eu\/med\/wp-content\/uploads\/bar_blue_big-300x241.png 300w, https:\/\/www.becker-medsolutions.eu\/med\/wp-content\/uploads\/bar_blue_big-450x361.png 450w\" sizes=\"auto, (max-width: 309px) 100vw, 309px\" \/><\/p>\n<h2>Gemeinsam mit einem spezialisierten Team werden folgende L\u00e4nder vor Ort direkt adressiert:<\/h2>\n<ul>\n<li>\u00d6sterreich<\/li>\n<li>Schweiz<\/li>\n<li>Deutschland<\/li>\n<li>Slowakei<\/li>\n<li>Tschechische Republik<\/li>\n<li>Ungarn<\/li>\n<li>Rum\u00e4nien<\/li>\n<li>Bulgarien<\/li>\n<li>Polen<\/li>\n<li>Slowenien<\/li>\n<li>Griechenland<\/li>\n<li>Kroatien<\/li>\n<\/ul>\n<h2>Wichtige Faktoren des Vermittlungserfolges sind:<\/h2>\n<ul>\n<li>Die hohe Vermittlungsquote basiert auf der permanenten pers\u00f6nlichen Pr\u00e4senz vor Ort in unterschiedlichen Ziell\u00e4ndern.<\/li>\n<li>Durch die langj\u00e4hrige Erfahrung und Arbeit in diesem speziellen Umfeld steht ein breites nationales wie internationales Netzwerk zur Verf\u00fcgung.<\/li>\n<li>Ein Team aus geschulten \u201enative\u201c Speakern, arbeitet laufend f\u00fcr die qualifizierte Suche und Ansprache von \u00c4rzten und medizinischen Schl\u00fcsselkr\u00e4ften in den Ziell\u00e4ndern mit.<\/li>\n<li>Parallel werden zus\u00e4tzlich bei jeder Besetzung europ\u00e4ische Personalagenturen im medizinischen Bereich mit deren Kandidatenpools mit eingebunden.<\/li>\n<\/ul>\n<h2>S\u00e4mtliche der in Frage kommenden ausl\u00e4ndischen Kandidaten erhalten ein kostenfreies und umfangreiches Service. Dieses beinhaltet:<\/h2>\n<ul>\n<li>\u00dcberpr\u00fcfung aller Qualifikationen und des beruflichen Werdegangs, zur Evaluierung der Eignung und der raschen Anerkennung, z.B. durch die \u00c4rztekammer<\/li>\n<li>jeder Kandidat erh\u00e4lt durch unser Know-how volle Unterst\u00fctzung bei den administrativen und beh\u00f6rdlichen Anforderungen- dadurch gelangt ein ausl\u00e4ndischer Arzt oder z.B. eine OP Krankenschwester einige Wochen bis Monate fr\u00fcher zum Arbeitsbeginn.<\/li>\n<li>Koordination, Begleitung und Unterst\u00fctzung w\u00e4hrend der Interview- und Verhandlungsschritte- dies erh\u00f6ht signifikant die Eintrittswahrscheinlichkeit des Kandidaten.<\/li>\n<\/ul>\n<\/div>\n<\/div>\n<\/div>\n<\/div><\/section><\/div>\n","protected":false},"excerpt":{"rendered":"","protected":false},"author":1,"featured_media":0,"parent":0,"menu_order":0,"comment_status":"closed","ping_status":"closed","template":"","meta":{"footnotes":""},"class_list":["post-140","page","type-page","status-publish","hentry"],"yoast_head":"<!-- This site is optimized with the Yoast SEO plugin v27.5 - https:\/\/yoast.com\/product\/yoast-seo-wordpress\/ -->\n<title>Spit\u00e4ler - Becker Medical Human Solutions<\/title>\n<meta name=\"robots\" content=\"index, follow, max-snippet:-1, max-image-preview:large, max-video-preview:-1\" \/>\n<link rel=\"canonical\" href=\"https:\/\/www.becker-medsolutions.eu\/med\/dienstleistungen-fuer-spitaeler\/\" \/>\n<meta property=\"og:locale\" content=\"de_DE\" \/>\n<meta property=\"og:type\" content=\"article\" \/>\n<meta property=\"og:title\" content=\"Spit\u00e4ler - Becker Medical Human Solutions\" \/>\n<meta property=\"og:url\" content=\"https:\/\/www.becker-medsolutions.eu\/med\/dienstleistungen-fuer-spitaeler\/\" \/>\n<meta property=\"og:site_name\" content=\"Becker Medical Human Solutions\" \/>\n<meta property=\"article:modified_time\" content=\"2026-02-27T21:02:55+00:00\" \/>\n<meta property=\"og:image\" content=\"http:\/\/www.becker-medsolutions.eu\/med\/wp-content\/uploads\/bar_blue_big.png\" \/>\n<meta name=\"twitter:card\" content=\"summary_large_image\" \/>\n<meta name=\"twitter:label1\" content=\"Gesch\u00e4tzte Lesezeit\" \/>\n\t<meta name=\"twitter:data1\" content=\"3\u00a0Minuten\" \/>\n<script type=\"application\/ld+json\" class=\"yoast-schema-graph\">{\"@context\":\"https:\\\/\\\/schema.org\",\"@graph\":[{\"@type\":\"WebPage\",\"@id\":\"https:\\\/\\\/www.becker-medsolutions.eu\\\/med\\\/dienstleistungen-fuer-spitaeler\\\/\",\"url\":\"https:\\\/\\\/www.becker-medsolutions.eu\\\/med\\\/dienstleistungen-fuer-spitaeler\\\/\",\"name\":\"Spit\u00e4ler - Becker Medical Human Solutions\",\"isPartOf\":{\"@id\":\"https:\\\/\\\/www.becker-medsolutions.eu\\\/med\\\/#website\"},\"primaryImageOfPage\":{\"@id\":\"https:\\\/\\\/www.becker-medsolutions.eu\\\/med\\\/dienstleistungen-fuer-spitaeler\\\/#primaryimage\"},\"image\":{\"@id\":\"https:\\\/\\\/www.becker-medsolutions.eu\\\/med\\\/dienstleistungen-fuer-spitaeler\\\/#primaryimage\"},\"thumbnailUrl\":\"http:\\\/\\\/www.becker-medsolutions.eu\\\/med\\\/wp-content\\\/uploads\\\/bar_blue_big.png\",\"datePublished\":\"2016-07-26T11:13:18+00:00\",\"dateModified\":\"2026-02-27T21:02:55+00:00\",\"breadcrumb\":{\"@id\":\"https:\\\/\\\/www.becker-medsolutions.eu\\\/med\\\/dienstleistungen-fuer-spitaeler\\\/#breadcrumb\"},\"inLanguage\":\"de\",\"potentialAction\":[{\"@type\":\"ReadAction\",\"target\":[\"https:\\\/\\\/www.becker-medsolutions.eu\\\/med\\\/dienstleistungen-fuer-spitaeler\\\/\"]}]},{\"@type\":\"ImageObject\",\"inLanguage\":\"de\",\"@id\":\"https:\\\/\\\/www.becker-medsolutions.eu\\\/med\\\/dienstleistungen-fuer-spitaeler\\\/#primaryimage\",\"url\":\"http:\\\/\\\/www.becker-medsolutions.eu\\\/med\\\/wp-content\\\/uploads\\\/bar_blue_big.png\",\"contentUrl\":\"http:\\\/\\\/www.becker-medsolutions.eu\\\/med\\\/wp-content\\\/uploads\\\/bar_blue_big.png\"},{\"@type\":\"BreadcrumbList\",\"@id\":\"https:\\\/\\\/www.becker-medsolutions.eu\\\/med\\\/dienstleistungen-fuer-spitaeler\\\/#breadcrumb\",\"itemListElement\":[{\"@type\":\"ListItem\",\"position\":1,\"name\":\"Startseite\",\"item\":\"https:\\\/\\\/www.becker-medsolutions.eu\\\/med\\\/home\\\/\"},{\"@type\":\"ListItem\",\"position\":2,\"name\":\"Spit\u00e4ler\"}]},{\"@type\":\"WebSite\",\"@id\":\"https:\\\/\\\/www.becker-medsolutions.eu\\\/med\\\/#website\",\"url\":\"https:\\\/\\\/www.becker-medsolutions.eu\\\/med\\\/\",\"name\":\"Becker Medical Human Solutions\",\"description\":\"Wir vermitteln europaweit medizinisches Personal &amp; bieten Training f\u00fcr Unternehmen und Mitarbeiter\",\"potentialAction\":[{\"@type\":\"SearchAction\",\"target\":{\"@type\":\"EntryPoint\",\"urlTemplate\":\"https:\\\/\\\/www.becker-medsolutions.eu\\\/med\\\/?s={search_term_string}\"},\"query-input\":{\"@type\":\"PropertyValueSpecification\",\"valueRequired\":true,\"valueName\":\"search_term_string\"}}],\"inLanguage\":\"de\"}]}<\/script>\n<!-- \/ Yoast SEO plugin. -->","yoast_head_json":{"title":"Spit\u00e4ler - Becker Medical Human Solutions","robots":{"index":"index","follow":"follow","max-snippet":"max-snippet:-1","max-image-preview":"max-image-preview:large","max-video-preview":"max-video-preview:-1"},"canonical":"https:\/\/www.becker-medsolutions.eu\/med\/dienstleistungen-fuer-spitaeler\/","og_locale":"de_DE","og_type":"article","og_title":"Spit\u00e4ler - Becker Medical Human Solutions","og_url":"https:\/\/www.becker-medsolutions.eu\/med\/dienstleistungen-fuer-spitaeler\/","og_site_name":"Becker Medical Human Solutions","article_modified_time":"2026-02-27T21:02:55+00:00","og_image":[{"url":"http:\/\/www.becker-medsolutions.eu\/med\/wp-content\/uploads\/bar_blue_big.png","type":"","width":"","height":""}],"twitter_card":"summary_large_image","twitter_misc":{"Gesch\u00e4tzte Lesezeit":"3\u00a0Minuten"},"schema":{"@context":"https:\/\/schema.org","@graph":[{"@type":"WebPage","@id":"https:\/\/www.becker-medsolutions.eu\/med\/dienstleistungen-fuer-spitaeler\/","url":"https:\/\/www.becker-medsolutions.eu\/med\/dienstleistungen-fuer-spitaeler\/","name":"Spit\u00e4ler - Becker Medical Human Solutions","isPartOf":{"@id":"https:\/\/www.becker-medsolutions.eu\/med\/#website"},"primaryImageOfPage":{"@id":"https:\/\/www.becker-medsolutions.eu\/med\/dienstleistungen-fuer-spitaeler\/#primaryimage"},"image":{"@id":"https:\/\/www.becker-medsolutions.eu\/med\/dienstleistungen-fuer-spitaeler\/#primaryimage"},"thumbnailUrl":"http:\/\/www.becker-medsolutions.eu\/med\/wp-content\/uploads\/bar_blue_big.png","datePublished":"2016-07-26T11:13:18+00:00","dateModified":"2026-02-27T21:02:55+00:00","breadcrumb":{"@id":"https:\/\/www.becker-medsolutions.eu\/med\/dienstleistungen-fuer-spitaeler\/#breadcrumb"},"inLanguage":"de","potentialAction":[{"@type":"ReadAction","target":["https:\/\/www.becker-medsolutions.eu\/med\/dienstleistungen-fuer-spitaeler\/"]}]},{"@type":"ImageObject","inLanguage":"de","@id":"https:\/\/www.becker-medsolutions.eu\/med\/dienstleistungen-fuer-spitaeler\/#primaryimage","url":"http:\/\/www.becker-medsolutions.eu\/med\/wp-content\/uploads\/bar_blue_big.png","contentUrl":"http:\/\/www.becker-medsolutions.eu\/med\/wp-content\/uploads\/bar_blue_big.png"},{"@type":"BreadcrumbList","@id":"https:\/\/www.becker-medsolutions.eu\/med\/dienstleistungen-fuer-spitaeler\/#breadcrumb","itemListElement":[{"@type":"ListItem","position":1,"name":"Startseite","item":"https:\/\/www.becker-medsolutions.eu\/med\/home\/"},{"@type":"ListItem","position":2,"name":"Spit\u00e4ler"}]},{"@type":"WebSite","@id":"https:\/\/www.becker-medsolutions.eu\/med\/#website","url":"https:\/\/www.becker-medsolutions.eu\/med\/","name":"Becker Medical Human Solutions","description":"Wir vermitteln europaweit medizinisches Personal &amp; bieten Training f\u00fcr Unternehmen und Mitarbeiter","potentialAction":[{"@type":"SearchAction","target":{"@type":"EntryPoint","urlTemplate":"https:\/\/www.becker-medsolutions.eu\/med\/?s={search_term_string}"},"query-input":{"@type":"PropertyValueSpecification","valueRequired":true,"valueName":"search_term_string"}}],"inLanguage":"de"}]}},"_links":{"self":[{"href":"https:\/\/www.becker-medsolutions.eu\/med\/wp-json\/wp\/v2\/pages\/140","targetHints":{"allow":["GET"]}}],"collection":[{"href":"https:\/\/www.becker-medsolutions.eu\/med\/wp-json\/wp\/v2\/pages"}],"about":[{"href":"https:\/\/www.becker-medsolutions.eu\/med\/wp-json\/wp\/v2\/types\/page"}],"author":[{"embeddable":true,"href":"https:\/\/www.becker-medsolutions.eu\/med\/wp-json\/wp\/v2\/users\/1"}],"replies":[{"embeddable":true,"href":"https:\/\/www.becker-medsolutions.eu\/med\/wp-json\/wp\/v2\/comments?post=140"}],"version-history":[{"count":5,"href":"https:\/\/www.becker-medsolutions.eu\/med\/wp-json\/wp\/v2\/pages\/140\/revisions"}],"predecessor-version":[{"id":2771,"href":"https:\/\/www.becker-medsolutions.eu\/med\/wp-json\/wp\/v2\/pages\/140\/revisions\/2771"}],"wp:attachment":[{"href":"https:\/\/www.becker-medsolutions.eu\/med\/wp-json\/wp\/v2\/media?parent=140"}],"curies":[{"name":"wp","href":"https:\/\/api.w.org\/{rel}","templated":true}]}}