{"id":160,"date":"2016-07-26T13:46:21","date_gmt":"2016-07-26T11:46:21","guid":{"rendered":"http:\/\/www.becker-medsolutions.eu\/med\/?page_id=160"},"modified":"2026-03-03T17:33:30","modified_gmt":"2026-03-03T16:33:30","slug":"service-fuer-kandidaten","status":"publish","type":"page","link":"https:\/\/www.becker-medsolutions.eu\/med\/service-fuer-kandidaten\/","title":{"rendered":"Service f\u00fcr Kandidaten"},"content":{"rendered":"\n<style type=\"text\/css\" data-created_by=\"avia_inline_auto\" id=\"style-css-av-mmatu0jx-b78a70059227151c595fc426234747e8\">\n.avia-image-container.av-mmatu0jx-b78a70059227151c595fc426234747e8 .av-image-caption-overlay-center{\ncolor:#ffffff;\n}\n<\/style>\n<div  class='avia-image-container av-mmatu0jx-b78a70059227151c595fc426234747e8 av-styling- avia-align-center  avia-builder-el-0  el_before_av_image  avia-builder-el-first '  itemprop=\"image\" itemscope=\"itemscope\" itemtype=\"https:\/\/schema.org\/ImageObject\" ><div class=\"avia-image-container-inner\"><div class=\"avia-image-overlay-wrap\"><img decoding=\"async\" class='wp-image-2906 avia-img-lazy-loading-not-2906 avia_image' src=\"https:\/\/www.becker-medsolutions.eu\/med\/wp-content\/uploads\/service-kandidaten.jpg\" alt='' title='service kandidaten'  height=\"430\" width=\"1500\"  itemprop=\"thumbnailUrl\" srcset=\"https:\/\/www.becker-medsolutions.eu\/med\/wp-content\/uploads\/service-kandidaten.jpg 1500w, https:\/\/www.becker-medsolutions.eu\/med\/wp-content\/uploads\/service-kandidaten-300x86.jpg 300w, https:\/\/www.becker-medsolutions.eu\/med\/wp-content\/uploads\/service-kandidaten-1030x295.jpg 1030w, https:\/\/www.becker-medsolutions.eu\/med\/wp-content\/uploads\/service-kandidaten-768x220.jpg 768w, https:\/\/www.becker-medsolutions.eu\/med\/wp-content\/uploads\/service-kandidaten-705x202.jpg 705w, https:\/\/www.becker-medsolutions.eu\/med\/wp-content\/uploads\/service-kandidaten-350x100.jpg 350w\" sizes=\"(max-width: 1500px) 100vw, 1500px\" \/><\/div><\/div><\/div>\n\n\n\n<style type=\"text\/css\" data-created_by=\"avia_inline_auto\" id=\"style-css-av-1189co-40405cbee6dc01e8faa1ea19fb64d7b6\">\n#top .hr.hr-invisible.av-1189co-40405cbee6dc01e8faa1ea19fb64d7b6{\nheight:50px;\n}\n<\/style>\n<div  class='hr av-1189co-40405cbee6dc01e8faa1ea19fb64d7b6 hr-invisible  avia-builder-el-3  el_after_av_image  el_before_av_one_third '><span class='hr-inner '><span class=\"hr-inner-style\"><\/span><\/span><\/div>\n\n<style type=\"text\/css\" data-created_by=\"avia_inline_auto\" id=\"style-css-av-3hy2o-ed6c0d93a22489d257f910b70cfb642d\">\n.flex_column.av-3hy2o-ed6c0d93a22489d257f910b70cfb642d{\nborder-radius:0px 0px 0px 0px;\n-webkit-border-radius:0px 0px 0px 0px;\n-moz-border-radius:0px 0px 0px 0px;\npadding:20px 20px 20px 20px;\nbackground-color:#f5f5f5;\n}\n<\/style>\n<div class='flex_column av-3hy2o-ed6c0d93a22489d257f910b70cfb642d av_one_third  avia-builder-el-4  el_after_av_hr  el_before_av_two_third  first flex_column_div '   ><section  class='av_textblock_section av-olvbs-491beefd437776b27cf3fb041a8a03b9'  itemscope=\"itemscope\" itemtype=\"https:\/\/schema.org\/CreativeWork\" ><div class='avia_textblock'  itemprop=\"text\" ><h2>Kontakt<\/h2>\n<p>F\u00fcr weitere Informationen stehe ich Ihnen sehr gerne zur Verf\u00fcgung.<\/p>\n<p><img loading=\"lazy\" decoding=\"async\" class=\"alignnone wp-image-312 size-large\" src=\"https:\/\/www.becker-medsolutions.eu\/med\/wp-content\/uploads\/Niki-Becker-1-f\u00fcr-Personalentwicklung-Kontakt-x-1024x739.jpg\" width=\"1024\" height=\"739\" srcset=\"https:\/\/www.becker-medsolutions.eu\/med\/wp-content\/uploads\/Niki-Becker-1-f\u00fcr-Personalentwicklung-Kontakt-x-1024x739.jpg 1024w, https:\/\/www.becker-medsolutions.eu\/med\/wp-content\/uploads\/Niki-Becker-1-f\u00fcr-Personalentwicklung-Kontakt-x-300x217.jpg 300w, https:\/\/www.becker-medsolutions.eu\/med\/wp-content\/uploads\/Niki-Becker-1-f\u00fcr-Personalentwicklung-Kontakt-x-768x555.jpg 768w, https:\/\/www.becker-medsolutions.eu\/med\/wp-content\/uploads\/Niki-Becker-1-f\u00fcr-Personalentwicklung-Kontakt-x-1500x1083.jpg 1500w, https:\/\/www.becker-medsolutions.eu\/med\/wp-content\/uploads\/Niki-Becker-1-f\u00fcr-Personalentwicklung-Kontakt-x-705x509.jpg 705w, https:\/\/www.becker-medsolutions.eu\/med\/wp-content\/uploads\/Niki-Becker-1-f\u00fcr-Personalentwicklung-Kontakt-x-450x325.jpg 450w\" sizes=\"auto, (max-width: 1024px) 100vw, 1024px\" \/><\/p>\n<p><strong>Nikolaus Becker, MSc<\/strong><\/p>\n<p>Telefon: <span class=\"ff2 cf3 fs22\">+43 (0)1-<wbr \/>96 60 210<\/span><br \/>\nMobil: +43 (0) 664 3868000<\/p>\n<div  class='avia-button-wrap avia-button-left  avia-builder-el-6  avia-builder-el-no-sibling ' ><a href='mailto:mailto:nbecker@becker-medsolutions.eu' class='avia-button av-n8wzc-4ce2b29588a68861cc62e4db62dc4900 avia-icon_select-no avia-size-small avia-position-left avia-color-theme-color' target=\"_blank\" rel=\"noopener noreferrer\"><span class='avia_iconbox_title' >E-Mail<\/span><\/a><\/div>\n<\/div><\/section><\/div>\n\n<style type=\"text\/css\" data-created_by=\"avia_inline_auto\" id=\"style-css-av-d0so0-0e6e4eb0b0c1f333b5f9096b06350360\">\n.flex_column.av-d0so0-0e6e4eb0b0c1f333b5f9096b06350360{\nborder-radius:0px 0px 0px 0px;\n-webkit-border-radius:0px 0px 0px 0px;\n-moz-border-radius:0px 0px 0px 0px;\n}\n<\/style>\n<div class='flex_column av-d0so0-0e6e4eb0b0c1f333b5f9096b06350360 av_two_third  avia-builder-el-7  el_after_av_one_third  avia-builder-el-last  flex_column_div av-zero-column-padding '   ><section  class='av_textblock_section av-92l2g-a29dfccc457a325022970476a8a3e62f'  itemscope=\"itemscope\" itemtype=\"https:\/\/schema.org\/CreativeWork\" ><div class='avia_textblock'  itemprop=\"text\" ><h1>Unser Service f\u00fcr Kandidaten<\/h1>\n<p>Wir sind ein Team aus Spezialisten, welches Sie kompetent und oftmals auch in Ihrer Landessprache betreut und unterst\u00fctzt.<\/p>\n<h2>Wir bieten Ihnen Vermittlungen in folgende deutschsprachige L\u00e4nder an:<\/h2>\n<ul>\n<li>\u00d6sterreich<\/li>\n<li>Deutschland<\/li>\n<li>Schweiz<\/li>\n<\/ul>\n<h2>Wir unterst\u00fctzen und begleiten Sie aktiv bei:<\/h2>\n<ul>\n<li>der Auswahl der richtigen Positionen in einem f\u00fcr Sie passenden Krankenhaus in Ihrer gew\u00fcnschten Region<\/li>\n<li>einem Qualifikationscheck. Basierend auf Ihren Qualifikationen und beruflichen Erfahrungen empfehlen wir Ihnen geeignete Anstellungsm\u00f6glichkeiten.<\/li>\n<li>den Verhandlungsgespr\u00e4chen mit den zuk\u00fcnftigen Arbeitgebern.<\/li>\n<li>allen administrativen Belangen. Dies beinhaltet, z.B. die ben\u00f6tigten Dokumente, \u00dcbersetzungen und Beglaubigungen. Im Regelfall sparen Sie dadurch mehrere zeitraubende Wochen oder sogar Monate.<\/li>\n<li>gegebenenfalls notwendigen Kontaktaufnahmen mit Lerninstituten f\u00fcr die deutsche Sprache in Ihrer Umgebung.<\/li>\n<li>den meisten Beh\u00f6rdenwegen bis zur Eintragung in die \u00c4rzteliste\/ Erteilung der Berufsaus\u00fcbungserlaubnis.<\/li>\n<li>allf\u00e4lligen R\u00fccksprachen, z.B. mit Beh\u00f6rden und Ihrem zuk\u00fcnftigen Arbeitgeber.<\/li>\n<\/ul>\n<h2>Dar\u00fcber hinaus helfen wir Ihnen gerne auch bei Bedarf:<\/h2>\n<ul>\n<li>bei der Suche einer Dienstwohnung<\/li>\n<li>bei der Suche eines Jobs f\u00fcr Ihren Partner<\/li>\n<\/ul>\n<p>Unsere Serviceleistungen sind f\u00fcr Sie kostenlos und werden von unseren Auftraggebern getragen.<\/p>\n<\/div><\/section><\/div>\n","protected":false},"excerpt":{"rendered":"","protected":false},"author":1,"featured_media":0,"parent":0,"menu_order":0,"comment_status":"closed","ping_status":"closed","template":"","meta":{"footnotes":""},"class_list":["post-160","page","type-page","status-publish","hentry"],"yoast_head":"<!-- This site is optimized with the Yoast SEO plugin v27.3 - https:\/\/yoast.com\/product\/yoast-seo-wordpress\/ -->\n<title>Service f\u00fcr Kandidaten - Becker Medical Human Solutions<\/title>\n<meta name=\"robots\" content=\"index, follow, max-snippet:-1, max-image-preview:large, max-video-preview:-1\" \/>\n<link rel=\"canonical\" href=\"https:\/\/www.becker-medsolutions.eu\/med\/service-fuer-kandidaten\/\" \/>\n<meta property=\"og:locale\" content=\"de_DE\" \/>\n<meta property=\"og:type\" content=\"article\" \/>\n<meta property=\"og:title\" content=\"Service f\u00fcr Kandidaten - Becker Medical Human Solutions\" \/>\n<meta property=\"og:url\" content=\"https:\/\/www.becker-medsolutions.eu\/med\/service-fuer-kandidaten\/\" \/>\n<meta property=\"og:site_name\" content=\"Becker Medical Human Solutions\" \/>\n<meta property=\"article:modified_time\" content=\"2026-03-03T16:33:30+00:00\" \/>\n<meta name=\"twitter:card\" content=\"summary_large_image\" \/>\n<meta name=\"twitter:label1\" content=\"Gesch\u00e4tzte Lesezeit\" \/>\n\t<meta name=\"twitter:data1\" content=\"2\u00a0Minuten\" \/>\n<script type=\"application\/ld+json\" class=\"yoast-schema-graph\">{\"@context\":\"https:\\\/\\\/schema.org\",\"@graph\":[{\"@type\":\"WebPage\",\"@id\":\"https:\\\/\\\/www.becker-medsolutions.eu\\\/med\\\/service-fuer-kandidaten\\\/\",\"url\":\"https:\\\/\\\/www.becker-medsolutions.eu\\\/med\\\/service-fuer-kandidaten\\\/\",\"name\":\"Service f\u00fcr Kandidaten - Becker Medical Human Solutions\",\"isPartOf\":{\"@id\":\"https:\\\/\\\/www.becker-medsolutions.eu\\\/med\\\/#website\"},\"datePublished\":\"2016-07-26T11:46:21+00:00\",\"dateModified\":\"2026-03-03T16:33:30+00:00\",\"breadcrumb\":{\"@id\":\"https:\\\/\\\/www.becker-medsolutions.eu\\\/med\\\/service-fuer-kandidaten\\\/#breadcrumb\"},\"inLanguage\":\"de\",\"potentialAction\":[{\"@type\":\"ReadAction\",\"target\":[\"https:\\\/\\\/www.becker-medsolutions.eu\\\/med\\\/service-fuer-kandidaten\\\/\"]}]},{\"@type\":\"BreadcrumbList\",\"@id\":\"https:\\\/\\\/www.becker-medsolutions.eu\\\/med\\\/service-fuer-kandidaten\\\/#breadcrumb\",\"itemListElement\":[{\"@type\":\"ListItem\",\"position\":1,\"name\":\"Startseite\",\"item\":\"https:\\\/\\\/www.becker-medsolutions.eu\\\/med\\\/home\\\/\"},{\"@type\":\"ListItem\",\"position\":2,\"name\":\"Service f\u00fcr Kandidaten\"}]},{\"@type\":\"WebSite\",\"@id\":\"https:\\\/\\\/www.becker-medsolutions.eu\\\/med\\\/#website\",\"url\":\"https:\\\/\\\/www.becker-medsolutions.eu\\\/med\\\/\",\"name\":\"Becker Medical Human Solutions\",\"description\":\"Wir vermitteln europaweit medizinisches Personal &amp; bieten Training f\u00fcr Unternehmen und Mitarbeiter\",\"potentialAction\":[{\"@type\":\"SearchAction\",\"target\":{\"@type\":\"EntryPoint\",\"urlTemplate\":\"https:\\\/\\\/www.becker-medsolutions.eu\\\/med\\\/?s={search_term_string}\"},\"query-input\":{\"@type\":\"PropertyValueSpecification\",\"valueRequired\":true,\"valueName\":\"search_term_string\"}}],\"inLanguage\":\"de\"}]}<\/script>\n<!-- \/ Yoast SEO plugin. -->","yoast_head_json":{"title":"Service f\u00fcr Kandidaten - Becker Medical Human Solutions","robots":{"index":"index","follow":"follow","max-snippet":"max-snippet:-1","max-image-preview":"max-image-preview:large","max-video-preview":"max-video-preview:-1"},"canonical":"https:\/\/www.becker-medsolutions.eu\/med\/service-fuer-kandidaten\/","og_locale":"de_DE","og_type":"article","og_title":"Service f\u00fcr Kandidaten - Becker Medical Human Solutions","og_url":"https:\/\/www.becker-medsolutions.eu\/med\/service-fuer-kandidaten\/","og_site_name":"Becker Medical Human Solutions","article_modified_time":"2026-03-03T16:33:30+00:00","twitter_card":"summary_large_image","twitter_misc":{"Gesch\u00e4tzte Lesezeit":"2\u00a0Minuten"},"schema":{"@context":"https:\/\/schema.org","@graph":[{"@type":"WebPage","@id":"https:\/\/www.becker-medsolutions.eu\/med\/service-fuer-kandidaten\/","url":"https:\/\/www.becker-medsolutions.eu\/med\/service-fuer-kandidaten\/","name":"Service f\u00fcr Kandidaten - Becker Medical Human Solutions","isPartOf":{"@id":"https:\/\/www.becker-medsolutions.eu\/med\/#website"},"datePublished":"2016-07-26T11:46:21+00:00","dateModified":"2026-03-03T16:33:30+00:00","breadcrumb":{"@id":"https:\/\/www.becker-medsolutions.eu\/med\/service-fuer-kandidaten\/#breadcrumb"},"inLanguage":"de","potentialAction":[{"@type":"ReadAction","target":["https:\/\/www.becker-medsolutions.eu\/med\/service-fuer-kandidaten\/"]}]},{"@type":"BreadcrumbList","@id":"https:\/\/www.becker-medsolutions.eu\/med\/service-fuer-kandidaten\/#breadcrumb","itemListElement":[{"@type":"ListItem","position":1,"name":"Startseite","item":"https:\/\/www.becker-medsolutions.eu\/med\/home\/"},{"@type":"ListItem","position":2,"name":"Service f\u00fcr Kandidaten"}]},{"@type":"WebSite","@id":"https:\/\/www.becker-medsolutions.eu\/med\/#website","url":"https:\/\/www.becker-medsolutions.eu\/med\/","name":"Becker Medical Human Solutions","description":"Wir vermitteln europaweit medizinisches Personal &amp; bieten Training f\u00fcr Unternehmen und Mitarbeiter","potentialAction":[{"@type":"SearchAction","target":{"@type":"EntryPoint","urlTemplate":"https:\/\/www.becker-medsolutions.eu\/med\/?s={search_term_string}"},"query-input":{"@type":"PropertyValueSpecification","valueRequired":true,"valueName":"search_term_string"}}],"inLanguage":"de"}]}},"_links":{"self":[{"href":"https:\/\/www.becker-medsolutions.eu\/med\/wp-json\/wp\/v2\/pages\/160","targetHints":{"allow":["GET"]}}],"collection":[{"href":"https:\/\/www.becker-medsolutions.eu\/med\/wp-json\/wp\/v2\/pages"}],"about":[{"href":"https:\/\/www.becker-medsolutions.eu\/med\/wp-json\/wp\/v2\/types\/page"}],"author":[{"embeddable":true,"href":"https:\/\/www.becker-medsolutions.eu\/med\/wp-json\/wp\/v2\/users\/1"}],"replies":[{"embeddable":true,"href":"https:\/\/www.becker-medsolutions.eu\/med\/wp-json\/wp\/v2\/comments?post=160"}],"version-history":[{"count":5,"href":"https:\/\/www.becker-medsolutions.eu\/med\/wp-json\/wp\/v2\/pages\/160\/revisions"}],"predecessor-version":[{"id":2913,"href":"https:\/\/www.becker-medsolutions.eu\/med\/wp-json\/wp\/v2\/pages\/160\/revisions\/2913"}],"wp:attachment":[{"href":"https:\/\/www.becker-medsolutions.eu\/med\/wp-json\/wp\/v2\/media?parent=160"}],"curies":[{"name":"wp","href":"https:\/\/api.w.org\/{rel}","templated":true}]}}