{"id":445,"date":"2016-08-08T10:00:04","date_gmt":"2016-08-08T08:00:04","guid":{"rendered":"http:\/\/www.becker-medsolutions.eu\/med\/?page_id=445&#038;lang=en"},"modified":"2016-08-12T20:11:29","modified_gmt":"2016-08-12T18:11:29","slug":"managementcube","status":"publish","type":"page","link":"https:\/\/www.becker-medsolutions.eu\/med\/managementcube\/?lang=en","title":{"rendered":"Managementcube"},"content":{"rendered":"\n<style type=\"text\/css\" data-created_by=\"avia_inline_auto\" id=\"style-css-av-av_image-5d202447194994bb472982d263f8a2b7\">\n.avia-image-container.av-av_image-5d202447194994bb472982d263f8a2b7 .av-image-caption-overlay-center{\ncolor:#ffffff;\n}\n<\/style>\n<div  class='avia-image-container av-av_image-5d202447194994bb472982d263f8a2b7 av-styling-no-styling avia-align-center  avia-builder-el-0  el_before_av_hr  avia-builder-el-first '  itemprop=\"image\" itemscope=\"itemscope\" itemtype=\"https:\/\/schema.org\/ImageObject\" ><div class=\"avia-image-container-inner\"><div class=\"avia-image-overlay-wrap\"><img decoding=\"async\" class='wp-image-441 avia-img-lazy-loading-not-441 avia_image' src=\"https:\/\/www.becker-medsolutions.eu\/med\/wp-content\/uploads\/header-cube-1500x430.jpg\" alt='' title='header-cube'  height=\"430\" width=\"1500\"  itemprop=\"thumbnailUrl\" srcset=\"https:\/\/www.becker-medsolutions.eu\/med\/wp-content\/uploads\/header-cube.jpg 1500w, https:\/\/www.becker-medsolutions.eu\/med\/wp-content\/uploads\/header-cube-300x86.jpg 300w, https:\/\/www.becker-medsolutions.eu\/med\/wp-content\/uploads\/header-cube-768x220.jpg 768w, https:\/\/www.becker-medsolutions.eu\/med\/wp-content\/uploads\/header-cube-1024x294.jpg 1024w, https:\/\/www.becker-medsolutions.eu\/med\/wp-content\/uploads\/header-cube-705x202.jpg 705w, https:\/\/www.becker-medsolutions.eu\/med\/wp-content\/uploads\/header-cube-450x129.jpg 450w\" sizes=\"(max-width: 1500px) 100vw, 1500px\" \/><\/div><\/div><\/div>\n\n<style type=\"text\/css\" data-created_by=\"avia_inline_auto\" id=\"style-css-av-av_hr-0688d0b0b6ed2f8b057db7a8270206df\">\n#top .hr.hr-invisible.av-av_hr-0688d0b0b6ed2f8b057db7a8270206df{\nheight:50px;\n}\n<\/style>\n<div  class='hr av-av_hr-0688d0b0b6ed2f8b057db7a8270206df hr-invisible  avia-builder-el-1  el_after_av_image  el_before_av_one_third '><span class='hr-inner '><span class=\"hr-inner-style\"><\/span><\/span><\/div>\n\n<style type=\"text\/css\" data-created_by=\"avia_inline_auto\" id=\"style-css-av-av_one_third-996cb3e291542f0ab2a625e4a74dfd5d\">\n.flex_column.av-av_one_third-996cb3e291542f0ab2a625e4a74dfd5d{\nborder-radius:0px 0px 0px 0px;\n-webkit-border-radius:0px 0px 0px 0px;\n-moz-border-radius:0px 0px 0px 0px;\npadding:20px 20px 20px 20px;\nbackground-color:#f5f5f5;\n}\n<\/style>\n<div class='flex_column av-av_one_third-996cb3e291542f0ab2a625e4a74dfd5d av_one_third  avia-builder-el-2  el_after_av_hr  el_before_av_two_third  first flex_column_div '   ><section  class='av_textblock_section av-av_textblock-0366cc7376be6c9e82a3e9cc8987b64f'  itemscope=\"itemscope\" itemtype=\"https:\/\/schema.org\/CreativeWork\" ><div class='avia_textblock'  itemprop=\"text\" ><h2>Kontakt<\/h2>\n<p>F\u00fcr weitere Informationen stehe ich Ihnen sehr gerne zur Verf\u00fcgung.<\/p>\n<p><img loading=\"lazy\" decoding=\"async\" class=\"alignnone size-large wp-image-307\" src=\"https:\/\/www.becker-medsolutions.eu\/med\/wp-content\/uploads\/Niki-Becker-1-f\u00fcr-Personalentwicklung-Kontakt-1024x739.jpg\" alt=\"Niki Becker 1 f\u00fcr Personalentwicklung Kontakt\" width=\"1024\" height=\"739\" srcset=\"https:\/\/www.becker-medsolutions.eu\/med\/wp-content\/uploads\/Niki-Becker-1-f\u00fcr-Personalentwicklung-Kontakt-1024x739.jpg 1024w, https:\/\/www.becker-medsolutions.eu\/med\/wp-content\/uploads\/Niki-Becker-1-f\u00fcr-Personalentwicklung-Kontakt-300x217.jpg 300w, https:\/\/www.becker-medsolutions.eu\/med\/wp-content\/uploads\/Niki-Becker-1-f\u00fcr-Personalentwicklung-Kontakt-768x555.jpg 768w, https:\/\/www.becker-medsolutions.eu\/med\/wp-content\/uploads\/Niki-Becker-1-f\u00fcr-Personalentwicklung-Kontakt-1500x1083.jpg 1500w, https:\/\/www.becker-medsolutions.eu\/med\/wp-content\/uploads\/Niki-Becker-1-f\u00fcr-Personalentwicklung-Kontakt-705x509.jpg 705w, https:\/\/www.becker-medsolutions.eu\/med\/wp-content\/uploads\/Niki-Becker-1-f\u00fcr-Personalentwicklung-Kontakt-450x325.jpg 450w\" sizes=\"auto, (max-width: 1024px) 100vw, 1024px\" \/><\/p>\n<p><strong>Nikolaus Becker, MSc<\/strong><\/p>\n<p>Telefon: <span class=\"ff2 cf3 fs22\">+43 (0)1-<wbr \/>96 60 210<\/span><br \/> Mobil: +43 (0) 664 3868000<\/p>\n<div  class='avia-button-wrap avia-button-left  avia-builder-el-4  avia-builder-el-no-sibling ' ><a href='mailto:mailto:nbecker@becker-medsolutions.eu' class='avia-button av-av_button-46cfb96ca7716131bb7df1768eec79ea avia-icon_select-no avia-size-small avia-position-left avia-color-theme-color' target=\"_blank\" rel=\"noopener noreferrer\"><span class='avia_iconbox_title' >E-Mail<\/span><\/a><\/div>\n<\/div><\/section><\/div>\n\n<style type=\"text\/css\" data-created_by=\"avia_inline_auto\" id=\"style-css-av-av_two_third-9c1d454dc06f7247226bc4e8f931daae\">\n.flex_column.av-av_two_third-9c1d454dc06f7247226bc4e8f931daae{\nborder-radius:0px 0px 0px 0px;\n-webkit-border-radius:0px 0px 0px 0px;\n-moz-border-radius:0px 0px 0px 0px;\n}\n<\/style>\n<div class='flex_column av-av_two_third-9c1d454dc06f7247226bc4e8f931daae av_two_third  avia-builder-el-5  el_after_av_one_third  avia-builder-el-last  flex_column_div av-zero-column-padding '   ><section  class='av_textblock_section av-av_textblock-0366cc7376be6c9e82a3e9cc8987b64f'  itemscope=\"itemscope\" itemtype=\"https:\/\/schema.org\/CreativeWork\" ><div class='avia_textblock'  itemprop=\"text\" ><h1>Managementcube<\/h1>\n<p>becker: human resource solutions wertet entscheidende Erfolgsfaktoren f\u00fcr F\u00fchrungs- und Schl\u00fcsselpositionen, als auch Verkaufspositionen mit der fundierten Potenzialanalyse von \u201cmanagementcube\u201d aus.<\/p>\n<p><img loading=\"lazy\" decoding=\"async\" class=\"size-full wp-image-567 alignnone\" src=\"http:\/\/www.becker-medsolutions.eu\/hrs\/wp-content\/uploads\/Auszug-aus-Potentialanayse-Bilder.jpg\" alt=\"Auszug aus Potentialanayse Bilder\" width=\"869\" height=\"342\" \/><\/p>\n<p><strong>Die Basis liegt hierbei in einer fundierten Standortanalyse:<\/strong><\/p>\n<ul>\n<li>Wie sind die Kompetenzen heute ausgepr\u00e4gt?<\/li>\n<\/ul>\n<ul>\n<li>Wo sind Talente verborgen?<\/li>\n<\/ul>\n<ul>\n<li>Wo sind Verbesserungspotenziale zu realisieren?<\/li>\n<\/ul>\n<ul>\n<li>In welche Richtung soll sich das Teammitglied bzw.die F\u00fchrungskraft entwickeln?<\/li>\n<\/ul>\n<p>12 branchenspezifische L\u00f6sungen garantieren dabei eine exakte Messung der relevanten Kompetenzen.<\/p>\n<p>Dar\u00fcber hinaus geben Unternehmensspezifische L\u00f6sungen alle Freiheiten in der modernen Personaldiagnostik.<\/p>\n<p><strong>Mittels des aussagekr\u00e4ftigen Reportings stehen Ihnen verschiedene Berichtsformate frei w\u00e4hlbar und kombinierbar zur Verf\u00fcgung:<\/strong><\/p>\n<ul>\n<li>Kompetenzprofil<br \/> Die St\u00e4rken I Defizite I Verbesserungspotenziale auf einen Blick<\/li>\n<li>Kompetenztabelle<br \/> Der Vergleich der IST-Werte der Bewerber\/innen mit den SOLL-Werten der definierten Funktionsgruppe in Tabellenform<\/li>\n<li>Qualitative Kompetenzanalyse<br \/> Die Qualitative Kompetenzanalyse beschreibt die Ergebnisse im Detail und beinhaltet zus\u00e4tzliche Entscheidungshilfen<\/li>\n<li>Empfehlungen und Weiterentwicklungen<br \/> Managementcube I Test und Assessment Systeme geben individuelle Empfehlungen zur Weiterentwicklung der St\u00e4rken beziehungsweise Verbesserungspotenziale<\/li>\n<li>Screening I Ranking<br \/> Das Screening liefert ein Ranking \u00fcber die Bewerber\/innen eines definierten Such- und Auswahlverfahrens<\/li>\n<\/ul>\n<\/div><\/section><\/div>\n","protected":false},"excerpt":{"rendered":"","protected":false},"author":1,"featured_media":0,"parent":0,"menu_order":0,"comment_status":"closed","ping_status":"closed","template":"","meta":{"footnotes":""},"class_list":["post-445","page","type-page","status-publish","hentry"],"yoast_head":"<!-- This site is optimized with the Yoast SEO plugin v27.3 - https:\/\/yoast.com\/product\/yoast-seo-wordpress\/ -->\n<title>Managementcube - Becker Medical Human Solutions<\/title>\n<meta name=\"robots\" content=\"index, follow, max-snippet:-1, max-image-preview:large, max-video-preview:-1\" \/>\n<link rel=\"canonical\" href=\"https:\/\/www.becker-medsolutions.eu\/med\/managementcube\/\" \/>\n<meta property=\"og:locale\" content=\"de_DE\" \/>\n<meta property=\"og:type\" content=\"article\" \/>\n<meta property=\"og:title\" content=\"Managementcube - Becker Medical Human Solutions\" \/>\n<meta property=\"og:url\" content=\"https:\/\/www.becker-medsolutions.eu\/med\/managementcube\/\" \/>\n<meta property=\"og:site_name\" content=\"Becker Medical Human Solutions\" \/>\n<meta property=\"article:modified_time\" content=\"2016-08-12T18:11:29+00:00\" \/>\n<meta property=\"og:image\" content=\"http:\/\/www.becker-medsolutions.eu\/hrs\/wp-content\/uploads\/Auszug-aus-Potentialanayse-Bilder.jpg\" \/>\n<meta name=\"twitter:card\" content=\"summary_large_image\" \/>\n<meta name=\"twitter:label1\" content=\"Gesch\u00e4tzte Lesezeit\" \/>\n\t<meta name=\"twitter:data1\" content=\"2\u00a0Minuten\" \/>\n<script type=\"application\/ld+json\" class=\"yoast-schema-graph\">{\"@context\":\"https:\\\/\\\/schema.org\",\"@graph\":[{\"@type\":\"WebPage\",\"@id\":\"https:\\\/\\\/www.becker-medsolutions.eu\\\/med\\\/managementcube\\\/\",\"url\":\"https:\\\/\\\/www.becker-medsolutions.eu\\\/med\\\/managementcube\\\/\",\"name\":\"Managementcube - Becker Medical Human Solutions\",\"isPartOf\":{\"@id\":\"https:\\\/\\\/www.becker-medsolutions.eu\\\/med\\\/#website\"},\"primaryImageOfPage\":{\"@id\":\"https:\\\/\\\/www.becker-medsolutions.eu\\\/med\\\/managementcube\\\/#primaryimage\"},\"image\":{\"@id\":\"https:\\\/\\\/www.becker-medsolutions.eu\\\/med\\\/managementcube\\\/#primaryimage\"},\"thumbnailUrl\":\"http:\\\/\\\/www.becker-medsolutions.eu\\\/hrs\\\/wp-content\\\/uploads\\\/Auszug-aus-Potentialanayse-Bilder.jpg\",\"datePublished\":\"2016-08-08T08:00:04+00:00\",\"dateModified\":\"2016-08-12T18:11:29+00:00\",\"breadcrumb\":{\"@id\":\"https:\\\/\\\/www.becker-medsolutions.eu\\\/med\\\/managementcube\\\/#breadcrumb\"},\"inLanguage\":\"de\",\"potentialAction\":[{\"@type\":\"ReadAction\",\"target\":[\"https:\\\/\\\/www.becker-medsolutions.eu\\\/med\\\/managementcube\\\/\"]}]},{\"@type\":\"ImageObject\",\"inLanguage\":\"de\",\"@id\":\"https:\\\/\\\/www.becker-medsolutions.eu\\\/med\\\/managementcube\\\/#primaryimage\",\"url\":\"http:\\\/\\\/www.becker-medsolutions.eu\\\/hrs\\\/wp-content\\\/uploads\\\/Auszug-aus-Potentialanayse-Bilder.jpg\",\"contentUrl\":\"http:\\\/\\\/www.becker-medsolutions.eu\\\/hrs\\\/wp-content\\\/uploads\\\/Auszug-aus-Potentialanayse-Bilder.jpg\"},{\"@type\":\"BreadcrumbList\",\"@id\":\"https:\\\/\\\/www.becker-medsolutions.eu\\\/med\\\/managementcube\\\/#breadcrumb\",\"itemListElement\":[{\"@type\":\"ListItem\",\"position\":1,\"name\":\"Startseite\",\"item\":\"https:\\\/\\\/www.becker-medsolutions.eu\\\/med\\\/home\\\/\"},{\"@type\":\"ListItem\",\"position\":2,\"name\":\"Privat: Managementcube\"}]},{\"@type\":\"WebSite\",\"@id\":\"https:\\\/\\\/www.becker-medsolutions.eu\\\/med\\\/#website\",\"url\":\"https:\\\/\\\/www.becker-medsolutions.eu\\\/med\\\/\",\"name\":\"Becker Medical Human Solutions\",\"description\":\"Wir vermitteln europaweit medizinisches Personal &amp; bieten Training f\u00fcr Unternehmen und Mitarbeiter\",\"potentialAction\":[{\"@type\":\"SearchAction\",\"target\":{\"@type\":\"EntryPoint\",\"urlTemplate\":\"https:\\\/\\\/www.becker-medsolutions.eu\\\/med\\\/?s={search_term_string}\"},\"query-input\":{\"@type\":\"PropertyValueSpecification\",\"valueRequired\":true,\"valueName\":\"search_term_string\"}}],\"inLanguage\":\"de\"}]}<\/script>\n<!-- \/ Yoast SEO plugin. -->","yoast_head_json":{"title":"Managementcube - Becker Medical Human Solutions","robots":{"index":"index","follow":"follow","max-snippet":"max-snippet:-1","max-image-preview":"max-image-preview:large","max-video-preview":"max-video-preview:-1"},"canonical":"https:\/\/www.becker-medsolutions.eu\/med\/managementcube\/","og_locale":"de_DE","og_type":"article","og_title":"Managementcube - Becker Medical Human Solutions","og_url":"https:\/\/www.becker-medsolutions.eu\/med\/managementcube\/","og_site_name":"Becker Medical Human Solutions","article_modified_time":"2016-08-12T18:11:29+00:00","og_image":[{"url":"http:\/\/www.becker-medsolutions.eu\/hrs\/wp-content\/uploads\/Auszug-aus-Potentialanayse-Bilder.jpg","type":"","width":"","height":""}],"twitter_card":"summary_large_image","twitter_misc":{"Gesch\u00e4tzte Lesezeit":"2\u00a0Minuten"},"schema":{"@context":"https:\/\/schema.org","@graph":[{"@type":"WebPage","@id":"https:\/\/www.becker-medsolutions.eu\/med\/managementcube\/","url":"https:\/\/www.becker-medsolutions.eu\/med\/managementcube\/","name":"Managementcube - Becker Medical Human Solutions","isPartOf":{"@id":"https:\/\/www.becker-medsolutions.eu\/med\/#website"},"primaryImageOfPage":{"@id":"https:\/\/www.becker-medsolutions.eu\/med\/managementcube\/#primaryimage"},"image":{"@id":"https:\/\/www.becker-medsolutions.eu\/med\/managementcube\/#primaryimage"},"thumbnailUrl":"http:\/\/www.becker-medsolutions.eu\/hrs\/wp-content\/uploads\/Auszug-aus-Potentialanayse-Bilder.jpg","datePublished":"2016-08-08T08:00:04+00:00","dateModified":"2016-08-12T18:11:29+00:00","breadcrumb":{"@id":"https:\/\/www.becker-medsolutions.eu\/med\/managementcube\/#breadcrumb"},"inLanguage":"de","potentialAction":[{"@type":"ReadAction","target":["https:\/\/www.becker-medsolutions.eu\/med\/managementcube\/"]}]},{"@type":"ImageObject","inLanguage":"de","@id":"https:\/\/www.becker-medsolutions.eu\/med\/managementcube\/#primaryimage","url":"http:\/\/www.becker-medsolutions.eu\/hrs\/wp-content\/uploads\/Auszug-aus-Potentialanayse-Bilder.jpg","contentUrl":"http:\/\/www.becker-medsolutions.eu\/hrs\/wp-content\/uploads\/Auszug-aus-Potentialanayse-Bilder.jpg"},{"@type":"BreadcrumbList","@id":"https:\/\/www.becker-medsolutions.eu\/med\/managementcube\/#breadcrumb","itemListElement":[{"@type":"ListItem","position":1,"name":"Startseite","item":"https:\/\/www.becker-medsolutions.eu\/med\/home\/"},{"@type":"ListItem","position":2,"name":"Privat: Managementcube"}]},{"@type":"WebSite","@id":"https:\/\/www.becker-medsolutions.eu\/med\/#website","url":"https:\/\/www.becker-medsolutions.eu\/med\/","name":"Becker Medical Human Solutions","description":"Wir vermitteln europaweit medizinisches Personal &amp; bieten Training f\u00fcr Unternehmen und Mitarbeiter","potentialAction":[{"@type":"SearchAction","target":{"@type":"EntryPoint","urlTemplate":"https:\/\/www.becker-medsolutions.eu\/med\/?s={search_term_string}"},"query-input":{"@type":"PropertyValueSpecification","valueRequired":true,"valueName":"search_term_string"}}],"inLanguage":"de"}]}},"_links":{"self":[{"href":"https:\/\/www.becker-medsolutions.eu\/med\/wp-json\/wp\/v2\/pages\/445","targetHints":{"allow":["GET"]}}],"collection":[{"href":"https:\/\/www.becker-medsolutions.eu\/med\/wp-json\/wp\/v2\/pages"}],"about":[{"href":"https:\/\/www.becker-medsolutions.eu\/med\/wp-json\/wp\/v2\/types\/page"}],"author":[{"embeddable":true,"href":"https:\/\/www.becker-medsolutions.eu\/med\/wp-json\/wp\/v2\/users\/1"}],"replies":[{"embeddable":true,"href":"https:\/\/www.becker-medsolutions.eu\/med\/wp-json\/wp\/v2\/comments?post=445"}],"version-history":[{"count":1,"href":"https:\/\/www.becker-medsolutions.eu\/med\/wp-json\/wp\/v2\/pages\/445\/revisions"}],"predecessor-version":[{"id":446,"href":"https:\/\/www.becker-medsolutions.eu\/med\/wp-json\/wp\/v2\/pages\/445\/revisions\/446"}],"wp:attachment":[{"href":"https:\/\/www.becker-medsolutions.eu\/med\/wp-json\/wp\/v2\/media?parent=445"}],"curies":[{"name":"wp","href":"https:\/\/api.w.org\/{rel}","templated":true}]}}