{"id":588,"date":"2016-08-11T12:20:51","date_gmt":"2016-08-11T10:20:51","guid":{"rendered":"http:\/\/www.becker-medsolutions.eu\/med\/?page_id=588&#038;lang=cs"},"modified":"2026-03-03T18:17:54","modified_gmt":"2026-03-03T17:17:54","slug":"service-for-candidates-nas-servis-pre-uchadzacov","status":"publish","type":"page","link":"https:\/\/www.becker-medsolutions.eu\/med\/service-for-candidates-nas-servis-pre-uchadzacov\/?lang=cs","title":{"rendered":"Service for candidates &#8211; N\u00e1\u0161 servis pre uch\u00e1dza\u010dov"},"content":{"rendered":"\n<style type=\"text\/css\" data-created_by=\"avia_inline_auto\" id=\"style-css-av-mmavffm5-079194ad7af6265cd33ce17dc027b2c8\">\n.avia-image-container.av-mmavffm5-079194ad7af6265cd33ce17dc027b2c8 .av-image-caption-overlay-center{\ncolor:#ffffff;\n}\n<\/style>\n<div  class='avia-image-container av-mmavffm5-079194ad7af6265cd33ce17dc027b2c8 av-styling- avia-align-center  avia-builder-el-0  el_before_av_image  avia-builder-el-first '  itemprop=\"image\" itemscope=\"itemscope\" itemtype=\"https:\/\/schema.org\/ImageObject\" ><div class=\"avia-image-container-inner\"><div class=\"avia-image-overlay-wrap\"><img decoding=\"async\" class='wp-image-2906 avia-img-lazy-loading-not-2906 avia_image' src=\"https:\/\/www.becker-medsolutions.eu\/med\/wp-content\/uploads\/service-kandidaten.jpg\" alt='' title='service kandidaten'  height=\"430\" width=\"1500\"  itemprop=\"thumbnailUrl\" srcset=\"https:\/\/www.becker-medsolutions.eu\/med\/wp-content\/uploads\/service-kandidaten.jpg 1500w, https:\/\/www.becker-medsolutions.eu\/med\/wp-content\/uploads\/service-kandidaten-300x86.jpg 300w, https:\/\/www.becker-medsolutions.eu\/med\/wp-content\/uploads\/service-kandidaten-1030x295.jpg 1030w, https:\/\/www.becker-medsolutions.eu\/med\/wp-content\/uploads\/service-kandidaten-768x220.jpg 768w, https:\/\/www.becker-medsolutions.eu\/med\/wp-content\/uploads\/service-kandidaten-705x202.jpg 705w, https:\/\/www.becker-medsolutions.eu\/med\/wp-content\/uploads\/service-kandidaten-350x100.jpg 350w\" sizes=\"(max-width: 1500px) 100vw, 1500px\" \/><\/div><\/div><\/div>\n\n\n<style type=\"text\/css\" data-created_by=\"avia_inline_auto\" id=\"style-css-av-av_hr-0688d0b0b6ed2f8b057db7a8270206df\">\n#top .hr.hr-invisible.av-av_hr-0688d0b0b6ed2f8b057db7a8270206df{\nheight:50px;\n}\n<\/style>\n<div  class='hr av-av_hr-0688d0b0b6ed2f8b057db7a8270206df hr-invisible  avia-builder-el-2  el_after_av_image  el_before_av_one_third '><span class='hr-inner '><span class=\"hr-inner-style\"><\/span><\/span><\/div>\n\n<style type=\"text\/css\" data-created_by=\"avia_inline_auto\" id=\"style-css-av-av_one_third-996cb3e291542f0ab2a625e4a74dfd5d\">\n.flex_column.av-av_one_third-996cb3e291542f0ab2a625e4a74dfd5d{\nborder-radius:0px 0px 0px 0px;\n-webkit-border-radius:0px 0px 0px 0px;\n-moz-border-radius:0px 0px 0px 0px;\npadding:20px 20px 20px 20px;\nbackground-color:#f5f5f5;\n}\n<\/style>\n<div class='flex_column av-av_one_third-996cb3e291542f0ab2a625e4a74dfd5d av_one_third  avia-builder-el-3  el_after_av_hr  el_before_av_two_third  first flex_column_div '   ><section  class='av_textblock_section av-av_textblock-0366cc7376be6c9e82a3e9cc8987b64f'  itemscope=\"itemscope\" itemtype=\"https:\/\/schema.org\/CreativeWork\" ><div class='avia_textblock'  itemprop=\"text\" ><h2>Contact<\/h2>\n<p>If you would like more information or would like to apply for a position, please contact me.<\/p>\n<p><img loading=\"lazy\" decoding=\"async\" class=\"alignnone wp-image-312 size-large\" src=\"https:\/\/www.becker-medsolutions.eu\/med\/wp-content\/uploads\/Niki-Becker-1-f\u00fcr-Personalentwicklung-Kontakt-x-1024x739.jpg\" width=\"1024\" height=\"739\" srcset=\"https:\/\/www.becker-medsolutions.eu\/med\/wp-content\/uploads\/Niki-Becker-1-f\u00fcr-Personalentwicklung-Kontakt-x-1024x739.jpg 1024w, https:\/\/www.becker-medsolutions.eu\/med\/wp-content\/uploads\/Niki-Becker-1-f\u00fcr-Personalentwicklung-Kontakt-x-300x217.jpg 300w, https:\/\/www.becker-medsolutions.eu\/med\/wp-content\/uploads\/Niki-Becker-1-f\u00fcr-Personalentwicklung-Kontakt-x-768x555.jpg 768w, https:\/\/www.becker-medsolutions.eu\/med\/wp-content\/uploads\/Niki-Becker-1-f\u00fcr-Personalentwicklung-Kontakt-x-1500x1083.jpg 1500w, https:\/\/www.becker-medsolutions.eu\/med\/wp-content\/uploads\/Niki-Becker-1-f\u00fcr-Personalentwicklung-Kontakt-x-705x509.jpg 705w, https:\/\/www.becker-medsolutions.eu\/med\/wp-content\/uploads\/Niki-Becker-1-f\u00fcr-Personalentwicklung-Kontakt-x-450x325.jpg 450w\" sizes=\"auto, (max-width: 1024px) 100vw, 1024px\" \/><\/p>\n<p><strong>Nikolaus Becker, MSc<\/strong><\/p>\n<p>phone: +43 (0)1-<wbr \/>96 60 210<br \/>\nmobile: +43 (0) 664 3868000<\/p>\n<div  class='avia-button-wrap avia-button-left  avia-builder-el-5  avia-builder-el-no-sibling ' ><a href='mailto:mailto:nbecker@becker-medsolutions.eu' class='avia-button av-av_button-46cfb96ca7716131bb7df1768eec79ea avia-icon_select-no avia-size-small avia-position-left avia-color-theme-color' target=\"_blank\" rel=\"noopener noreferrer\"><span class='avia_iconbox_title' >E-Mail<\/span><\/a><\/div>\n<\/div><\/section><\/div>\n\n<style type=\"text\/css\" data-created_by=\"avia_inline_auto\" id=\"style-css-av-av_two_third-9c1d454dc06f7247226bc4e8f931daae\">\n.flex_column.av-av_two_third-9c1d454dc06f7247226bc4e8f931daae{\nborder-radius:0px 0px 0px 0px;\n-webkit-border-radius:0px 0px 0px 0px;\n-moz-border-radius:0px 0px 0px 0px;\n}\n<\/style>\n<div class='flex_column av-av_two_third-9c1d454dc06f7247226bc4e8f931daae av_two_third  avia-builder-el-6  el_after_av_one_third  el_before_av_textblock  flex_column_div av-zero-column-padding '   ><section  class='av_textblock_section av-av_textblock-0366cc7376be6c9e82a3e9cc8987b64f'  itemscope=\"itemscope\" itemtype=\"https:\/\/schema.org\/CreativeWork\" ><div class='avia_textblock'  itemprop=\"text\" ><h1>N\u00e1\u0161 servis pre uch\u00e1dza\u010dov<\/h1>\n<p>Sme t\u00edm \u0161pecialistov, ktor\u00fd sa kompetentne a \u010dasto aj vo Va\u0161om rodnom jazyku o V\u00e1s star\u00e1 a podporuje V\u00e1s.<\/p>\n<h2>Pon\u00fakame V\u00e1m sprostredkovanie zamestania v\u00a0nasleduj\u00facich nemecky hovoriacich krajin\u00e1ch:<\/h2>\n<ul>\n<li>Rak\u00fasko<\/li>\n<li>N\u00e9mecko<\/li>\n<li>\u0160vaj\u010diarsko<\/li>\n<\/ul>\n<h2>Akt\u00edvne V\u00e1s sprev\u00e1dzame a\u00a0podporujeme pri:<\/h2>\n<ul>\n<li>v\u00fdbere pracovn\u00e9ho zaradenia a vhodnej nemocnice v\u00a0regione ktor\u00fd si sami vyberiete<\/li>\n<li>kvalifika\u010dnej \u0161k\u00fa\u0161ke. Na z\u00e1klade Va\u0161ej kvalifik\u00e1cie a\u00a0pracovn\u00fdch sk\u00fasenosti V\u00e1m doporu\u010d\u00edme vhodn\u00fa mo\u017enos\u0165 zamestnania<\/li>\n<li>prerokovan\u00ed zmluvy s\u00a0bud\u00facim zamestn\u00e1vatelom<\/li>\n<li>vybavovan\u00ed administrat\u00edvnych z\u00e1le\u017eitost\u00ed napr: potrebn\u00e9 dokumenty, preklady a\u00a0overenia. T\u00fdmto V\u00e1m u\u0161etr\u00edme p\u00e1r t\u00fd\u017ed\u0148ov a\u017e mesiacov zd\u013ahavej pr\u00e1ce.<\/li>\n<li>nadviazan\u00ed kontaktu s\u00a0jazykovou \u0161kolou vo vybratej krajine<\/li>\n<li>\u00faradn\u00fdch z\u00e1le\u017eitostiach a\u017e po z\u00e1pis do lek\u00e1rskej listiny \/ povolenie k\u00a0vykon\u00e1vaniu pracovnej \u010dinnosti<\/li>\n<li>pri eventu\u00e1lnych rozhovoroch ako napr. s\u00a0\u00faradmi a\u00a0Va\u0161im bud\u00facim zamestn\u00e1vatelom<\/li>\n<\/ul>\n<h2>Podla potreby V\u00e1m radi pomo\u017eeme :<\/h2>\n<ul>\n<li>pri hladan\u00ed slu\u017eobn\u00e9ho bytu<\/li>\n<li>pri hladan\u00ed pracovnej mo\u017enosti pre V\u00e1\u0161ho partnera<\/li>\n<\/ul>\n<p>V\u0161etky na\u0161e slu\u017eby s\u00fa pre V\u00e1s bezplatn\u00e9.<\/p>\n<\/div><\/section><\/div>\n<section  class='av_textblock_section av-av_textblock-0366cc7376be6c9e82a3e9cc8987b64f'  itemscope=\"itemscope\" itemtype=\"https:\/\/schema.org\/CreativeWork\" ><div class='avia_textblock'  itemprop=\"text\" ><\/div><\/section>\n","protected":false},"excerpt":{"rendered":"","protected":false},"author":1,"featured_media":0,"parent":0,"menu_order":0,"comment_status":"closed","ping_status":"closed","template":"","meta":{"footnotes":""},"class_list":["post-588","page","type-page","status-publish","hentry"],"yoast_head":"<!-- This site is optimized with the Yoast SEO plugin v27.3 - https:\/\/yoast.com\/product\/yoast-seo-wordpress\/ -->\n<title>Service for candidates - N\u00e1\u0161 servis pre uch\u00e1dza\u010dov - Becker Medical Human Solutions<\/title>\n<meta name=\"robots\" content=\"index, follow, max-snippet:-1, max-image-preview:large, max-video-preview:-1\" \/>\n<link rel=\"canonical\" href=\"https:\/\/www.becker-medsolutions.eu\/med\/service-for-candidates-nas-servis-pre-uchadzacov\/?lang=cs\" \/>\n<meta property=\"og:locale\" content=\"de_DE\" \/>\n<meta property=\"og:type\" content=\"article\" \/>\n<meta property=\"og:title\" content=\"Service for candidates - N\u00e1\u0161 servis pre uch\u00e1dza\u010dov - Becker Medical Human Solutions\" \/>\n<meta property=\"og:url\" content=\"https:\/\/www.becker-medsolutions.eu\/med\/service-for-candidates-nas-servis-pre-uchadzacov\/?lang=cs\" \/>\n<meta property=\"og:site_name\" content=\"Becker Medical Human Solutions\" \/>\n<meta property=\"article:modified_time\" content=\"2026-03-03T17:17:54+00:00\" \/>\n<meta name=\"twitter:card\" content=\"summary_large_image\" \/>\n<meta name=\"twitter:label1\" content=\"Gesch\u00e4tzte Lesezeit\" \/>\n\t<meta name=\"twitter:data1\" content=\"2\u00a0Minuten\" \/>\n<script type=\"application\/ld+json\" class=\"yoast-schema-graph\">{\"@context\":\"https:\\\/\\\/schema.org\",\"@graph\":[{\"@type\":\"WebPage\",\"@id\":\"https:\\\/\\\/www.becker-medsolutions.eu\\\/med\\\/service-for-candidates-nas-servis-pre-uchadzacov\\\/?lang=cs\",\"url\":\"https:\\\/\\\/www.becker-medsolutions.eu\\\/med\\\/service-for-candidates-nas-servis-pre-uchadzacov\\\/?lang=cs\",\"name\":\"Service for candidates - N\u00e1\u0161 servis pre uch\u00e1dza\u010dov - Becker Medical Human Solutions\",\"isPartOf\":{\"@id\":\"https:\\\/\\\/www.becker-medsolutions.eu\\\/med\\\/#website\"},\"datePublished\":\"2016-08-11T10:20:51+00:00\",\"dateModified\":\"2026-03-03T17:17:54+00:00\",\"breadcrumb\":{\"@id\":\"https:\\\/\\\/www.becker-medsolutions.eu\\\/med\\\/service-for-candidates-nas-servis-pre-uchadzacov\\\/?lang=cs#breadcrumb\"},\"inLanguage\":\"de\",\"potentialAction\":[{\"@type\":\"ReadAction\",\"target\":[\"https:\\\/\\\/www.becker-medsolutions.eu\\\/med\\\/service-for-candidates-nas-servis-pre-uchadzacov\\\/?lang=cs\"]}]},{\"@type\":\"BreadcrumbList\",\"@id\":\"https:\\\/\\\/www.becker-medsolutions.eu\\\/med\\\/service-for-candidates-nas-servis-pre-uchadzacov\\\/?lang=cs#breadcrumb\",\"itemListElement\":[{\"@type\":\"ListItem\",\"position\":1,\"name\":\"Startseite\",\"item\":\"https:\\\/\\\/www.becker-medsolutions.eu\\\/med\\\/home\\\/\"},{\"@type\":\"ListItem\",\"position\":2,\"name\":\"Service for candidates &#8211; N\u00e1\u0161 servis pre uch\u00e1dza\u010dov\"}]},{\"@type\":\"WebSite\",\"@id\":\"https:\\\/\\\/www.becker-medsolutions.eu\\\/med\\\/#website\",\"url\":\"https:\\\/\\\/www.becker-medsolutions.eu\\\/med\\\/\",\"name\":\"Becker Medical Human Solutions\",\"description\":\"Wir vermitteln europaweit medizinisches Personal &amp; bieten Training f\u00fcr Unternehmen und Mitarbeiter\",\"potentialAction\":[{\"@type\":\"SearchAction\",\"target\":{\"@type\":\"EntryPoint\",\"urlTemplate\":\"https:\\\/\\\/www.becker-medsolutions.eu\\\/med\\\/?s={search_term_string}\"},\"query-input\":{\"@type\":\"PropertyValueSpecification\",\"valueRequired\":true,\"valueName\":\"search_term_string\"}}],\"inLanguage\":\"de\"}]}<\/script>\n<!-- \/ Yoast SEO plugin. -->","yoast_head_json":{"title":"Service for candidates - N\u00e1\u0161 servis pre uch\u00e1dza\u010dov - Becker Medical Human Solutions","robots":{"index":"index","follow":"follow","max-snippet":"max-snippet:-1","max-image-preview":"max-image-preview:large","max-video-preview":"max-video-preview:-1"},"canonical":"https:\/\/www.becker-medsolutions.eu\/med\/service-for-candidates-nas-servis-pre-uchadzacov\/?lang=cs","og_locale":"de_DE","og_type":"article","og_title":"Service for candidates - N\u00e1\u0161 servis pre uch\u00e1dza\u010dov - Becker Medical Human Solutions","og_url":"https:\/\/www.becker-medsolutions.eu\/med\/service-for-candidates-nas-servis-pre-uchadzacov\/?lang=cs","og_site_name":"Becker Medical Human Solutions","article_modified_time":"2026-03-03T17:17:54+00:00","twitter_card":"summary_large_image","twitter_misc":{"Gesch\u00e4tzte Lesezeit":"2\u00a0Minuten"},"schema":{"@context":"https:\/\/schema.org","@graph":[{"@type":"WebPage","@id":"https:\/\/www.becker-medsolutions.eu\/med\/service-for-candidates-nas-servis-pre-uchadzacov\/?lang=cs","url":"https:\/\/www.becker-medsolutions.eu\/med\/service-for-candidates-nas-servis-pre-uchadzacov\/?lang=cs","name":"Service for candidates - N\u00e1\u0161 servis pre uch\u00e1dza\u010dov - Becker Medical Human Solutions","isPartOf":{"@id":"https:\/\/www.becker-medsolutions.eu\/med\/#website"},"datePublished":"2016-08-11T10:20:51+00:00","dateModified":"2026-03-03T17:17:54+00:00","breadcrumb":{"@id":"https:\/\/www.becker-medsolutions.eu\/med\/service-for-candidates-nas-servis-pre-uchadzacov\/?lang=cs#breadcrumb"},"inLanguage":"de","potentialAction":[{"@type":"ReadAction","target":["https:\/\/www.becker-medsolutions.eu\/med\/service-for-candidates-nas-servis-pre-uchadzacov\/?lang=cs"]}]},{"@type":"BreadcrumbList","@id":"https:\/\/www.becker-medsolutions.eu\/med\/service-for-candidates-nas-servis-pre-uchadzacov\/?lang=cs#breadcrumb","itemListElement":[{"@type":"ListItem","position":1,"name":"Startseite","item":"https:\/\/www.becker-medsolutions.eu\/med\/home\/"},{"@type":"ListItem","position":2,"name":"Service for candidates &#8211; N\u00e1\u0161 servis pre uch\u00e1dza\u010dov"}]},{"@type":"WebSite","@id":"https:\/\/www.becker-medsolutions.eu\/med\/#website","url":"https:\/\/www.becker-medsolutions.eu\/med\/","name":"Becker Medical Human Solutions","description":"Wir vermitteln europaweit medizinisches Personal &amp; bieten Training f\u00fcr Unternehmen und Mitarbeiter","potentialAction":[{"@type":"SearchAction","target":{"@type":"EntryPoint","urlTemplate":"https:\/\/www.becker-medsolutions.eu\/med\/?s={search_term_string}"},"query-input":{"@type":"PropertyValueSpecification","valueRequired":true,"valueName":"search_term_string"}}],"inLanguage":"de"}]}},"_links":{"self":[{"href":"https:\/\/www.becker-medsolutions.eu\/med\/wp-json\/wp\/v2\/pages\/588","targetHints":{"allow":["GET"]}}],"collection":[{"href":"https:\/\/www.becker-medsolutions.eu\/med\/wp-json\/wp\/v2\/pages"}],"about":[{"href":"https:\/\/www.becker-medsolutions.eu\/med\/wp-json\/wp\/v2\/types\/page"}],"author":[{"embeddable":true,"href":"https:\/\/www.becker-medsolutions.eu\/med\/wp-json\/wp\/v2\/users\/1"}],"replies":[{"embeddable":true,"href":"https:\/\/www.becker-medsolutions.eu\/med\/wp-json\/wp\/v2\/comments?post=588"}],"version-history":[{"count":5,"href":"https:\/\/www.becker-medsolutions.eu\/med\/wp-json\/wp\/v2\/pages\/588\/revisions"}],"predecessor-version":[{"id":2990,"href":"https:\/\/www.becker-medsolutions.eu\/med\/wp-json\/wp\/v2\/pages\/588\/revisions\/2990"}],"wp:attachment":[{"href":"https:\/\/www.becker-medsolutions.eu\/med\/wp-json\/wp\/v2\/media?parent=588"}],"curies":[{"name":"wp","href":"https:\/\/api.w.org\/{rel}","templated":true}]}}