{"id":592,"date":"2016-08-11T12:22:50","date_gmt":"2016-08-11T10:22:50","guid":{"rendered":"http:\/\/www.becker-medsolutions.eu\/med\/?page_id=592&#038;lang=hu"},"modified":"2026-03-03T18:18:53","modified_gmt":"2026-03-03T17:18:53","slug":"service-fuer-kandiaten-szolgaltatasaink-munkavallaloknak","status":"publish","type":"page","link":"https:\/\/www.becker-medsolutions.eu\/med\/service-fuer-kandiaten-szolgaltatasaink-munkavallaloknak\/?lang=hu","title":{"rendered":"Service f\u00fcr Kandiaten &#8211; Szolg\u00e1ltat\u00e1saink munkav\u00e1llal\u00f3knak"},"content":{"rendered":"\n<style type=\"text\/css\" data-created_by=\"avia_inline_auto\" id=\"style-css-av-mmavgok1-804f8573eeab1b8a4c2f1a67958e4ff9\">\n.avia-image-container.av-mmavgok1-804f8573eeab1b8a4c2f1a67958e4ff9 .av-image-caption-overlay-center{\ncolor:#ffffff;\n}\n<\/style>\n<div  class='avia-image-container av-mmavgok1-804f8573eeab1b8a4c2f1a67958e4ff9 av-styling- avia-align-center  avia-builder-el-0  el_before_av_image  avia-builder-el-first '  itemprop=\"image\" itemscope=\"itemscope\" itemtype=\"https:\/\/schema.org\/ImageObject\" ><div class=\"avia-image-container-inner\"><div class=\"avia-image-overlay-wrap\"><img decoding=\"async\" class='wp-image-2906 avia-img-lazy-loading-not-2906 avia_image' src=\"https:\/\/www.becker-medsolutions.eu\/med\/wp-content\/uploads\/service-kandidaten.jpg\" alt='' title='service kandidaten'  height=\"430\" width=\"1500\"  itemprop=\"thumbnailUrl\" srcset=\"https:\/\/www.becker-medsolutions.eu\/med\/wp-content\/uploads\/service-kandidaten.jpg 1500w, https:\/\/www.becker-medsolutions.eu\/med\/wp-content\/uploads\/service-kandidaten-300x86.jpg 300w, https:\/\/www.becker-medsolutions.eu\/med\/wp-content\/uploads\/service-kandidaten-1030x295.jpg 1030w, https:\/\/www.becker-medsolutions.eu\/med\/wp-content\/uploads\/service-kandidaten-768x220.jpg 768w, https:\/\/www.becker-medsolutions.eu\/med\/wp-content\/uploads\/service-kandidaten-705x202.jpg 705w, https:\/\/www.becker-medsolutions.eu\/med\/wp-content\/uploads\/service-kandidaten-350x100.jpg 350w\" sizes=\"(max-width: 1500px) 100vw, 1500px\" \/><\/div><\/div><\/div>\n\n\n<style type=\"text\/css\" data-created_by=\"avia_inline_auto\" id=\"style-css-av-av_hr-0688d0b0b6ed2f8b057db7a8270206df\">\n#top .hr.hr-invisible.av-av_hr-0688d0b0b6ed2f8b057db7a8270206df{\nheight:50px;\n}\n<\/style>\n<div  class='hr av-av_hr-0688d0b0b6ed2f8b057db7a8270206df hr-invisible  avia-builder-el-2  el_after_av_image  el_before_av_one_third '><span class='hr-inner '><span class=\"hr-inner-style\"><\/span><\/span><\/div>\n\n<style type=\"text\/css\" data-created_by=\"avia_inline_auto\" id=\"style-css-av-av_one_third-996cb3e291542f0ab2a625e4a74dfd5d\">\n.flex_column.av-av_one_third-996cb3e291542f0ab2a625e4a74dfd5d{\nborder-radius:0px 0px 0px 0px;\n-webkit-border-radius:0px 0px 0px 0px;\n-moz-border-radius:0px 0px 0px 0px;\npadding:20px 20px 20px 20px;\nbackground-color:#f5f5f5;\n}\n<\/style>\n<div class='flex_column av-av_one_third-996cb3e291542f0ab2a625e4a74dfd5d av_one_third  avia-builder-el-3  el_after_av_hr  el_before_av_two_third  first flex_column_div '   ><section  class='av_textblock_section av-av_textblock-0366cc7376be6c9e82a3e9cc8987b64f'  itemscope=\"itemscope\" itemtype=\"https:\/\/schema.org\/CreativeWork\" ><div class='avia_textblock'  itemprop=\"text\" ><h2>Contact<\/h2>\n<p>If you would like more information or would like to apply for a position, please contact me.<\/p>\n<p><img loading=\"lazy\" decoding=\"async\" class=\"alignnone wp-image-312 size-large\" src=\"https:\/\/www.becker-medsolutions.eu\/med\/wp-content\/uploads\/Niki-Becker-1-f\u00fcr-Personalentwicklung-Kontakt-x-1024x739.jpg\" width=\"1024\" height=\"739\" srcset=\"https:\/\/www.becker-medsolutions.eu\/med\/wp-content\/uploads\/Niki-Becker-1-f\u00fcr-Personalentwicklung-Kontakt-x-1024x739.jpg 1024w, https:\/\/www.becker-medsolutions.eu\/med\/wp-content\/uploads\/Niki-Becker-1-f\u00fcr-Personalentwicklung-Kontakt-x-300x217.jpg 300w, https:\/\/www.becker-medsolutions.eu\/med\/wp-content\/uploads\/Niki-Becker-1-f\u00fcr-Personalentwicklung-Kontakt-x-768x555.jpg 768w, https:\/\/www.becker-medsolutions.eu\/med\/wp-content\/uploads\/Niki-Becker-1-f\u00fcr-Personalentwicklung-Kontakt-x-1500x1083.jpg 1500w, https:\/\/www.becker-medsolutions.eu\/med\/wp-content\/uploads\/Niki-Becker-1-f\u00fcr-Personalentwicklung-Kontakt-x-705x509.jpg 705w, https:\/\/www.becker-medsolutions.eu\/med\/wp-content\/uploads\/Niki-Becker-1-f\u00fcr-Personalentwicklung-Kontakt-x-450x325.jpg 450w\" sizes=\"auto, (max-width: 1024px) 100vw, 1024px\" \/><\/p>\n<p><strong>Nikolaus Becker, MSc<\/strong><\/p>\n<p>phone: +43 (0)1-<wbr \/>96 60 210<br \/>\nmobile: +43 (0) 664 3868000<\/p>\n<div  class='avia-button-wrap avia-button-left  avia-builder-el-5  avia-builder-el-no-sibling ' ><a href='mailto:mailto:nbecker@becker-medsolutions.eu' class='avia-button av-av_button-46cfb96ca7716131bb7df1768eec79ea avia-icon_select-no avia-size-small avia-position-left avia-color-theme-color' target=\"_blank\" rel=\"noopener noreferrer\"><span class='avia_iconbox_title' >E-Mail<\/span><\/a><\/div>\n<\/div><\/section><\/div>\n\n<style type=\"text\/css\" data-created_by=\"avia_inline_auto\" id=\"style-css-av-av_two_third-9c1d454dc06f7247226bc4e8f931daae\">\n.flex_column.av-av_two_third-9c1d454dc06f7247226bc4e8f931daae{\nborder-radius:0px 0px 0px 0px;\n-webkit-border-radius:0px 0px 0px 0px;\n-moz-border-radius:0px 0px 0px 0px;\n}\n<\/style>\n<div class='flex_column av-av_two_third-9c1d454dc06f7247226bc4e8f931daae av_two_third  avia-builder-el-6  el_after_av_one_third  el_before_av_textblock  flex_column_div av-zero-column-padding '   ><section  class='av_textblock_section av-av_textblock-0366cc7376be6c9e82a3e9cc8987b64f'  itemscope=\"itemscope\" itemtype=\"https:\/\/schema.org\/CreativeWork\" ><div class='avia_textblock'  itemprop=\"text\" ><h1>Szolg\u00e1ltat\u00e1saink munkav\u00e1llal\u00f3knak<\/h1>\n<p>Egy csapat szakember \u00e1ll kompetensen rendelkez\u00e9s\u00e9re es k\u00e9rd\u00e9seiket az \u00d6n anyanyelv\u00e9ben v\u00e1laszoljuk meg.<\/p>\n<h2>K\u00f6vetkez\u00f6 n\u00e9met nyelv\u0171 orsz\u00e1gokba k\u00f6zvetit\u00fcnk:<\/h2>\n<ul>\n<li>Ausztria<\/li>\n<li>N\u00e9metorsz\u00e1g<\/li>\n<li>Sv\u00e1jc<\/li>\n<\/ul>\n<h2>Figyelemmel \u00e9s aktivan k\u00eds\u00e9rj\u00fck \u00e9s t\u00e1mogatjuk \u00d6nt a k\u00f6vetkez\u00f6kn\u00e9l:<\/h2>\n<ul>\n<li>seg\u00edt\u00fcnk a megfelel\u00f6 k\u00f3rh\u00e1zban, a\u00a0 megfelel\u00f6 poz\u00edci\u00f3t kiv\u00e1lasztani a k\u00edv\u00e1nt ter\u00fcleten.<\/li>\n<li>az \u00d6n k\u00e9pes\u00edt\u00e9se \u00e9s az edigi szakmai tapasztalata alapj\u00e1n seg\u00edt\u00fcnk a megfelel\u0151 pozici\u00f3t kiv\u00e1lasztani<\/li>\n<li>seg\u00edt\u00fcnk a j\u00f6v\u0151beni munk\u00e1ltat\u00f3kkal t\u00e1rgyalni.<\/li>\n<li>seg\u00edt\u00fcnk az \u00f6sszes adminisztrativ dolgokat elint\u00e9zni. Ehhez tartozik: a sz\u00fcks\u00e9ges okm\u00e1nyok, ford\u00edt\u00e1sok \u00e9s hiteles\u00edt\u00e9s. Ez\u00faton \u00d6n megsp\u00f3r\u00f3l heteket, honapokat a b\u00fcrokr\u00e1cia \u00fatveszt\u00f6j\u00e9ben.<\/li>\n<li>seg\u00edt\u00fcnk hogy az \u00d6nh\u00f6z legk\u00f6zelebb l\u00e9v\u00f6 n\u00e9met nyelv\u00fc int\u00e9zetben felv\u00e9telt nyerjen.<\/li>\n<li>seg\u00edt\u00fcnk \u00d6nnek a legt\u00f6bb hivatalos \u00fatn\u00e1l, pl. feliratkozni az orvosi jelenl\u00e9t\u00edvre<br \/>\nvalamint a munkaenged\u00e9ly elint\u00e9z\u00e9s\u00e9ben stb.<\/li>\n<li>mindenf\u00e9le ut\u00e1nk\u00e9rd\u00e9sn\u00e9l, pl. a hat\u00f3s\u00e1gokt\u00f3l vagy a j\u00f6vend\u00f6beli munkaad\u00f3kt\u00f3l.<\/li>\n<\/ul>\n<h2>Szivesen seg\u00edt\u00fcnk ha sz\u00fcks\u00e9ges ezen k\u00edv\u00fcl:<\/h2>\n<ul>\n<li>egy szolg\u00e1lati lak\u00e1s keres\u00e9s\u00e9ben \u00e9s<\/li>\n<li>a partner\u00e9nek munkahely tal\u00e1l\u00e1s\u00e1ban<\/li>\n<\/ul>\n<\/div><\/section><\/div>\n<section  class='av_textblock_section av-av_textblock-0366cc7376be6c9e82a3e9cc8987b64f'  itemscope=\"itemscope\" itemtype=\"https:\/\/schema.org\/CreativeWork\" ><div class='avia_textblock'  itemprop=\"text\" ><\/div><\/section>\n","protected":false},"excerpt":{"rendered":"","protected":false},"author":1,"featured_media":0,"parent":0,"menu_order":0,"comment_status":"closed","ping_status":"closed","template":"","meta":{"footnotes":""},"class_list":["post-592","page","type-page","status-publish","hentry"],"yoast_head":"<!-- This site is optimized with the Yoast SEO plugin v27.3 - https:\/\/yoast.com\/product\/yoast-seo-wordpress\/ -->\n<title>Service f\u00fcr Kandiaten - Szolg\u00e1ltat\u00e1saink munkav\u00e1llal\u00f3knak - Becker Medical Human Solutions<\/title>\n<meta name=\"robots\" content=\"index, follow, max-snippet:-1, max-image-preview:large, max-video-preview:-1\" \/>\n<link rel=\"canonical\" href=\"https:\/\/www.becker-medsolutions.eu\/med\/service-fuer-kandiaten-szolgaltatasaink-munkavallaloknak\/?lang=hu\" \/>\n<meta property=\"og:locale\" content=\"de_DE\" \/>\n<meta property=\"og:type\" content=\"article\" \/>\n<meta property=\"og:title\" content=\"Service f\u00fcr Kandiaten - Szolg\u00e1ltat\u00e1saink munkav\u00e1llal\u00f3knak - Becker Medical Human Solutions\" \/>\n<meta property=\"og:url\" content=\"https:\/\/www.becker-medsolutions.eu\/med\/service-fuer-kandiaten-szolgaltatasaink-munkavallaloknak\/?lang=hu\" \/>\n<meta property=\"og:site_name\" content=\"Becker Medical Human Solutions\" \/>\n<meta property=\"article:modified_time\" content=\"2026-03-03T17:18:53+00:00\" \/>\n<meta name=\"twitter:card\" content=\"summary_large_image\" \/>\n<meta name=\"twitter:label1\" content=\"Gesch\u00e4tzte Lesezeit\" \/>\n\t<meta name=\"twitter:data1\" content=\"2\u00a0Minuten\" \/>\n<script type=\"application\/ld+json\" class=\"yoast-schema-graph\">{\"@context\":\"https:\\\/\\\/schema.org\",\"@graph\":[{\"@type\":\"WebPage\",\"@id\":\"https:\\\/\\\/www.becker-medsolutions.eu\\\/med\\\/service-fuer-kandiaten-szolgaltatasaink-munkavallaloknak\\\/?lang=hu\",\"url\":\"https:\\\/\\\/www.becker-medsolutions.eu\\\/med\\\/service-fuer-kandiaten-szolgaltatasaink-munkavallaloknak\\\/?lang=hu\",\"name\":\"Service f\u00fcr Kandiaten - Szolg\u00e1ltat\u00e1saink munkav\u00e1llal\u00f3knak - Becker Medical Human Solutions\",\"isPartOf\":{\"@id\":\"https:\\\/\\\/www.becker-medsolutions.eu\\\/med\\\/#website\"},\"datePublished\":\"2016-08-11T10:22:50+00:00\",\"dateModified\":\"2026-03-03T17:18:53+00:00\",\"breadcrumb\":{\"@id\":\"https:\\\/\\\/www.becker-medsolutions.eu\\\/med\\\/service-fuer-kandiaten-szolgaltatasaink-munkavallaloknak\\\/?lang=hu#breadcrumb\"},\"inLanguage\":\"de\",\"potentialAction\":[{\"@type\":\"ReadAction\",\"target\":[\"https:\\\/\\\/www.becker-medsolutions.eu\\\/med\\\/service-fuer-kandiaten-szolgaltatasaink-munkavallaloknak\\\/?lang=hu\"]}]},{\"@type\":\"BreadcrumbList\",\"@id\":\"https:\\\/\\\/www.becker-medsolutions.eu\\\/med\\\/service-fuer-kandiaten-szolgaltatasaink-munkavallaloknak\\\/?lang=hu#breadcrumb\",\"itemListElement\":[{\"@type\":\"ListItem\",\"position\":1,\"name\":\"Startseite\",\"item\":\"https:\\\/\\\/www.becker-medsolutions.eu\\\/med\\\/home\\\/\"},{\"@type\":\"ListItem\",\"position\":2,\"name\":\"Service f\u00fcr Kandiaten &#8211; Szolg\u00e1ltat\u00e1saink munkav\u00e1llal\u00f3knak\"}]},{\"@type\":\"WebSite\",\"@id\":\"https:\\\/\\\/www.becker-medsolutions.eu\\\/med\\\/#website\",\"url\":\"https:\\\/\\\/www.becker-medsolutions.eu\\\/med\\\/\",\"name\":\"Becker Medical Human Solutions\",\"description\":\"Wir vermitteln europaweit medizinisches Personal &amp; bieten Training f\u00fcr Unternehmen und Mitarbeiter\",\"potentialAction\":[{\"@type\":\"SearchAction\",\"target\":{\"@type\":\"EntryPoint\",\"urlTemplate\":\"https:\\\/\\\/www.becker-medsolutions.eu\\\/med\\\/?s={search_term_string}\"},\"query-input\":{\"@type\":\"PropertyValueSpecification\",\"valueRequired\":true,\"valueName\":\"search_term_string\"}}],\"inLanguage\":\"de\"}]}<\/script>\n<!-- \/ Yoast SEO plugin. -->","yoast_head_json":{"title":"Service f\u00fcr Kandiaten - Szolg\u00e1ltat\u00e1saink munkav\u00e1llal\u00f3knak - Becker Medical Human Solutions","robots":{"index":"index","follow":"follow","max-snippet":"max-snippet:-1","max-image-preview":"max-image-preview:large","max-video-preview":"max-video-preview:-1"},"canonical":"https:\/\/www.becker-medsolutions.eu\/med\/service-fuer-kandiaten-szolgaltatasaink-munkavallaloknak\/?lang=hu","og_locale":"de_DE","og_type":"article","og_title":"Service f\u00fcr Kandiaten - Szolg\u00e1ltat\u00e1saink munkav\u00e1llal\u00f3knak - Becker Medical Human Solutions","og_url":"https:\/\/www.becker-medsolutions.eu\/med\/service-fuer-kandiaten-szolgaltatasaink-munkavallaloknak\/?lang=hu","og_site_name":"Becker Medical Human Solutions","article_modified_time":"2026-03-03T17:18:53+00:00","twitter_card":"summary_large_image","twitter_misc":{"Gesch\u00e4tzte Lesezeit":"2\u00a0Minuten"},"schema":{"@context":"https:\/\/schema.org","@graph":[{"@type":"WebPage","@id":"https:\/\/www.becker-medsolutions.eu\/med\/service-fuer-kandiaten-szolgaltatasaink-munkavallaloknak\/?lang=hu","url":"https:\/\/www.becker-medsolutions.eu\/med\/service-fuer-kandiaten-szolgaltatasaink-munkavallaloknak\/?lang=hu","name":"Service f\u00fcr Kandiaten - Szolg\u00e1ltat\u00e1saink munkav\u00e1llal\u00f3knak - Becker Medical Human Solutions","isPartOf":{"@id":"https:\/\/www.becker-medsolutions.eu\/med\/#website"},"datePublished":"2016-08-11T10:22:50+00:00","dateModified":"2026-03-03T17:18:53+00:00","breadcrumb":{"@id":"https:\/\/www.becker-medsolutions.eu\/med\/service-fuer-kandiaten-szolgaltatasaink-munkavallaloknak\/?lang=hu#breadcrumb"},"inLanguage":"de","potentialAction":[{"@type":"ReadAction","target":["https:\/\/www.becker-medsolutions.eu\/med\/service-fuer-kandiaten-szolgaltatasaink-munkavallaloknak\/?lang=hu"]}]},{"@type":"BreadcrumbList","@id":"https:\/\/www.becker-medsolutions.eu\/med\/service-fuer-kandiaten-szolgaltatasaink-munkavallaloknak\/?lang=hu#breadcrumb","itemListElement":[{"@type":"ListItem","position":1,"name":"Startseite","item":"https:\/\/www.becker-medsolutions.eu\/med\/home\/"},{"@type":"ListItem","position":2,"name":"Service f\u00fcr Kandiaten &#8211; Szolg\u00e1ltat\u00e1saink munkav\u00e1llal\u00f3knak"}]},{"@type":"WebSite","@id":"https:\/\/www.becker-medsolutions.eu\/med\/#website","url":"https:\/\/www.becker-medsolutions.eu\/med\/","name":"Becker Medical Human Solutions","description":"Wir vermitteln europaweit medizinisches Personal &amp; bieten Training f\u00fcr Unternehmen und Mitarbeiter","potentialAction":[{"@type":"SearchAction","target":{"@type":"EntryPoint","urlTemplate":"https:\/\/www.becker-medsolutions.eu\/med\/?s={search_term_string}"},"query-input":{"@type":"PropertyValueSpecification","valueRequired":true,"valueName":"search_term_string"}}],"inLanguage":"de"}]}},"_links":{"self":[{"href":"https:\/\/www.becker-medsolutions.eu\/med\/wp-json\/wp\/v2\/pages\/592","targetHints":{"allow":["GET"]}}],"collection":[{"href":"https:\/\/www.becker-medsolutions.eu\/med\/wp-json\/wp\/v2\/pages"}],"about":[{"href":"https:\/\/www.becker-medsolutions.eu\/med\/wp-json\/wp\/v2\/types\/page"}],"author":[{"embeddable":true,"href":"https:\/\/www.becker-medsolutions.eu\/med\/wp-json\/wp\/v2\/users\/1"}],"replies":[{"embeddable":true,"href":"https:\/\/www.becker-medsolutions.eu\/med\/wp-json\/wp\/v2\/comments?post=592"}],"version-history":[{"count":5,"href":"https:\/\/www.becker-medsolutions.eu\/med\/wp-json\/wp\/v2\/pages\/592\/revisions"}],"predecessor-version":[{"id":2992,"href":"https:\/\/www.becker-medsolutions.eu\/med\/wp-json\/wp\/v2\/pages\/592\/revisions\/2992"}],"wp:attachment":[{"href":"https:\/\/www.becker-medsolutions.eu\/med\/wp-json\/wp\/v2\/media?parent=592"}],"curies":[{"name":"wp","href":"https:\/\/api.w.org\/{rel}","templated":true}]}}