{"id":600,"date":"2016-08-11T12:36:30","date_gmt":"2016-08-11T10:36:30","guid":{"rendered":"http:\/\/www.becker-medsolutions.eu\/med\/?page_id=600&#038;lang=hu"},"modified":"2026-03-03T17:59:43","modified_gmt":"2026-03-03T16:59:43","slug":"home","status":"publish","type":"page","link":"https:\/\/www.becker-medsolutions.eu\/med\/home\/?lang=hu","title":{"rendered":"Home"},"content":{"rendered":"<div id='layer_slider_1'  class='avia-layerslider main_color avia-shadow  avia-builder-el-0  el_before_av_hr  avia-builder-el-first  container_wrap sidebar_left'  style='height: 401px; max-width: 1100px; margin: 0 auto;'  ><\/div><div id='after_layer_slider_1'  class='main_color av_default_container_wrap container_wrap sidebar_left'  ><div class='container av-section-cont-open' ><div class='template-page content  av-content-small units'><div class='post-entry post-entry-type-page post-entry-600'><div class='entry-content-wrapper clearfix'>\n\n<style type=\"text\/css\" data-created_by=\"avia_inline_auto\" id=\"style-css-av-av_hr-82badf901ce3dea894b5eb42b395baab\">\n#top .hr.hr-invisible.av-av_hr-82badf901ce3dea894b5eb42b395baab{\nheight:60px;\n}\n<\/style>\n<div  class='hr av-av_hr-82badf901ce3dea894b5eb42b395baab hr-invisible  avia-builder-el-1  el_after_av_layerslider  el_before_av_one_half  avia-builder-el-first '><span class='hr-inner '><span class=\"hr-inner-style\"><\/span><\/span><\/div>\n\n<style type=\"text\/css\" data-created_by=\"avia_inline_auto\" id=\"style-css-av-av_one_half-9497bbf8bff73ea4c6992cc17fa9ec36\">\n.flex_column.av-av_one_half-9497bbf8bff73ea4c6992cc17fa9ec36{\nborder-radius:0px 0px 0px 0px;\n-webkit-border-radius:0px 0px 0px 0px;\n-moz-border-radius:0px 0px 0px 0px;\n}\n<\/style>\n<div class='flex_column av-av_one_half-9497bbf8bff73ea4c6992cc17fa9ec36 av_one_half  avia-builder-el-2  el_after_av_hr  el_before_av_one_half  first flex_column_div av-zero-column-padding '   ><p>\n<style type=\"text\/css\" data-created_by=\"avia_inline_auto\" id=\"style-css-av-mmaus1cs-75a20c123458d9b4377b4750f01b0f11\">\n.avia-image-container.av-mmaus1cs-75a20c123458d9b4377b4750f01b0f11 .av-image-caption-overlay-center{\ncolor:#ffffff;\n}\n<\/style>\n<div  class='avia-image-container av-mmaus1cs-75a20c123458d9b4377b4750f01b0f11 av-styling-no-styling avia-align-center  avia-builder-el-3  el_before_av_hr  avia-builder-el-first '  itemprop=\"image\" itemscope=\"itemscope\" itemtype=\"https:\/\/schema.org\/ImageObject\" ><div class=\"avia-image-container-inner\"><div class=\"avia-image-overlay-wrap\"><img decoding=\"async\" class='wp-image-2898 avia-img-lazy-loading-not-2898 avia_image' src=\"https:\/\/www.becker-medsolutions.eu\/med\/wp-content\/uploads\/imp-image-1a-1.jpg\" alt='' title='imp-image-1a'  height=\"198\" width=\"547\"  itemprop=\"thumbnailUrl\" srcset=\"https:\/\/www.becker-medsolutions.eu\/med\/wp-content\/uploads\/imp-image-1a-1.jpg 547w, https:\/\/www.becker-medsolutions.eu\/med\/wp-content\/uploads\/imp-image-1a-1-300x109.jpg 300w\" sizes=\"(max-width: 547px) 100vw, 547px\" \/><\/div><\/div><\/div><br \/>\n\n<style type=\"text\/css\" data-created_by=\"avia_inline_auto\" id=\"style-css-av-av_hr-a6de236e6c183bbbd700292deacd2b52\">\n#top .hr.hr-invisible.av-av_hr-a6de236e6c183bbbd700292deacd2b52{\nheight:20px;\n}\n<\/style>\n<div  class='hr av-av_hr-a6de236e6c183bbbd700292deacd2b52 hr-invisible  avia-builder-el-4  el_after_av_image  el_before_av_textblock '><span class='hr-inner '><span class=\"hr-inner-style\"><\/span><\/span><\/div><br \/>\n<section  class='av_textblock_section av-av_textblock-0366cc7376be6c9e82a3e9cc8987b64f'  itemscope=\"itemscope\" itemtype=\"https:\/\/schema.org\/CreativeWork\" ><div class='avia_textblock'  itemprop=\"text\" ><h2>International Medical Placements<\/h2>\n<p>C\u00e9g\u00fcnk arra specializ\u00e1l\u00f3dott, hogy eg\u00e9szs\u00e9g\u00fcgyi munkaer\u0151ket k\u00f6zvet\u00edtsen belf\u00f6ldre \u00e9s k\u00fclf\u00f6ldre k\u00f3rh\u00e1zak \u00e9s mag\u00e1n eg\u00e9szs\u00e9g\u00fcgyi int\u00e9zm\u00e9nyek sz\u00e1m\u00e1ra. C\u00e9g\u00fcnk f\u0151 profilja nemcsak a gyors \u00e9s sikeres munkaer\u0151 k\u00f6zvet\u00edt\u00e9sre ir\u00e1nyul, hanem szolg\u00e1ltat\u00e1sokat \u00e9s szaktud\u00e1st is szivesen ny\u00fajtunk \u00d6nnek. Jelen vagyunk sok europai orsz\u00e1gban.<\/p>\n<\/div><\/section><\/p><\/div>\n<style type=\"text\/css\" data-created_by=\"avia_inline_auto\" id=\"style-css-av-av_one_half-9c1d454dc06f7247226bc4e8f931daae\">\n.flex_column.av-av_one_half-9c1d454dc06f7247226bc4e8f931daae{\nborder-radius:0px 0px 0px 0px;\n-webkit-border-radius:0px 0px 0px 0px;\n-moz-border-radius:0px 0px 0px 0px;\n}\n<\/style>\n<div class='flex_column av-av_one_half-9c1d454dc06f7247226bc4e8f931daae av_one_half  avia-builder-el-6  el_after_av_one_half  el_before_av_hr  flex_column_div av-zero-column-padding '   ><p>\n<style type=\"text\/css\" data-created_by=\"avia_inline_auto\" id=\"style-css-av-av_image-359e87c1a91b9b88077afdc2f97197b1\">\n.avia-image-container.av-av_image-359e87c1a91b9b88077afdc2f97197b1 .av-image-caption-overlay-center{\ncolor:#ffffff;\n}\n<\/style>\n<div  class='avia-image-container av-av_image-359e87c1a91b9b88077afdc2f97197b1 av-styling-no-styling avia-align-center  avia-builder-el-7  el_before_av_hr  avia-builder-el-first '  itemprop=\"image\" itemscope=\"itemscope\" itemtype=\"https:\/\/schema.org\/ImageObject\" ><div class=\"avia-image-container-inner\"><div class=\"avia-image-overlay-wrap\"><img decoding=\"async\" class='wp-image-370 avia-img-lazy-loading-not-370 avia_image' src=\"https:\/\/www.becker-medsolutions.eu\/med\/wp-content\/uploads\/imp-imagex.jpg\" alt='' title='imp-imagex'  height=\"198\" width=\"547\"  itemprop=\"thumbnailUrl\" srcset=\"https:\/\/www.becker-medsolutions.eu\/med\/wp-content\/uploads\/imp-imagex.jpg 547w, https:\/\/www.becker-medsolutions.eu\/med\/wp-content\/uploads\/imp-imagex-300x109.jpg 300w, https:\/\/www.becker-medsolutions.eu\/med\/wp-content\/uploads\/imp-imagex-450x163.jpg 450w\" sizes=\"(max-width: 547px) 100vw, 547px\" \/><\/div><\/div><\/div><br \/>\n\n<style type=\"text\/css\" data-created_by=\"avia_inline_auto\" id=\"style-css-av-av_hr-a6de236e6c183bbbd700292deacd2b52\">\n#top .hr.hr-invisible.av-av_hr-a6de236e6c183bbbd700292deacd2b52{\nheight:20px;\n}\n<\/style>\n<div  class='hr av-av_hr-a6de236e6c183bbbd700292deacd2b52 hr-invisible  avia-builder-el-8  el_after_av_image  el_before_av_textblock '><span class='hr-inner '><span class=\"hr-inner-style\"><\/span><\/span><\/div><br \/>\n<section  class='av_textblock_section av-av_textblock-0366cc7376be6c9e82a3e9cc8987b64f'  itemscope=\"itemscope\" itemtype=\"https:\/\/schema.org\/CreativeWork\" ><div class='avia_textblock'  itemprop=\"text\" ><h2 style=\"text-align: left;\">Training &amp; Development<\/h2>\n<p>A szem\u00e9lyzetfejleszt\u00e9s (tanfolyamok, tr\u00e9ningek) mellett c\u00e9g\u00fcnk tev\u00e9kenys\u00e9gi k\u00f6r\u00e9be tartozik a szervezetfejleszt\u00e9si tan\u00e1csad\u00e1s is. Ennek keret\u00e9be tartozik a csoportfejleszt\u00e9s, a v\u00e1ltoz\u00e1si folyamatok t\u00e1mogat\u00e1sa,\u00a0 valamint a vezet\u00f6k\u00e9pz\u00e9s.Az eg\u00e9szs\u00e9g\u00fcgy ter\u00fclet\u00e9n sok \u00e9ves tapasztalattal rendelkez\u00fcnk.<\/p>\n<\/div><\/section><\/p><\/div><\/p>\n\n<style type=\"text\/css\" data-created_by=\"avia_inline_auto\" id=\"style-css-av-av_hr-0688d0b0b6ed2f8b057db7a8270206df\">\n#top .hr.hr-invisible.av-av_hr-0688d0b0b6ed2f8b057db7a8270206df{\nheight:50px;\n}\n<\/style>\n<div  class='hr av-av_hr-0688d0b0b6ed2f8b057db7a8270206df hr-invisible  avia-builder-el-10  el_after_av_one_half  el_before_av_one_full '><span class='hr-inner '><span class=\"hr-inner-style\"><\/span><\/span><\/div>\n\n<style type=\"text\/css\" data-created_by=\"avia_inline_auto\" id=\"style-css-av-av_one_full-a0e881518239ebb75273ec0fc8d4d193\">\n.flex_column.av-av_one_full-a0e881518239ebb75273ec0fc8d4d193{\nborder-radius:0px 0px 0px 0px;\n-webkit-border-radius:0px 0px 0px 0px;\n-moz-border-radius:0px 0px 0px 0px;\npadding:50px 50px 50px 50px;\nbackground:url(https:\/\/www.becker-medsolutions.eu\/med\/wp-content\/uploads\/people.png) 100% 50% no-repeat scroll #f5f5f5;\n}\n<\/style>\n<div class='flex_column av-av_one_full-a0e881518239ebb75273ec0fc8d4d193 av_one_full  avia-builder-el-11  el_after_av_hr  el_before_av_hr  first flex_column_div '   ><section  class='av_textblock_section av-av_textblock-0366cc7376be6c9e82a3e9cc8987b64f'  itemscope=\"itemscope\" itemtype=\"https:\/\/schema.org\/CreativeWork\" ><div class='avia_textblock'  itemprop=\"text\" ><h1>We make placements for specialist doctors throughout Europe.<\/h1>\n<p><strong><div  class='avia-button-wrap avia-button-left  avia-builder-el-13  avia-builder-el-no-sibling ' ><a href='https:\/\/www.becker-medsolutions.eu\/med\/kontakt\/?lang=hu'  class='avia-button av-av_button-649fa8295b6697449fc096c8b9edb864 avia-icon_select-no avia-size-medium avia-position-left avia-color-theme-color' ><span class='avia_iconbox_title' >Contact now<\/span><\/a><\/div><\/strong><\/p>\n<\/div><\/section><\/div>\n\n<style type=\"text\/css\" data-created_by=\"avia_inline_auto\" id=\"style-css-av-av_hr-0688d0b0b6ed2f8b057db7a8270206df\">\n#top .hr.hr-invisible.av-av_hr-0688d0b0b6ed2f8b057db7a8270206df{\nheight:50px;\n}\n<\/style>\n<div  class='hr av-av_hr-0688d0b0b6ed2f8b057db7a8270206df hr-invisible  avia-builder-el-14  el_after_av_one_full  el_before_av_one_fourth '><span class='hr-inner '><span class=\"hr-inner-style\"><\/span><\/span><\/div>\n\n<style type=\"text\/css\" data-created_by=\"avia_inline_auto\" id=\"style-css-av-av_one_fourth-9497bbf8bff73ea4c6992cc17fa9ec36\">\n.flex_column.av-av_one_fourth-9497bbf8bff73ea4c6992cc17fa9ec36{\nborder-radius:0px 0px 0px 0px;\n-webkit-border-radius:0px 0px 0px 0px;\n-moz-border-radius:0px 0px 0px 0px;\n}\n<\/style>\n<div class='flex_column av-av_one_fourth-9497bbf8bff73ea4c6992cc17fa9ec36 av_one_fourth  avia-builder-el-15  el_after_av_hr  el_before_av_three_fourth  first flex_column_div av-zero-column-padding '   ><section  class='av_textblock_section av-av_textblock-0366cc7376be6c9e82a3e9cc8987b64f'  itemscope=\"itemscope\" itemtype=\"https:\/\/schema.org\/CreativeWork\" ><div class='avia_textblock'  itemprop=\"text\" ><h2>Current job offers<\/h2>\n<p><span id=\"result_box\" lang=\"en\">We are currently\u00a0seeking candidates for\u00a0positions\u00a0as doctors and\u00a0nurses<\/span><\/p>\n<p><strong><div  class='avia-button-wrap avia-button-left  avia-builder-el-17  avia-builder-el-no-sibling ' ><a href='https:\/\/www.becker-medsolutions.eu\/med\/aktuelle-jobangebote\/?lang=hu'  class='avia-button av-av_button-0476eed9f9b4789dcbdd673ea42cccd3 avia-icon_select-no avia-size-medium avia-position-left avia-color-theme-color' ><span class='avia_iconbox_title' >show all<\/span><\/a><\/div><\/strong><\/p>\n<\/div><\/section><\/div>\n\n<style type=\"text\/css\" data-created_by=\"avia_inline_auto\" id=\"style-css-av-av_three_fourth-9c1d454dc06f7247226bc4e8f931daae\">\n.flex_column.av-av_three_fourth-9c1d454dc06f7247226bc4e8f931daae{\nborder-radius:0px 0px 0px 0px;\n-webkit-border-radius:0px 0px 0px 0px;\n-moz-border-radius:0px 0px 0px 0px;\n}\n<\/style>\n<div class='flex_column av-av_three_fourth-9c1d454dc06f7247226bc4e8f931daae av_three_fourth  avia-builder-el-18  el_after_av_one_fourth  el_before_av_textblock  flex_column_div av-zero-column-padding '   ><section  class='av_textblock_section av-av_textblock-0366cc7376be6c9e82a3e9cc8987b64f'  itemscope=\"itemscope\" itemtype=\"https:\/\/schema.org\/CreativeWork\" ><div class='avia_textblock'  itemprop=\"text\" ><h2>\u00a0<\/h2>\n<h3><a href=\"https:\/\/www.becker-medsolutions.eu\/med\/aktuelle-jobangebote\/\" target=\"_blank\" rel=\"noopener\">\u00dcber diesen Link sehen Sie alle Positionen auf Deutsch<\/a><\/h3>\n<h3><a href=\"https:\/\/www.becker-medsolutions.eu\/med\/aktuelle-jobangebote\/?lang=en\" target=\"_blank\" rel=\"noopener\">click here to view all positions in English<\/a><\/h3>\n<\/div><\/section><\/div>\n<section  class='av_textblock_section av-av_textblock-0366cc7376be6c9e82a3e9cc8987b64f'  itemscope=\"itemscope\" itemtype=\"https:\/\/schema.org\/CreativeWork\" ><div class='avia_textblock'  itemprop=\"text\" ><\/div><\/section>\n","protected":false},"excerpt":{"rendered":"","protected":false},"author":1,"featured_media":0,"parent":0,"menu_order":0,"comment_status":"closed","ping_status":"closed","template":"","meta":{"footnotes":""},"class_list":["post-600","page","type-page","status-publish","hentry"],"yoast_head":"<!-- This site is optimized with the Yoast SEO plugin v27.3 - https:\/\/yoast.com\/product\/yoast-seo-wordpress\/ -->\n<title>Home - Becker Medical Human Solutions<\/title>\n<meta name=\"robots\" content=\"index, follow, max-snippet:-1, max-image-preview:large, max-video-preview:-1\" \/>\n<link rel=\"canonical\" href=\"https:\/\/www.becker-medsolutions.eu\/med\/home\/?lang=hu\" \/>\n<meta property=\"og:locale\" content=\"de_DE\" \/>\n<meta property=\"og:type\" content=\"article\" \/>\n<meta property=\"og:title\" content=\"Home - Becker Medical Human Solutions\" \/>\n<meta property=\"og:url\" content=\"https:\/\/www.becker-medsolutions.eu\/med\/home\/?lang=hu\" \/>\n<meta property=\"og:site_name\" content=\"Becker Medical Human Solutions\" \/>\n<meta property=\"article:modified_time\" content=\"2026-03-03T16:59:43+00:00\" \/>\n<meta name=\"twitter:card\" content=\"summary_large_image\" \/>\n<meta name=\"twitter:label1\" content=\"Gesch\u00e4tzte Lesezeit\" \/>\n\t<meta name=\"twitter:data1\" content=\"3\u00a0Minuten\" \/>\n<script type=\"application\/ld+json\" class=\"yoast-schema-graph\">{\"@context\":\"https:\\\/\\\/schema.org\",\"@graph\":[{\"@type\":\"WebPage\",\"@id\":\"https:\\\/\\\/www.becker-medsolutions.eu\\\/med\\\/home\\\/?lang=hu\",\"url\":\"https:\\\/\\\/www.becker-medsolutions.eu\\\/med\\\/home\\\/?lang=hu\",\"name\":\"Home - Becker Medical Human Solutions\",\"isPartOf\":{\"@id\":\"https:\\\/\\\/www.becker-medsolutions.eu\\\/med\\\/#website\"},\"datePublished\":\"2016-08-11T10:36:30+00:00\",\"dateModified\":\"2026-03-03T16:59:43+00:00\",\"breadcrumb\":{\"@id\":\"https:\\\/\\\/www.becker-medsolutions.eu\\\/med\\\/home\\\/?lang=hu#breadcrumb\"},\"inLanguage\":\"de\",\"potentialAction\":[{\"@type\":\"ReadAction\",\"target\":[\"https:\\\/\\\/www.becker-medsolutions.eu\\\/med\\\/home\\\/?lang=hu\"]}]},{\"@type\":\"BreadcrumbList\",\"@id\":\"https:\\\/\\\/www.becker-medsolutions.eu\\\/med\\\/home\\\/?lang=hu#breadcrumb\",\"itemListElement\":[{\"@type\":\"ListItem\",\"position\":1,\"name\":\"Startseite\",\"item\":\"https:\\\/\\\/www.becker-medsolutions.eu\\\/med\\\/home\\\/\"},{\"@type\":\"ListItem\",\"position\":2,\"name\":\"Home\"}]},{\"@type\":\"WebSite\",\"@id\":\"https:\\\/\\\/www.becker-medsolutions.eu\\\/med\\\/#website\",\"url\":\"https:\\\/\\\/www.becker-medsolutions.eu\\\/med\\\/\",\"name\":\"Becker Medical Human Solutions\",\"description\":\"Wir vermitteln europaweit medizinisches Personal &amp; bieten Training f\u00fcr Unternehmen und Mitarbeiter\",\"potentialAction\":[{\"@type\":\"SearchAction\",\"target\":{\"@type\":\"EntryPoint\",\"urlTemplate\":\"https:\\\/\\\/www.becker-medsolutions.eu\\\/med\\\/?s={search_term_string}\"},\"query-input\":{\"@type\":\"PropertyValueSpecification\",\"valueRequired\":true,\"valueName\":\"search_term_string\"}}],\"inLanguage\":\"de\"}]}<\/script>\n<!-- \/ Yoast SEO plugin. -->","yoast_head_json":{"title":"Home - Becker Medical Human Solutions","robots":{"index":"index","follow":"follow","max-snippet":"max-snippet:-1","max-image-preview":"max-image-preview:large","max-video-preview":"max-video-preview:-1"},"canonical":"https:\/\/www.becker-medsolutions.eu\/med\/home\/?lang=hu","og_locale":"de_DE","og_type":"article","og_title":"Home - Becker Medical Human Solutions","og_url":"https:\/\/www.becker-medsolutions.eu\/med\/home\/?lang=hu","og_site_name":"Becker Medical Human Solutions","article_modified_time":"2026-03-03T16:59:43+00:00","twitter_card":"summary_large_image","twitter_misc":{"Gesch\u00e4tzte Lesezeit":"3\u00a0Minuten"},"schema":{"@context":"https:\/\/schema.org","@graph":[{"@type":"WebPage","@id":"https:\/\/www.becker-medsolutions.eu\/med\/home\/?lang=hu","url":"https:\/\/www.becker-medsolutions.eu\/med\/home\/?lang=hu","name":"Home - Becker Medical Human Solutions","isPartOf":{"@id":"https:\/\/www.becker-medsolutions.eu\/med\/#website"},"datePublished":"2016-08-11T10:36:30+00:00","dateModified":"2026-03-03T16:59:43+00:00","breadcrumb":{"@id":"https:\/\/www.becker-medsolutions.eu\/med\/home\/?lang=hu#breadcrumb"},"inLanguage":"de","potentialAction":[{"@type":"ReadAction","target":["https:\/\/www.becker-medsolutions.eu\/med\/home\/?lang=hu"]}]},{"@type":"BreadcrumbList","@id":"https:\/\/www.becker-medsolutions.eu\/med\/home\/?lang=hu#breadcrumb","itemListElement":[{"@type":"ListItem","position":1,"name":"Startseite","item":"https:\/\/www.becker-medsolutions.eu\/med\/home\/"},{"@type":"ListItem","position":2,"name":"Home"}]},{"@type":"WebSite","@id":"https:\/\/www.becker-medsolutions.eu\/med\/#website","url":"https:\/\/www.becker-medsolutions.eu\/med\/","name":"Becker Medical Human Solutions","description":"Wir vermitteln europaweit medizinisches Personal &amp; bieten Training f\u00fcr Unternehmen und Mitarbeiter","potentialAction":[{"@type":"SearchAction","target":{"@type":"EntryPoint","urlTemplate":"https:\/\/www.becker-medsolutions.eu\/med\/?s={search_term_string}"},"query-input":{"@type":"PropertyValueSpecification","valueRequired":true,"valueName":"search_term_string"}}],"inLanguage":"de"}]}},"_links":{"self":[{"href":"https:\/\/www.becker-medsolutions.eu\/med\/wp-json\/wp\/v2\/pages\/600","targetHints":{"allow":["GET"]}}],"collection":[{"href":"https:\/\/www.becker-medsolutions.eu\/med\/wp-json\/wp\/v2\/pages"}],"about":[{"href":"https:\/\/www.becker-medsolutions.eu\/med\/wp-json\/wp\/v2\/types\/page"}],"author":[{"embeddable":true,"href":"https:\/\/www.becker-medsolutions.eu\/med\/wp-json\/wp\/v2\/users\/1"}],"replies":[{"embeddable":true,"href":"https:\/\/www.becker-medsolutions.eu\/med\/wp-json\/wp\/v2\/comments?post=600"}],"version-history":[{"count":5,"href":"https:\/\/www.becker-medsolutions.eu\/med\/wp-json\/wp\/v2\/pages\/600\/revisions"}],"predecessor-version":[{"id":2959,"href":"https:\/\/www.becker-medsolutions.eu\/med\/wp-json\/wp\/v2\/pages\/600\/revisions\/2959"}],"wp:attachment":[{"href":"https:\/\/www.becker-medsolutions.eu\/med\/wp-json\/wp\/v2\/media?parent=600"}],"curies":[{"name":"wp","href":"https:\/\/api.w.org\/{rel}","templated":true}]}}