{"id":610,"date":"2016-08-11T12:47:02","date_gmt":"2016-08-11T10:47:02","guid":{"rendered":"http:\/\/www.becker-medsolutions.eu\/med\/?page_id=610&#038;lang=hu"},"modified":"2026-03-05T11:52:25","modified_gmt":"2026-03-05T10:52:25","slug":"bewerbungen-anfragen","status":"publish","type":"page","link":"https:\/\/www.becker-medsolutions.eu\/med\/bewerbungen-anfragen\/?lang=hu","title":{"rendered":"Application &#038; Inquiry &#8211; Bemutatkoz\u00e1s \u00e9s \u00e9rdekl\u0151d\u00e9s"},"content":{"rendered":"\n<style type=\"text\/css\" data-created_by=\"avia_inline_auto\" id=\"style-css-av-mmav9sd9-ddeb8545c187c118249cfe533e1300ff\">\n.avia-image-container.av-mmav9sd9-ddeb8545c187c118249cfe533e1300ff .av-image-caption-overlay-center{\ncolor:#ffffff;\n}\n<\/style>\n<div  class='avia-image-container av-mmav9sd9-ddeb8545c187c118249cfe533e1300ff av-styling-no-styling avia-align-center  avia-builder-el-0  el_before_av_hr  avia-builder-el-first '  itemprop=\"image\" itemscope=\"itemscope\" itemtype=\"https:\/\/schema.org\/ImageObject\" ><div class=\"avia-image-container-inner\"><div class=\"avia-image-overlay-wrap\"><img decoding=\"async\" class='wp-image-3208 avia-img-lazy-loading-not-3208 avia_image' src=\"https:\/\/www.becker-medsolutions.eu\/med\/wp-content\/uploads\/anfragen-korr.jpg\" alt='' title='anfragen korr'  height=\"430\" width=\"1500\"  itemprop=\"thumbnailUrl\" srcset=\"https:\/\/www.becker-medsolutions.eu\/med\/wp-content\/uploads\/anfragen-korr.jpg 1500w, https:\/\/www.becker-medsolutions.eu\/med\/wp-content\/uploads\/anfragen-korr-300x86.jpg 300w, https:\/\/www.becker-medsolutions.eu\/med\/wp-content\/uploads\/anfragen-korr-1030x295.jpg 1030w, https:\/\/www.becker-medsolutions.eu\/med\/wp-content\/uploads\/anfragen-korr-768x220.jpg 768w, https:\/\/www.becker-medsolutions.eu\/med\/wp-content\/uploads\/anfragen-korr-705x202.jpg 705w, https:\/\/www.becker-medsolutions.eu\/med\/wp-content\/uploads\/anfragen-korr-350x100.jpg 350w\" sizes=\"(max-width: 1500px) 100vw, 1500px\" \/><\/div><\/div><\/div>\n\n<style type=\"text\/css\" data-created_by=\"avia_inline_auto\" id=\"style-css-av-12hq9u-74445a1060c8942b6e736dcd966c5718\">\n#top .hr.hr-invisible.av-12hq9u-74445a1060c8942b6e736dcd966c5718{\nheight:50px;\n}\n<\/style>\n<div  class='hr av-12hq9u-74445a1060c8942b6e736dcd966c5718 hr-invisible  avia-builder-el-1  el_after_av_image  el_before_av_one_third '><span class='hr-inner '><span class=\"hr-inner-style\"><\/span><\/span><\/div>\n\n<style type=\"text\/css\" data-created_by=\"avia_inline_auto\" id=\"style-css-av-xdqte-72cfb91cfaae30c927a04cbfa639e381\">\n.flex_column.av-xdqte-72cfb91cfaae30c927a04cbfa639e381{\nborder-radius:0px 0px 0px 0px;\n-webkit-border-radius:0px 0px 0px 0px;\n-moz-border-radius:0px 0px 0px 0px;\npadding:20px 20px 20px 20px;\nbackground-color:#f5f5f5;\n}\n<\/style>\n<div class='flex_column av-xdqte-72cfb91cfaae30c927a04cbfa639e381 av_one_third  avia-builder-el-2  el_after_av_hr  el_before_av_two_third  first flex_column_div '   ><section  class='av_textblock_section av-sdrne-030b99eb277b0896d4da71446b5f2a6e'  itemscope=\"itemscope\" itemtype=\"https:\/\/schema.org\/CreativeWork\" ><div class='avia_textblock'  itemprop=\"text\" ><h2>Direct Application<\/h2>\n<p><span class=\"ff2 fs22 cf3\">Please send your application or request for information to:<\/span><\/p>\n<p>mail: <a href=\"mailto:office@medsolutions.eu?subject=Bewerbung\">office@becker-medsolutions.eu<\/a><br \/>\nphone: +43 (0) 1 96 60 210<\/p>\n<\/div><\/section><\/div>\n\n<style type=\"text\/css\" data-created_by=\"avia_inline_auto\" id=\"style-css-av-nf8ya-d75c1b97ec34fde3ef22076d7e0a0c20\">\n.flex_column.av-nf8ya-d75c1b97ec34fde3ef22076d7e0a0c20{\nborder-radius:0px 0px 0px 0px;\n-webkit-border-radius:0px 0px 0px 0px;\n-moz-border-radius:0px 0px 0px 0px;\n}\n<\/style>\n<div class='flex_column av-nf8ya-d75c1b97ec34fde3ef22076d7e0a0c20 av_two_third  avia-builder-el-4  el_after_av_one_third  avia-builder-el-last  flex_column_div av-zero-column-padding '   ><section  class='av_textblock_section av-1d2oa-8c4ad94e81ae3e199bb226b0e8f64d65'  itemscope=\"itemscope\" itemtype=\"https:\/\/schema.org\/CreativeWork\" ><div class='avia_textblock'  itemprop=\"text\" ><h1><span class=\"ff1 cf3 fs24\">Bemutatkoz\u00e1s \u00e9s \u00e9rdekl\u0151d\u00e9s<\/span><\/h1>\n<\/div><\/section><br \/>\n<section  class='av_textblock_section av-bvnj6-c0732fd08b8cca2c27ca419cf5de82c8'  itemscope=\"itemscope\" itemtype=\"https:\/\/schema.org\/CreativeWork\" ><div class='avia_textblock'  itemprop=\"text\" >\n<div class=\"wpcf7 no-js\" id=\"wpcf7-f360-o1\" lang=\"de-DE\" dir=\"ltr\" data-wpcf7-id=\"360\">\n<div class=\"screen-reader-response\"><p role=\"status\" aria-live=\"polite\" aria-atomic=\"true\"><\/p> <ul><\/ul><\/div>\n<form action=\"\/med\/wp-json\/wp\/v2\/pages\/610#wpcf7-f360-o1\" method=\"post\" class=\"wpcf7-form init\" aria-label=\"Kontaktformular\" enctype=\"multipart\/form-data\" novalidate=\"novalidate\" data-status=\"init\">\n<fieldset class=\"hidden-fields-container\"><input type=\"hidden\" name=\"_wpcf7\" value=\"360\" \/><input type=\"hidden\" name=\"_wpcf7_version\" value=\"6.1.5\" \/><input type=\"hidden\" name=\"_wpcf7_locale\" value=\"de_DE\" \/><input type=\"hidden\" name=\"_wpcf7_unit_tag\" value=\"wpcf7-f360-o1\" \/><input type=\"hidden\" name=\"_wpcf7_container_post\" value=\"0\" \/><input type=\"hidden\" name=\"_wpcf7_posted_data_hash\" value=\"\" \/>\n<\/fieldset>\n<p>Salutation<br \/>\n<span class=\"wpcf7-form-control-wrap\" data-name=\"anrede\"><select class=\"wpcf7-form-control wpcf7-select\" aria-invalid=\"false\" name=\"anrede\"><option value=\"Mr.\">Mr.<\/option><option value=\"Mrs.\">Mrs.<\/option><\/select><\/span>\n<\/p>\n<p>First Name\n<\/p>\n<p><span class=\"wpcf7-form-control-wrap\" data-name=\"Vorname\"><input size=\"40\" maxlength=\"400\" class=\"wpcf7-form-control wpcf7-text\" aria-invalid=\"false\" value=\"\" type=\"text\" name=\"Vorname\" \/><\/span>\n<\/p>\n<p>Last Name\n<\/p>\n<p><span class=\"wpcf7-form-control-wrap\" data-name=\"Nachname\"><input size=\"40\" maxlength=\"400\" class=\"wpcf7-form-control wpcf7-text\" aria-invalid=\"false\" value=\"\" type=\"text\" name=\"Nachname\" \/><\/span>\n<\/p>\n<p>Specialisation\n<\/p>\n<p><span class=\"wpcf7-form-control-wrap\" data-name=\"taetigkeit\"><input size=\"40\" maxlength=\"400\" class=\"wpcf7-form-control wpcf7-text\" aria-invalid=\"false\" value=\"\" type=\"text\" name=\"taetigkeit\" \/><\/span>\n<\/p>\n<p>E-Mail*\n<\/p>\n<p><span class=\"wpcf7-form-control-wrap\" data-name=\"email\"><input size=\"40\" maxlength=\"400\" class=\"wpcf7-form-control wpcf7-email wpcf7-validates-as-required wpcf7-text wpcf7-validates-as-email\" aria-required=\"true\" aria-invalid=\"false\" value=\"\" type=\"email\" name=\"email\" \/><\/span>\n<\/p>\n<p>Country<br \/>\n<span class=\"wpcf7-form-control-wrap\" data-name=\"Land\"><select class=\"wpcf7-form-control wpcf7-select\" aria-invalid=\"false\" name=\"Land\"><option value=\"\">&#8211; Bitte ausw\u00e4hlen &#8211;<\/option><option value=\"\u00d6sterreich\">\u00d6sterreich<\/option><option value=\"Slovensko\">Slovensko<\/option><option value=\"Magyarorszag\">Magyarorszag<\/option><option value=\"Ceska republika\">Ceska republika<\/option><option value=\"Polska\">Polska<\/option><option value=\"Romaia\">Romaia<\/option><option value=\"Deutschland\">Deutschland<\/option><option value=\"Schweiz\">Schweiz<\/option><option value=\"Slovenenija\">Slovenenija<\/option><option value=\"Hrvatska\">Hrvatska<\/option><\/select><\/span>\n<\/p>\n<p>Phone\n<\/p>\n<p><span class=\"wpcf7-form-control-wrap\" data-name=\"telefon\"><input size=\"40\" maxlength=\"400\" class=\"wpcf7-form-control wpcf7-text\" aria-invalid=\"false\" value=\"\" type=\"text\" name=\"telefon\" \/><\/span>\n<\/p>\n<p>Current knowledge of German<br \/>\n<span class=\"wpcf7-form-control-wrap\" data-name=\"DerzeitigeDeutschkentnisse\"><select class=\"wpcf7-form-control wpcf7-select\" aria-invalid=\"false\" name=\"DerzeitigeDeutschkentnisse\"><option value=\"\">&#8211; Bitte ausw\u00e4hlen &#8211;<\/option><option value=\"good\">good<\/option><option value=\"average\">average<\/option><option value=\"none\">none<\/option><\/select><\/span>\n<\/p>\n<p>Best time to contact\n<\/p>\n<p><span class=\"wpcf7-form-control-wrap\" data-name=\"wann-kontakt\"><input size=\"40\" maxlength=\"400\" class=\"wpcf7-form-control wpcf7-text\" aria-invalid=\"false\" value=\"\" type=\"text\" name=\"wann-kontakt\" \/><\/span>\n<\/p>\n<p>General Information \/ interests in the future<br \/>\n<span class=\"wpcf7-form-control-wrap\" data-name=\"AllgemeineInformationenberuflicheInteressenfrdieZukunft\"><textarea cols=\"40\" rows=\"10\" maxlength=\"2000\" class=\"wpcf7-form-control wpcf7-textarea\" aria-invalid=\"false\" name=\"AllgemeineInformationenberuflicheInteressenfrdieZukunft\"><\/textarea><\/span>\n<\/p>\n<p>CV and optional other documents (im Format .pdf, .doc, .txt oder .docx)\n<\/p>\n<p><span class=\"wpcf7-form-control-wrap\" data-name=\"file-844\"><input size=\"40\" class=\"wpcf7-form-control wpcf7-file\" accept=\".pdf,.doc,.txt,.docx\" aria-invalid=\"false\" type=\"file\" name=\"file-844\" \/><\/span><br \/>\n<span class=\"wpcf7-form-control-wrap\" data-name=\"file-845\"><input size=\"40\" class=\"wpcf7-form-control wpcf7-file\" accept=\".pdf,.doc,.txt,.docx\" aria-invalid=\"false\" type=\"file\" name=\"file-845\" \/><\/span><br \/>\n<span class=\"wpcf7-form-control-wrap\" data-name=\"file-846\"><input size=\"40\" class=\"wpcf7-form-control wpcf7-file\" accept=\".pdf,.doc,.txt,.docx\" aria-invalid=\"false\" type=\"file\" name=\"file-846\" \/><\/span><br \/>\n<span class=\"wpcf7-form-control-wrap\" data-name=\"file-847\"><input size=\"40\" class=\"wpcf7-form-control wpcf7-file\" accept=\".pdf,.doc,.txt,.docx\" aria-invalid=\"false\" type=\"file\" name=\"file-847\" \/><\/span>\n<\/p>\n<p><span class=\"wpcf7-form-control-wrap\" data-name=\"dsgvo-de\"><span class=\"wpcf7-form-control wpcf7-checkbox wpcf7-validates-as-required\"><span class=\"wpcf7-list-item first last\"><input type=\"checkbox\" name=\"dsgvo-de[]\" value=\"DECLARATION OF CONSENT* I agree that the data sent will be used for the purpose of processing my request. .\" \/><span class=\"wpcf7-list-item-label\">DECLARATION OF CONSENT* I agree that the data sent will be used for the purpose of processing my request. .<\/span><\/span><\/span><\/span><br \/>\nYou will find further information in our <a href=\"http:\/\/www.becker-medsolutions.eu\/med\/datenschutzerklaerung\/\">Data Protection Declaration<\/a>.\n<\/p>\n<p><input class=\"wpcf7-form-control wpcf7-submit has-spinner\" type=\"submit\" value=\"Senden\" \/>\n<\/p><input type='hidden' class='wpcf7-pum' value='{\"closepopup\":false,\"closedelay\":0,\"openpopup\":false,\"openpopup_id\":0}' \/><div class=\"wpcf7-response-output\" aria-hidden=\"true\"><\/div>\n<\/form>\n<\/div>\n\n<\/div><\/section><\/p><\/div>\n","protected":false},"excerpt":{"rendered":"","protected":false},"author":1,"featured_media":0,"parent":0,"menu_order":0,"comment_status":"closed","ping_status":"closed","template":"","meta":{"footnotes":""},"class_list":["post-610","page","type-page","status-publish","hentry"],"yoast_head":"<!-- This site is optimized with the Yoast SEO plugin v27.3 - https:\/\/yoast.com\/product\/yoast-seo-wordpress\/ -->\n<title>Application &amp; Inquiry - Bemutatkoz\u00e1s \u00e9s \u00e9rdekl\u0151d\u00e9s - Becker Medical Human Solutions<\/title>\n<meta name=\"robots\" content=\"index, follow, max-snippet:-1, max-image-preview:large, max-video-preview:-1\" \/>\n<link rel=\"canonical\" href=\"https:\/\/www.becker-medsolutions.eu\/med\/bewerbungen-anfragen\/?lang=hu\" \/>\n<meta property=\"og:locale\" content=\"de_DE\" \/>\n<meta property=\"og:type\" content=\"article\" \/>\n<meta property=\"og:title\" content=\"Application &amp; Inquiry - Bemutatkoz\u00e1s \u00e9s \u00e9rdekl\u0151d\u00e9s - Becker Medical Human Solutions\" \/>\n<meta property=\"og:url\" content=\"https:\/\/www.becker-medsolutions.eu\/med\/bewerbungen-anfragen\/?lang=hu\" \/>\n<meta property=\"og:site_name\" content=\"Becker Medical Human Solutions\" \/>\n<meta property=\"article:modified_time\" content=\"2026-03-05T10:52:25+00:00\" \/>\n<meta name=\"twitter:card\" content=\"summary_large_image\" \/>\n<meta name=\"twitter:label1\" content=\"Gesch\u00e4tzte Lesezeit\" \/>\n\t<meta name=\"twitter:data1\" content=\"1\u00a0Minute\" \/>\n<script type=\"application\/ld+json\" class=\"yoast-schema-graph\">{\"@context\":\"https:\\\/\\\/schema.org\",\"@graph\":[{\"@type\":\"WebPage\",\"@id\":\"https:\\\/\\\/www.becker-medsolutions.eu\\\/med\\\/bewerbungen-anfragen\\\/?lang=hu\",\"url\":\"https:\\\/\\\/www.becker-medsolutions.eu\\\/med\\\/bewerbungen-anfragen\\\/?lang=hu\",\"name\":\"Application & Inquiry - Bemutatkoz\u00e1s \u00e9s \u00e9rdekl\u0151d\u00e9s - Becker Medical Human Solutions\",\"isPartOf\":{\"@id\":\"https:\\\/\\\/www.becker-medsolutions.eu\\\/med\\\/#website\"},\"datePublished\":\"2016-08-11T10:47:02+00:00\",\"dateModified\":\"2026-03-05T10:52:25+00:00\",\"breadcrumb\":{\"@id\":\"https:\\\/\\\/www.becker-medsolutions.eu\\\/med\\\/bewerbungen-anfragen\\\/?lang=hu#breadcrumb\"},\"inLanguage\":\"de\",\"potentialAction\":[{\"@type\":\"ReadAction\",\"target\":[\"https:\\\/\\\/www.becker-medsolutions.eu\\\/med\\\/bewerbungen-anfragen\\\/?lang=hu\"]}]},{\"@type\":\"BreadcrumbList\",\"@id\":\"https:\\\/\\\/www.becker-medsolutions.eu\\\/med\\\/bewerbungen-anfragen\\\/?lang=hu#breadcrumb\",\"itemListElement\":[{\"@type\":\"ListItem\",\"position\":1,\"name\":\"Startseite\",\"item\":\"https:\\\/\\\/www.becker-medsolutions.eu\\\/med\\\/home\\\/\"},{\"@type\":\"ListItem\",\"position\":2,\"name\":\"Application &#038; Inquiry &#8211; Bemutatkoz\u00e1s \u00e9s \u00e9rdekl\u0151d\u00e9s\"}]},{\"@type\":\"WebSite\",\"@id\":\"https:\\\/\\\/www.becker-medsolutions.eu\\\/med\\\/#website\",\"url\":\"https:\\\/\\\/www.becker-medsolutions.eu\\\/med\\\/\",\"name\":\"Becker Medical Human Solutions\",\"description\":\"Wir vermitteln europaweit medizinisches Personal &amp; bieten Training f\u00fcr Unternehmen und Mitarbeiter\",\"potentialAction\":[{\"@type\":\"SearchAction\",\"target\":{\"@type\":\"EntryPoint\",\"urlTemplate\":\"https:\\\/\\\/www.becker-medsolutions.eu\\\/med\\\/?s={search_term_string}\"},\"query-input\":{\"@type\":\"PropertyValueSpecification\",\"valueRequired\":true,\"valueName\":\"search_term_string\"}}],\"inLanguage\":\"de\"}]}<\/script>\n<!-- \/ Yoast SEO plugin. -->","yoast_head_json":{"title":"Application & Inquiry - Bemutatkoz\u00e1s \u00e9s \u00e9rdekl\u0151d\u00e9s - Becker Medical Human Solutions","robots":{"index":"index","follow":"follow","max-snippet":"max-snippet:-1","max-image-preview":"max-image-preview:large","max-video-preview":"max-video-preview:-1"},"canonical":"https:\/\/www.becker-medsolutions.eu\/med\/bewerbungen-anfragen\/?lang=hu","og_locale":"de_DE","og_type":"article","og_title":"Application & Inquiry - Bemutatkoz\u00e1s \u00e9s \u00e9rdekl\u0151d\u00e9s - Becker Medical Human Solutions","og_url":"https:\/\/www.becker-medsolutions.eu\/med\/bewerbungen-anfragen\/?lang=hu","og_site_name":"Becker Medical Human Solutions","article_modified_time":"2026-03-05T10:52:25+00:00","twitter_card":"summary_large_image","twitter_misc":{"Gesch\u00e4tzte Lesezeit":"1\u00a0Minute"},"schema":{"@context":"https:\/\/schema.org","@graph":[{"@type":"WebPage","@id":"https:\/\/www.becker-medsolutions.eu\/med\/bewerbungen-anfragen\/?lang=hu","url":"https:\/\/www.becker-medsolutions.eu\/med\/bewerbungen-anfragen\/?lang=hu","name":"Application & Inquiry - Bemutatkoz\u00e1s \u00e9s \u00e9rdekl\u0151d\u00e9s - Becker Medical Human Solutions","isPartOf":{"@id":"https:\/\/www.becker-medsolutions.eu\/med\/#website"},"datePublished":"2016-08-11T10:47:02+00:00","dateModified":"2026-03-05T10:52:25+00:00","breadcrumb":{"@id":"https:\/\/www.becker-medsolutions.eu\/med\/bewerbungen-anfragen\/?lang=hu#breadcrumb"},"inLanguage":"de","potentialAction":[{"@type":"ReadAction","target":["https:\/\/www.becker-medsolutions.eu\/med\/bewerbungen-anfragen\/?lang=hu"]}]},{"@type":"BreadcrumbList","@id":"https:\/\/www.becker-medsolutions.eu\/med\/bewerbungen-anfragen\/?lang=hu#breadcrumb","itemListElement":[{"@type":"ListItem","position":1,"name":"Startseite","item":"https:\/\/www.becker-medsolutions.eu\/med\/home\/"},{"@type":"ListItem","position":2,"name":"Application &#038; Inquiry &#8211; Bemutatkoz\u00e1s \u00e9s \u00e9rdekl\u0151d\u00e9s"}]},{"@type":"WebSite","@id":"https:\/\/www.becker-medsolutions.eu\/med\/#website","url":"https:\/\/www.becker-medsolutions.eu\/med\/","name":"Becker Medical Human Solutions","description":"Wir vermitteln europaweit medizinisches Personal &amp; bieten Training f\u00fcr Unternehmen und Mitarbeiter","potentialAction":[{"@type":"SearchAction","target":{"@type":"EntryPoint","urlTemplate":"https:\/\/www.becker-medsolutions.eu\/med\/?s={search_term_string}"},"query-input":{"@type":"PropertyValueSpecification","valueRequired":true,"valueName":"search_term_string"}}],"inLanguage":"de"}]}},"_links":{"self":[{"href":"https:\/\/www.becker-medsolutions.eu\/med\/wp-json\/wp\/v2\/pages\/610","targetHints":{"allow":["GET"]}}],"collection":[{"href":"https:\/\/www.becker-medsolutions.eu\/med\/wp-json\/wp\/v2\/pages"}],"about":[{"href":"https:\/\/www.becker-medsolutions.eu\/med\/wp-json\/wp\/v2\/types\/page"}],"author":[{"embeddable":true,"href":"https:\/\/www.becker-medsolutions.eu\/med\/wp-json\/wp\/v2\/users\/1"}],"replies":[{"embeddable":true,"href":"https:\/\/www.becker-medsolutions.eu\/med\/wp-json\/wp\/v2\/comments?post=610"}],"version-history":[{"count":5,"href":"https:\/\/www.becker-medsolutions.eu\/med\/wp-json\/wp\/v2\/pages\/610\/revisions"}],"predecessor-version":[{"id":2983,"href":"https:\/\/www.becker-medsolutions.eu\/med\/wp-json\/wp\/v2\/pages\/610\/revisions\/2983"}],"wp:attachment":[{"href":"https:\/\/www.becker-medsolutions.eu\/med\/wp-json\/wp\/v2\/media?parent=610"}],"curies":[{"name":"wp","href":"https:\/\/api.w.org\/{rel}","templated":true}]}}