{"id":753,"date":"2016-09-17T00:02:55","date_gmt":"2016-09-16T22:02:55","guid":{"rendered":"http:\/\/www.becker-medsolutions.eu\/med\/?page_id=753&#038;lang=sl"},"modified":"2026-03-03T21:31:07","modified_gmt":"2026-03-03T20:31:07","slug":"wir-vermitteln-za-kanidate","status":"publish","type":"page","link":"https:\/\/www.becker-medsolutions.eu\/med\/wir-vermitteln-za-kanidate\/?lang=sl","title":{"rendered":"Wir vermitteln  &#8211; Za kanidate"},"content":{"rendered":"\n<style type=\"text\/css\" data-created_by=\"avia_inline_auto\" id=\"style-css-av-mmb0j9qa-bc95d85351e0c3432db6263271cd8e1e\">\n.avia-image-container.av-mmb0j9qa-bc95d85351e0c3432db6263271cd8e1e .av-image-caption-overlay-center{\ncolor:#ffffff;\n}\n<\/style>\n<div  class='avia-image-container av-mmb0j9qa-bc95d85351e0c3432db6263271cd8e1e av-styling-no-styling avia-align-center  avia-builder-el-0  el_before_av_hr  avia-builder-el-first '  itemprop=\"image\" itemscope=\"itemscope\" itemtype=\"https:\/\/schema.org\/ImageObject\" ><div class=\"avia-image-container-inner\"><div class=\"avia-image-overlay-wrap\"><img decoding=\"async\" class='wp-image-3028 avia-img-lazy-loading-not-3028 avia_image' src=\"https:\/\/www.becker-medsolutions.eu\/med\/wp-content\/uploads\/wir-vermitteln.jpg\" alt='' title='wir vermitteln'  height=\"430\" width=\"1500\"  itemprop=\"thumbnailUrl\" srcset=\"https:\/\/www.becker-medsolutions.eu\/med\/wp-content\/uploads\/wir-vermitteln.jpg 1500w, https:\/\/www.becker-medsolutions.eu\/med\/wp-content\/uploads\/wir-vermitteln-300x86.jpg 300w, https:\/\/www.becker-medsolutions.eu\/med\/wp-content\/uploads\/wir-vermitteln-1030x295.jpg 1030w, https:\/\/www.becker-medsolutions.eu\/med\/wp-content\/uploads\/wir-vermitteln-768x220.jpg 768w, https:\/\/www.becker-medsolutions.eu\/med\/wp-content\/uploads\/wir-vermitteln-705x202.jpg 705w, https:\/\/www.becker-medsolutions.eu\/med\/wp-content\/uploads\/wir-vermitteln-350x100.jpg 350w\" sizes=\"(max-width: 1500px) 100vw, 1500px\" \/><\/div><\/div><\/div>\n\n<style type=\"text\/css\" data-created_by=\"avia_inline_auto\" id=\"style-css-av-av_hr-0688d0b0b6ed2f8b057db7a8270206df\">\n#top .hr.hr-invisible.av-av_hr-0688d0b0b6ed2f8b057db7a8270206df{\nheight:50px;\n}\n<\/style>\n<div  class='hr av-av_hr-0688d0b0b6ed2f8b057db7a8270206df hr-invisible  avia-builder-el-1  el_after_av_image  el_before_av_one_third '><span class='hr-inner '><span class=\"hr-inner-style\"><\/span><\/span><\/div>\n\n<style type=\"text\/css\" data-created_by=\"avia_inline_auto\" id=\"style-css-av-av_one_third-996cb3e291542f0ab2a625e4a74dfd5d\">\n.flex_column.av-av_one_third-996cb3e291542f0ab2a625e4a74dfd5d{\nborder-radius:0px 0px 0px 0px;\n-webkit-border-radius:0px 0px 0px 0px;\n-moz-border-radius:0px 0px 0px 0px;\npadding:20px 20px 20px 20px;\nbackground-color:#f5f5f5;\n}\n<\/style>\n<div class='flex_column av-av_one_third-996cb3e291542f0ab2a625e4a74dfd5d av_one_third  avia-builder-el-2  el_after_av_hr  el_before_av_two_third  first flex_column_div '   ><section  class='av_textblock_section av-av_textblock-0366cc7376be6c9e82a3e9cc8987b64f'  itemscope=\"itemscope\" itemtype=\"https:\/\/schema.org\/CreativeWork\" ><div class='avia_textblock'  itemprop=\"text\" ><h2>Contact<\/h2>\n<p>If you would like more information or would like to apply for a position, please contact me.<\/p>\n<p><img loading=\"lazy\" decoding=\"async\" class=\"alignnone wp-image-312 size-large\" src=\"https:\/\/www.becker-medsolutions.eu\/med\/wp-content\/uploads\/Niki-Becker-1-f\u00fcr-Personalentwicklung-Kontakt-x-1024x739.jpg\" width=\"1024\" height=\"739\" srcset=\"https:\/\/www.becker-medsolutions.eu\/med\/wp-content\/uploads\/Niki-Becker-1-f\u00fcr-Personalentwicklung-Kontakt-x-1024x739.jpg 1024w, https:\/\/www.becker-medsolutions.eu\/med\/wp-content\/uploads\/Niki-Becker-1-f\u00fcr-Personalentwicklung-Kontakt-x-300x217.jpg 300w, https:\/\/www.becker-medsolutions.eu\/med\/wp-content\/uploads\/Niki-Becker-1-f\u00fcr-Personalentwicklung-Kontakt-x-768x555.jpg 768w, https:\/\/www.becker-medsolutions.eu\/med\/wp-content\/uploads\/Niki-Becker-1-f\u00fcr-Personalentwicklung-Kontakt-x-1500x1083.jpg 1500w, https:\/\/www.becker-medsolutions.eu\/med\/wp-content\/uploads\/Niki-Becker-1-f\u00fcr-Personalentwicklung-Kontakt-x-705x509.jpg 705w, https:\/\/www.becker-medsolutions.eu\/med\/wp-content\/uploads\/Niki-Becker-1-f\u00fcr-Personalentwicklung-Kontakt-x-450x325.jpg 450w\" sizes=\"auto, (max-width: 1024px) 100vw, 1024px\" \/><\/p>\n<p><strong>Nikolaus Becker, MSc<\/strong><\/p>\n<p>Telephone: <span class=\"ff2 cf3 fs22\">+43 (0)1-<wbr \/>96 60 210<\/span><br \/>\nMobile: +43 (0) 664 3868000<\/p>\n<div  class='avia-button-wrap avia-button-left  avia-builder-el-4  avia-builder-el-no-sibling ' ><a href='mailto:mailto:nbecker@becker-medsolutions.eu' class='avia-button av-av_button-46cfb96ca7716131bb7df1768eec79ea avia-icon_select-no avia-size-small avia-position-left avia-color-theme-color' target=\"_blank\" rel=\"noopener noreferrer\"><span class='avia_iconbox_title' >E-Mail<\/span><\/a><\/div>\n<\/div><\/section><\/div>\n\n<style type=\"text\/css\" data-created_by=\"avia_inline_auto\" id=\"style-css-av-av_two_third-9c1d454dc06f7247226bc4e8f931daae\">\n.flex_column.av-av_two_third-9c1d454dc06f7247226bc4e8f931daae{\nborder-radius:0px 0px 0px 0px;\n-webkit-border-radius:0px 0px 0px 0px;\n-moz-border-radius:0px 0px 0px 0px;\n}\n<\/style>\n<div class='flex_column av-av_two_third-9c1d454dc06f7247226bc4e8f931daae av_two_third  avia-builder-el-5  el_after_av_one_third  avia-builder-el-last  flex_column_div av-zero-column-padding '   ><section  class='av_textblock_section av-av_textblock-0366cc7376be6c9e82a3e9cc8987b64f'  itemscope=\"itemscope\" itemtype=\"https:\/\/schema.org\/CreativeWork\" ><div class='avia_textblock'  itemprop=\"text\" ><h1>Na\u0161e storitve so namenjene osebam slede\u010dih poklicev<\/h1>\n<p><img loading=\"lazy\" decoding=\"async\" class=\"alignnone wp-image-756 \" src=\"https:\/\/www.becker-medsolutions.eu\/med\/wp-content\/uploads\/bar_big_slo.png\" width=\"447\" height=\"134\" \/><\/p>\n<h2>Posredujemo zdravnike iz naslednjih podro\u010dij:<\/h2>\n<ul>\n<li>Ste zdravnik specialist, ki stremi k dolgoro\u010dnim spremembam?<\/li>\n<li>\u017delite delati kot zdravnik specialist oz. kot vodja oddelka v tuji dr\u017eavi oz. bolni\u0161nici?<\/li>\n<li>Ste kon\u010dali \u0161tudij medicine in \u017eelite opravljati specializacijo?<\/li>\n<li>Ste iz ene od dr\u017eav Evropske unije? Kandidati izven EU potrebujejo nostrifikacijo za opravljanje poklica v \u017eeleni dr\u017eavi.<\/li>\n<\/ul>\n<h2>Posredujemo diplomirane medicinske sestre:<\/h2>\n<ul>\n<li>Ste zaklju\u010dili izobrazbo kot diplomirana medicinska sestra v Avstriji ali kateri drugi dr\u017eavi Evropske uniji in stremite k dolgoro\u010dni menjavi delovnega mesta?<\/li>\n<li>Si prizadevate dobiti slu\u017ebo v eni izmed tujih bolni\u0161nic za nedolo\u010den \u010das?<\/li>\n<\/ul>\n<h2>Strokovno osebje na podro\u010dju zasebnega zdravja:<\/h2>\n<ul>\n<li>Delate kot strokovni\/a sodelavec\/ka na zdravstvenem podro\u010dju, npr. kot diplomiran\/a medicinsko-tehni\u010dni\/a strokovni\/a sodelavec\/ka?<\/li>\n<li>Delate kot izku\u0161en\/a asistent\/ka v ordinaciji in i\u0161\u010dete novo podro\u010dje delovanja?<\/li>\n<\/ul>\n<p>\u010ce niste iz nem\u0161ko govore\u010dega podro\u010dja, je za\u017eeleno znanje nem\u0161kega jezika oz. vsaj osnovno znanje jezika, ki ga sicer lahko pred pri\u010detkom slu\u017ebe izbolj\u0161ate in nadoknadite.<\/p>\n<\/div><\/section><\/div>\n","protected":false},"excerpt":{"rendered":"","protected":false},"author":1,"featured_media":0,"parent":0,"menu_order":0,"comment_status":"closed","ping_status":"closed","template":"","meta":{"footnotes":""},"class_list":["post-753","page","type-page","status-publish","hentry"],"yoast_head":"<!-- This site is optimized with the Yoast SEO plugin v27.3 - https:\/\/yoast.com\/product\/yoast-seo-wordpress\/ -->\n<title>Wir vermitteln - Za kanidate - Becker Medical Human Solutions<\/title>\n<meta name=\"robots\" content=\"index, follow, max-snippet:-1, max-image-preview:large, max-video-preview:-1\" \/>\n<link rel=\"canonical\" href=\"https:\/\/www.becker-medsolutions.eu\/med\/wir-vermitteln-za-kanidate\/?lang=sl\" \/>\n<meta property=\"og:locale\" content=\"de_DE\" \/>\n<meta property=\"og:type\" content=\"article\" \/>\n<meta property=\"og:title\" content=\"Wir vermitteln - Za kanidate - Becker Medical Human Solutions\" \/>\n<meta property=\"og:url\" content=\"https:\/\/www.becker-medsolutions.eu\/med\/wir-vermitteln-za-kanidate\/?lang=sl\" \/>\n<meta property=\"og:site_name\" content=\"Becker Medical Human Solutions\" \/>\n<meta property=\"article:modified_time\" content=\"2026-03-03T20:31:07+00:00\" \/>\n<meta property=\"og:image\" content=\"http:\/\/www.becker-medsolutions.eu\/med\/wp-content\/uploads\/bar_big_slo.png\" \/>\n<meta name=\"twitter:card\" content=\"summary_large_image\" \/>\n<meta name=\"twitter:label1\" content=\"Gesch\u00e4tzte Lesezeit\" \/>\n\t<meta name=\"twitter:data1\" content=\"2\u00a0Minuten\" \/>\n<script type=\"application\/ld+json\" class=\"yoast-schema-graph\">{\"@context\":\"https:\\\/\\\/schema.org\",\"@graph\":[{\"@type\":\"WebPage\",\"@id\":\"https:\\\/\\\/www.becker-medsolutions.eu\\\/med\\\/wir-vermitteln-za-kanidate\\\/?lang=sl\",\"url\":\"https:\\\/\\\/www.becker-medsolutions.eu\\\/med\\\/wir-vermitteln-za-kanidate\\\/?lang=sl\",\"name\":\"Wir vermitteln - Za kanidate - Becker Medical Human Solutions\",\"isPartOf\":{\"@id\":\"https:\\\/\\\/www.becker-medsolutions.eu\\\/med\\\/#website\"},\"primaryImageOfPage\":{\"@id\":\"https:\\\/\\\/www.becker-medsolutions.eu\\\/med\\\/wir-vermitteln-za-kanidate\\\/?lang=sl#primaryimage\"},\"image\":{\"@id\":\"https:\\\/\\\/www.becker-medsolutions.eu\\\/med\\\/wir-vermitteln-za-kanidate\\\/?lang=sl#primaryimage\"},\"thumbnailUrl\":\"http:\\\/\\\/www.becker-medsolutions.eu\\\/med\\\/wp-content\\\/uploads\\\/bar_big_slo.png\",\"datePublished\":\"2016-09-16T22:02:55+00:00\",\"dateModified\":\"2026-03-03T20:31:07+00:00\",\"breadcrumb\":{\"@id\":\"https:\\\/\\\/www.becker-medsolutions.eu\\\/med\\\/wir-vermitteln-za-kanidate\\\/?lang=sl#breadcrumb\"},\"inLanguage\":\"de\",\"potentialAction\":[{\"@type\":\"ReadAction\",\"target\":[\"https:\\\/\\\/www.becker-medsolutions.eu\\\/med\\\/wir-vermitteln-za-kanidate\\\/?lang=sl\"]}]},{\"@type\":\"ImageObject\",\"inLanguage\":\"de\",\"@id\":\"https:\\\/\\\/www.becker-medsolutions.eu\\\/med\\\/wir-vermitteln-za-kanidate\\\/?lang=sl#primaryimage\",\"url\":\"http:\\\/\\\/www.becker-medsolutions.eu\\\/med\\\/wp-content\\\/uploads\\\/bar_big_slo.png\",\"contentUrl\":\"http:\\\/\\\/www.becker-medsolutions.eu\\\/med\\\/wp-content\\\/uploads\\\/bar_big_slo.png\"},{\"@type\":\"BreadcrumbList\",\"@id\":\"https:\\\/\\\/www.becker-medsolutions.eu\\\/med\\\/wir-vermitteln-za-kanidate\\\/?lang=sl#breadcrumb\",\"itemListElement\":[{\"@type\":\"ListItem\",\"position\":1,\"name\":\"Startseite\",\"item\":\"https:\\\/\\\/www.becker-medsolutions.eu\\\/med\\\/home\\\/\"},{\"@type\":\"ListItem\",\"position\":2,\"name\":\"Wir vermitteln &#8211; Za kanidate\"}]},{\"@type\":\"WebSite\",\"@id\":\"https:\\\/\\\/www.becker-medsolutions.eu\\\/med\\\/#website\",\"url\":\"https:\\\/\\\/www.becker-medsolutions.eu\\\/med\\\/\",\"name\":\"Becker Medical Human Solutions\",\"description\":\"Wir vermitteln europaweit medizinisches Personal &amp; bieten Training f\u00fcr Unternehmen und Mitarbeiter\",\"potentialAction\":[{\"@type\":\"SearchAction\",\"target\":{\"@type\":\"EntryPoint\",\"urlTemplate\":\"https:\\\/\\\/www.becker-medsolutions.eu\\\/med\\\/?s={search_term_string}\"},\"query-input\":{\"@type\":\"PropertyValueSpecification\",\"valueRequired\":true,\"valueName\":\"search_term_string\"}}],\"inLanguage\":\"de\"}]}<\/script>\n<!-- \/ Yoast SEO plugin. -->","yoast_head_json":{"title":"Wir vermitteln - Za kanidate - Becker Medical Human Solutions","robots":{"index":"index","follow":"follow","max-snippet":"max-snippet:-1","max-image-preview":"max-image-preview:large","max-video-preview":"max-video-preview:-1"},"canonical":"https:\/\/www.becker-medsolutions.eu\/med\/wir-vermitteln-za-kanidate\/?lang=sl","og_locale":"de_DE","og_type":"article","og_title":"Wir vermitteln - Za kanidate - Becker Medical Human Solutions","og_url":"https:\/\/www.becker-medsolutions.eu\/med\/wir-vermitteln-za-kanidate\/?lang=sl","og_site_name":"Becker Medical Human Solutions","article_modified_time":"2026-03-03T20:31:07+00:00","og_image":[{"url":"http:\/\/www.becker-medsolutions.eu\/med\/wp-content\/uploads\/bar_big_slo.png","type":"","width":"","height":""}],"twitter_card":"summary_large_image","twitter_misc":{"Gesch\u00e4tzte Lesezeit":"2\u00a0Minuten"},"schema":{"@context":"https:\/\/schema.org","@graph":[{"@type":"WebPage","@id":"https:\/\/www.becker-medsolutions.eu\/med\/wir-vermitteln-za-kanidate\/?lang=sl","url":"https:\/\/www.becker-medsolutions.eu\/med\/wir-vermitteln-za-kanidate\/?lang=sl","name":"Wir vermitteln - Za kanidate - Becker Medical Human Solutions","isPartOf":{"@id":"https:\/\/www.becker-medsolutions.eu\/med\/#website"},"primaryImageOfPage":{"@id":"https:\/\/www.becker-medsolutions.eu\/med\/wir-vermitteln-za-kanidate\/?lang=sl#primaryimage"},"image":{"@id":"https:\/\/www.becker-medsolutions.eu\/med\/wir-vermitteln-za-kanidate\/?lang=sl#primaryimage"},"thumbnailUrl":"http:\/\/www.becker-medsolutions.eu\/med\/wp-content\/uploads\/bar_big_slo.png","datePublished":"2016-09-16T22:02:55+00:00","dateModified":"2026-03-03T20:31:07+00:00","breadcrumb":{"@id":"https:\/\/www.becker-medsolutions.eu\/med\/wir-vermitteln-za-kanidate\/?lang=sl#breadcrumb"},"inLanguage":"de","potentialAction":[{"@type":"ReadAction","target":["https:\/\/www.becker-medsolutions.eu\/med\/wir-vermitteln-za-kanidate\/?lang=sl"]}]},{"@type":"ImageObject","inLanguage":"de","@id":"https:\/\/www.becker-medsolutions.eu\/med\/wir-vermitteln-za-kanidate\/?lang=sl#primaryimage","url":"http:\/\/www.becker-medsolutions.eu\/med\/wp-content\/uploads\/bar_big_slo.png","contentUrl":"http:\/\/www.becker-medsolutions.eu\/med\/wp-content\/uploads\/bar_big_slo.png"},{"@type":"BreadcrumbList","@id":"https:\/\/www.becker-medsolutions.eu\/med\/wir-vermitteln-za-kanidate\/?lang=sl#breadcrumb","itemListElement":[{"@type":"ListItem","position":1,"name":"Startseite","item":"https:\/\/www.becker-medsolutions.eu\/med\/home\/"},{"@type":"ListItem","position":2,"name":"Wir vermitteln &#8211; Za kanidate"}]},{"@type":"WebSite","@id":"https:\/\/www.becker-medsolutions.eu\/med\/#website","url":"https:\/\/www.becker-medsolutions.eu\/med\/","name":"Becker Medical Human Solutions","description":"Wir vermitteln europaweit medizinisches Personal &amp; bieten Training f\u00fcr Unternehmen und Mitarbeiter","potentialAction":[{"@type":"SearchAction","target":{"@type":"EntryPoint","urlTemplate":"https:\/\/www.becker-medsolutions.eu\/med\/?s={search_term_string}"},"query-input":{"@type":"PropertyValueSpecification","valueRequired":true,"valueName":"search_term_string"}}],"inLanguage":"de"}]}},"_links":{"self":[{"href":"https:\/\/www.becker-medsolutions.eu\/med\/wp-json\/wp\/v2\/pages\/753","targetHints":{"allow":["GET"]}}],"collection":[{"href":"https:\/\/www.becker-medsolutions.eu\/med\/wp-json\/wp\/v2\/pages"}],"about":[{"href":"https:\/\/www.becker-medsolutions.eu\/med\/wp-json\/wp\/v2\/types\/page"}],"author":[{"embeddable":true,"href":"https:\/\/www.becker-medsolutions.eu\/med\/wp-json\/wp\/v2\/users\/1"}],"replies":[{"embeddable":true,"href":"https:\/\/www.becker-medsolutions.eu\/med\/wp-json\/wp\/v2\/comments?post=753"}],"version-history":[{"count":5,"href":"https:\/\/www.becker-medsolutions.eu\/med\/wp-json\/wp\/v2\/pages\/753\/revisions"}],"predecessor-version":[{"id":3036,"href":"https:\/\/www.becker-medsolutions.eu\/med\/wp-json\/wp\/v2\/pages\/753\/revisions\/3036"}],"wp:attachment":[{"href":"https:\/\/www.becker-medsolutions.eu\/med\/wp-json\/wp\/v2\/media?parent=753"}],"curies":[{"name":"wp","href":"https:\/\/api.w.org\/{rel}","templated":true}]}}